{"id":171633,"date":"2024-02-16T10:18:48","date_gmt":"2024-02-16T09:18:48","guid":{"rendered":"https:\/\/pizbube.ch\/?post_type=product&#038;p=171633"},"modified":"2024-02-16T10:20:01","modified_gmt":"2024-02-16T09:20:01","slug":"sinneslandschaften-der-alpen-fuehlen-schmecken-riechen-hoeren-sehen","status":"publish","type":"product","link":"https:\/\/pizbube.ch\/en\/shop\/sinneslandschaften-der-alpen-fuehlen-schmecken-riechen-hoeren-sehen\/","title":{"rendered":"Sinneslandschaften der Alpen: F\u00fchlen, Schmecken, Riechen, H\u00f6ren, Sehen"},"content":{"rendered":"<p>Wie f\u00fchlen sich die europ\u00e4ischen Alpen hautnah an? Welches k\u00f6nnte ihr Geschmack und Geruch sein? Und was l\u00e4sst sich zu auditiven und visuellen Eindr\u00fccken dieser gro\u00dfen Landschaft sagen?<\/p>\n<p>Dieses Buch zeichnet die sinnliche Wahrnehmung der Alpen in Geschichte und Gegenwart nach. In den letzten Jahrzehnten hat sich das wissenschaftliche und gesellschaftliche Interesse am Reichtum und an der Vielfalt menschlicher Wahrnehmungen verst\u00e4rkt. Dazu trug auch die Umweltproblematik bei, die unter der Perspektive des Sinnlichen in unmittelbarer Weise f\u00fchlbar wird. Im Alpenraum reagieren verschiedene politische und kulturelle Akteur:innen kreativ auf die Umweltver\u00e4nderungen und die neuen Sensibilit\u00e4ten.<\/p>\n<p>Das vorliegende Buch nimmt diesen Trend auf und untersucht die sinnliche Wahrnehmung der europ\u00e4ischen Alpen in Geschichte und Gegenwart. F\u00fchlen, Schmecken, Riechen, H\u00f6ren, Sehen \u2013 f\u00fcnf renommierte Autor:innen gehen diesen Themen auf ebenso eigene wie wissenschaftlich informierte Weise nach. Daraus ergibt sich ein facettenreiches Gesamtbild einer gro\u00dfen Landschaft zwischen vorgefertigtem Image und dem Reich der Sinne.<\/p>","protected":false},"excerpt":{"rendered":"<p>Wie f\u00fchlen sich die europ\u00e4ischen Alpen hautnah an? Welches k\u00f6nnte ihr Geschmack und Geruch sein? Und was l\u00e4sst sich zu auditiven und visuellen Eindr\u00fccken dieser gro\u00dfen Landschaft sagen? Dieses Buch zeichnet die sinnliche Wahrnehmung der Alpen in Geschichte und Gegenwart nach. In den letzten Jahrzehnten hat sich das wissenschaftliche und gesellschaftliche Interesse am Reichtum und [&#8230;]\n","protected":false},"featured_media":171634,"template":"","meta":[],"product_brand":[],"product_cat":[21542],"product_tag":[],"class_list":{"0":"post-171633","1":"product","2":"type-product","3":"status-publish","4":"has-post-thumbnail","6":"product_cat-sachbuecher-dokumentationen","7":"pa_autor-valsangiacomo-hg-mathieu-hg","8":"pa_erscheinungsjahr-27013","9":"pa_region-deutschland","10":"pa_sprache-de","12":"first","13":"instock","14":"taxable","15":"shipping-taxable","16":"purchasable","17":"product-type-simple"},"_links":{"self":[{"href":"https:\/\/pizbube.ch\/en\/wp-json\/wp\/v2\/product\/171633","targetHints":{"allow":["GET"]}}],"collection":[{"href":"https:\/\/pizbube.ch\/en\/wp-json\/wp\/v2\/product"}],"about":[{"href":"https:\/\/pizbube.ch\/en\/wp-json\/wp\/v2\/types\/product"}],"wp:featuredmedia":[{"embeddable":true,"href":"https:\/\/pizbube.ch\/en\/wp-json\/wp\/v2\/media\/171634"}],"wp:attachment":[{"href":"https:\/\/pizbube.ch\/en\/wp-json\/wp\/v2\/media?parent=171633"}],"wp:term":[{"taxonomy":"product_brand","embeddable":true,"href":"https:\/\/pizbube.ch\/en\/wp-json\/wp\/v2\/product_brand?post=171633"},{"taxonomy":"product_cat","embeddable":true,"href":"https:\/\/pizbube.ch\/en\/wp-json\/wp\/v2\/product_cat?post=171633"},{"taxonomy":"product_tag","embeddable":true,"href":"https:\/\/pizbube.ch\/en\/wp-json\/wp\/v2\/product_tag?post=171633"}],"curies":[{"name":"wp","href":"https:\/\/api.w.org\/{rel}","templated":true}]}}