{"id":171653,"date":"2024-02-16T17:17:25","date_gmt":"2024-02-16T16:17:25","guid":{"rendered":"https:\/\/pizbube.ch\/?post_type=product&#038;p=171653"},"modified":"2024-05-08T11:32:24","modified_gmt":"2024-05-08T09:32:24","slug":"himmlisches-schneevergnuegen-skitourenparadiese-in-oesterreich-und-suedtirol","status":"publish","type":"product","link":"https:\/\/pizbube.ch\/en\/shop\/himmlisches-schneevergnuegen-skitourenparadiese-in-oesterreich-und-suedtirol\/","title":{"rendered":"Himmlisches Schneevergn\u00fcgen &#8211; Skitourenparadiese in \u00d6sterreich und S\u00fcdtirol."},"content":{"rendered":"<p>Ein Bildband zum Tr\u00e4umen und Planen. Mit inspirierenden Tourentipps<\/p>\n<p>Urspr\u00fcngliche Bergt\u00e4ler abseits des Rummels, dazu gem\u00fctliche Unterk\u00fcnfte und eine gro\u00dfe Auswahl an lohnenden, weitgehend schneesicheren Routen und Gipfeln \u2013 so schaut das Paradies f\u00fcr Skitourengeher:innen aus. Zum Gl\u00fcck gibt es sie noch, diese Orte der Alpen, wo der Schnee nur vom Himmel f\u00e4llt und die Natur im Mittelpunkt steht.<br \/>\nDazu z\u00e4hlen Talschaften wie das Gro\u00dfe Walsertal, das Salzburger Saalachtal oder der Bregenzerwald und eine Vielzahl ausgewiesener Bergsteigerd\u00f6rfer wie Johnsbach im Ges\u00e4use, Villgraten in Osttirol oder Lungiar\u00fc in den Dolomiten, die schon seit Jahren ausschlie\u00dflich vom sanften Tourismus leben.<\/p>\n<p>Dieses reich bebilderte Buch pr\u00e4sentiert 22 dieser au\u00dfergew\u00f6hnlichen Wintersport-Destinationen in \u00d6sterreich und S\u00fcdtirol: Regionen, in denen Skitourengeher:innen h\u00f6chst willkommen sind und die mit einer gro\u00dfen Tourenauswahl f\u00fcr Einsteiger:innen und Genie\u00dfer:innen punkten.<\/p>\n<p>Faktenreiche Reportagen beschreiben die Besonderheiten der unterschiedlichen Ziele und informieren dar\u00fcber, was uns vor Ort erwartet. Pro Kapitel werden durchschnittlich drei bis f\u00fcnf Tourentipps pr\u00e4sentiert. \u00dcbersichtskarten und Infobl\u00f6cke mit allen wichtigen Fakten zu Lage, Anreise, Tourenm\u00f6glichkeiten und -schwierigkeiten erm\u00f6glichen die individuelle Tourenplanung. Alles in allem ein Coffee Table Book, das Lust macht auf die n\u00e4chste Auszeit im Winterwunderland und aufzeigt, wo es zu finden ist.<\/p>\n<p>Das attraktive Coffee Table Book f\u00fcr die wachsende Skitouren-Zielgruppe<br \/>\nverfasst von einem ausgewiesenen Skitourenspezialisten<br \/>\n22 Gebietsreportagen mit ca. 75 Tourenbeschreibungen<br \/>\nLohnende Ziele in allen Schwierigkeitsgraden<br \/>\n\u00fcbersichtliches, ansprechendes Layout und animierende Fotos<\/p>\n<p>Hardcover<br \/>\n192 Seiten; 261 farb. Abbildungen, 23 \u00dcbersichtskarten; 29 cm x 24 cm<br \/>\n1. Auflage<\/p>","protected":false},"excerpt":{"rendered":"<p>Ein Bildband zum Tr\u00e4umen und Planen. Mit inspirierenden Tourentipps Urspr\u00fcngliche Bergt\u00e4ler abseits des Rummels, dazu gem\u00fctliche Unterk\u00fcnfte und eine gro\u00dfe Auswahl an lohnenden, weitgehend schneesicheren Routen und Gipfeln \u2013 so schaut das Paradies f\u00fcr Skitourengeher:innen aus. Zum Gl\u00fcck gibt es sie noch, diese Orte der Alpen, wo der Schnee nur vom Himmel f\u00e4llt und die [&#8230;]\n","protected":false},"featured_media":171654,"template":"","meta":[],"product_brand":[],"product_cat":[21540,21542],"product_tag":[],"class_list":{"0":"post-171653","1":"product","2":"type-product","3":"status-publish","4":"has-post-thumbnail","6":"product_cat-fuehrerliteratur-alpin-winter","7":"product_cat-sachbuecher-dokumentationen","8":"pa_autor-herbke","9":"pa_erscheinungsjahr-27339","10":"pa_region-italien","11":"pa_region-oesterreich","12":"pa_sprache-de","14":"first","15":"instock","16":"taxable","17":"shipping-taxable","18":"purchasable","19":"product-type-simple"},"_links":{"self":[{"href":"https:\/\/pizbube.ch\/en\/wp-json\/wp\/v2\/product\/171653","targetHints":{"allow":["GET"]}}],"collection":[{"href":"https:\/\/pizbube.ch\/en\/wp-json\/wp\/v2\/product"}],"about":[{"href":"https:\/\/pizbube.ch\/en\/wp-json\/wp\/v2\/types\/product"}],"wp:featuredmedia":[{"embeddable":true,"href":"https:\/\/pizbube.ch\/en\/wp-json\/wp\/v2\/media\/171654"}],"wp:attachment":[{"href":"https:\/\/pizbube.ch\/en\/wp-json\/wp\/v2\/media?parent=171653"}],"wp:term":[{"taxonomy":"product_brand","embeddable":true,"href":"https:\/\/pizbube.ch\/en\/wp-json\/wp\/v2\/product_brand?post=171653"},{"taxonomy":"product_cat","embeddable":true,"href":"https:\/\/pizbube.ch\/en\/wp-json\/wp\/v2\/product_cat?post=171653"},{"taxonomy":"product_tag","embeddable":true,"href":"https:\/\/pizbube.ch\/en\/wp-json\/wp\/v2\/product_tag?post=171653"}],"curies":[{"name":"wp","href":"https:\/\/api.w.org\/{rel}","templated":true}]}}