{"id":171707,"date":"2024-02-22T14:04:56","date_gmt":"2024-02-22T13:04:56","guid":{"rendered":"https:\/\/pizbube.ch\/?post_type=product&#038;p=171707"},"modified":"2024-08-20T12:46:43","modified_gmt":"2024-08-20T10:46:43","slug":"sportkletterfuehrer-allgaeu-rock-2","status":"publish","type":"product","link":"https:\/\/pizbube.ch\/en\/shop\/sportkletterfuehrer-allgaeu-rock-2\/","title":{"rendered":"Sportkletterf\u00fchrer ALLG\u00c4U-ROCK"},"content":{"rendered":"<p>Oberallg\u00e4u \u2022 Ostallg\u00e4u \u2022 Vils\/Tirol \u2022 Tannheimer Tal \u2022 K\u00e4nzele \u2022 Unterallg\u00e4u<\/p>\n<p>Oberallg\u00e4u, Ostallg\u00e4u sowie der Raum Vils\/Tirol, das Tannheimer Tal, das K\u00e4nzele bei Bregenz sowie das Gebiet Bock im Unterallg\u00e4u kompakt in einem Buch.<\/p>\n<p>P\u00fcnktlich zur Fr\u00fchjahrssaison 2024 erscheint die neunte stark \u00fcberarbeitete Neuauflage des Buches, die jede Menge Neuigkeiten beinhaltet. Alleine im Oberallg\u00e4u werden 7 neue W\u00e4nde vorgestellt. Zusammen mit intensiven Nacherschlie\u00dfungen an der Kellerwand, der Zeckenwand, der Voglerwand, an der Hinterkirche am Steineberg, in Tiefenbach und der Starzlachklamm werden so im Oberallg\u00e4u \u00fcber 170 neue Routen vorgestellt. Zwischen Vils, Tannheimer Tal und Oberallg\u00e4u kommen in dieser Auflage sogar insgesamt \u00fcber 200 Neutouren zusammen.<\/p>\n<p>Neu sind au\u00dferdem QR-Codes f\u00fcr die Navigation zu den Parkpl\u00e4tzen sowie weitere interessante neue Informationen, zum Beispiel, wie denn die ganzen Routen im Allg\u00e4u entstehen.<\/p>\n<p>Die kontinuierliche Entwicklung des Allg\u00e4us sowie der angrenzenden Gebiete zu einer der bedeutendsten Kletterregionen Deutschlands\/\u00d6sterreichs geht also weiter. Das ansprechende Farblayout und die gro\u00dfz\u00fcgige Bebilderung machen Lust auf dieses tolle und quicklebendige Sportklettergebiet im Herzen einer der sch\u00f6nsten Urlaubsregionen Deutschlands und \u00d6sterreichs!<\/p>\n<ul>\n<li>Handgezeichnete, detailgetreue Topos<\/li>\n<li>Teilweise Foto-Topos<\/li>\n<li>Sterne-Bewertung der Felsen<\/li>\n<li><strong>7 neue Gebiete<\/strong><\/li>\n<li><strong>\u00dcber 200 neue Routen <\/strong><\/li>\n<li>Insgesamt 93 Gebiete mit \u00fcber 2400 Routen<\/li>\n<li>Info zu Sanierungen<\/li>\n<li>352 Seiten komplett in Farbe<\/li>\n<li>Viele Bilder im Innenteil<\/li>\n<li>Exakte Zugangsbeschreibungen<\/li>\n<li>Detaillierte Zustiegsskizzen<\/li>\n<li><strong>Neu:<\/strong> QR-Codes f\u00fcr die Navigation zum Parkplatz<\/li>\n<li>Farbige Symbole, GPS Koordinaten u. v. m.<\/li>\n<\/ul>\n<p>&nbsp;<\/p>\n<p><span class=\"txt_e\">The new edition of the sportclimbing guidebook for the region, detailed and very complete!<br \/>\nWith info to re-boltes lines and new routes as well as precious insider-info this book is a &#171;must&#187; also for Allg\u00e4u-experts!<br \/>\nFor visitors the book helps to get informations about overnight accomodation.<\/span><\/p>\n<ul>\n<li><span class=\"txt_e\">Handdrawn, detailed topos<\/span><\/li>\n<li><span class=\"txt_e\">Photo topos for some crags<\/span><\/li>\n<li><span class=\"txt_e\">Stars for cliffs<\/span><\/li>\n<li><span class=\"txt_e\"><strong>7 new areas<\/strong><\/span><\/li>\n<li><span class=\"txt_e\"><strong>More than 200 new routes<\/strong><\/span><\/li>\n<li><span class=\"txt_e\">Altogether 93 areas with <\/span><span class=\"txt_e\">more than 2400 routes <\/span><\/li>\n<li><span class=\"txt_e\">Info to re-bolted lines\/areas<\/span><\/li>\n<li><span class=\"txt_e\">352 pages completely in colour<\/span><\/li>\n<li><span class=\"txt_e\">Including many photos<\/span><\/li>\n<li><span class=\"txt_e\">Exact access information<\/span><\/li>\n<li><span class=\"txt_e\">Detailed access maps<\/span><\/li>\n<li><span class=\"txt_e\"><strong>New:<\/strong> QR-codes for navigation to the parking<\/span><\/li>\n<li><span class=\"txt_e\">Colour-symbols, GPS coordinates and a lot more&#8230;<\/span><\/li>\n<\/ul>","protected":false},"excerpt":{"rendered":"<p>Oberallg\u00e4u \u2022 Ostallg\u00e4u \u2022 Vils\/Tirol \u2022 Tannheimer Tal \u2022 K\u00e4nzele \u2022 Unterallg\u00e4u Oberallg\u00e4u, Ostallg\u00e4u sowie der Raum Vils\/Tirol, das Tannheimer Tal, das K\u00e4nzele bei Bregenz sowie das Gebiet Bock im Unterallg\u00e4u kompakt in einem Buch. P\u00fcnktlich zur Fr\u00fchjahrssaison 2024 erscheint die neunte stark \u00fcberarbeitete Neuauflage des Buches, die jede Menge Neuigkeiten beinhaltet. Alleine im Oberallg\u00e4u [&#8230;]\n","protected":false},"featured_media":171711,"template":"","meta":[],"product_brand":[],"product_cat":[21539],"product_tag":[27405],"class_list":{"0":"post-171707","1":"product","2":"type-product","3":"status-publish","4":"has-post-thumbnail","6":"product_cat-fuehrerliteratur-sportklettern-bouldern","7":"product_tag-allgaeurock","8":"pa_autor-roeker","9":"pa_erscheinungsjahr-27339","10":"pa_region-deutschland","11":"pa_sprache-de-en","13":"first","14":"instock","15":"taxable","16":"shipping-taxable","17":"purchasable","18":"product-type-simple"},"_links":{"self":[{"href":"https:\/\/pizbube.ch\/en\/wp-json\/wp\/v2\/product\/171707","targetHints":{"allow":["GET"]}}],"collection":[{"href":"https:\/\/pizbube.ch\/en\/wp-json\/wp\/v2\/product"}],"about":[{"href":"https:\/\/pizbube.ch\/en\/wp-json\/wp\/v2\/types\/product"}],"wp:featuredmedia":[{"embeddable":true,"href":"https:\/\/pizbube.ch\/en\/wp-json\/wp\/v2\/media\/171711"}],"wp:attachment":[{"href":"https:\/\/pizbube.ch\/en\/wp-json\/wp\/v2\/media?parent=171707"}],"wp:term":[{"taxonomy":"product_brand","embeddable":true,"href":"https:\/\/pizbube.ch\/en\/wp-json\/wp\/v2\/product_brand?post=171707"},{"taxonomy":"product_cat","embeddable":true,"href":"https:\/\/pizbube.ch\/en\/wp-json\/wp\/v2\/product_cat?post=171707"},{"taxonomy":"product_tag","embeddable":true,"href":"https:\/\/pizbube.ch\/en\/wp-json\/wp\/v2\/product_tag?post=171707"}],"curies":[{"name":"wp","href":"https:\/\/api.w.org\/{rel}","templated":true}]}}