{"id":171726,"date":"2024-02-23T11:55:19","date_gmt":"2024-02-23T10:55:19","guid":{"rendered":"https:\/\/pizbube.ch\/?post_type=product&#038;p=171726"},"modified":"2024-02-23T12:02:04","modified_gmt":"2024-02-23T11:02:04","slug":"sinai-climbing","status":"publish","type":"product","link":"https:\/\/pizbube.ch\/en\/shop\/sinai-climbing\/","title":{"rendered":"SINAI Climbing"},"content":{"rendered":"<p class=\"hrt-mb-0 p-campaign-title\">A climbing guidebook for Egypt.<\/p>\n<p>For a few years now also the climbing community has gained some momentum. While back in the day climbers were mostly drawn in by the blank mountain-sides of the greater St. Catherine area, more recently a lot of development took place also in the Wadis around Dahab, Nuweiba and Ras Sudr, near the beach resorts of the Red Sea.<\/p>\n<p>To this day printed information about these areas remains sparse and outdated. Especially the newer development in the Wadis and countless first ascents of the past 20 years are only documented in a few publications online and in very few magazines.<\/p>\n<p>Wadi Gnai, Wadi Hamam, Jebel Milehis, Wishwashy, Wadi Shellal, St. Catherine<\/p>\n<p>&nbsp;<\/p>\n<p>Timo Elony und Wolfgang Vogl haben es sich zur Aufgabe gemacht, den Klettersport im Sinai und damit auch den Tourismus zu f\u00f6rdern. Derzeit erschlie\u00dfen und sanieren sie Routen und ganze Sektoren. Der Tourismus ist eine der wenigen Einnahmequellen f\u00fcr die Menschen vor Ort. Deshalb bilden sie auch Einheimische zu Kletterguides und -trainern aus.<\/p>\n<p>Die Informationen \u00fcber die Kletterm\u00f6glichkeiten haben sie nun in einem 250 Seiten starken Topof\u00fchrer \u00fcber den Sinai f\u00fcr uns Kletterer zug\u00e4nglich gemacht. Die nach europ\u00e4ischem Standard eingerichteten Routen seien fantastisch und die Gastfreundschaft unglaublich herzlich, so die beiden Autoren.<\/p>\n<p>Der F\u00fchrer beschreibt die verschiedenen Wadis mit einleitenden Texten, \u00dcbersichtskarten, Piktogrammen und Fototopos. QR-Codes f\u00fchren zu weiteren n\u00fctzlichen Informationen. Eine ausf\u00fchrliche Einf\u00fchrung zum Reisen und zur Kultur des Sinai machen Lust auf die Reise in diese f\u00fcr viele noch unbekannte Kletterdestination.<\/p>\n<p>Folgende Gebiete werden vorgestellt:<br \/>\nWadi Gnai, Wadi Hamam, Jebel Milehis, Wishwashy, Wadi Shellal, St. Catherine sowie einige weitere Gebiete in Kurzform und Infos zum Bouldern.<\/p>\n<p>254 Seiten, 154 x 203 mm<br \/>\nin Englischer Sprache<\/p>","protected":false},"excerpt":{"rendered":"<p>A climbing guidebook for Egypt. For a few years now also the climbing community has gained some momentum. While back in the day climbers were mostly drawn in by the blank mountain-sides of the greater St. Catherine area, more recently a lot of development took place also in the Wadis around Dahab, Nuweiba and Ras [&#8230;]\n","protected":false},"featured_media":171728,"template":"","meta":[],"product_brand":[],"product_cat":[21539],"product_tag":[],"class_list":{"0":"post-171726","1":"product","2":"type-product","3":"status-publish","4":"has-post-thumbnail","6":"product_cat-fuehrerliteratur-sportklettern-bouldern","7":"pa_autor-elony-vogl","8":"pa_erscheinungsjahr-27339","9":"pa_region-aegypten","10":"pa_sprache-en","12":"first","13":"instock","14":"taxable","15":"shipping-taxable","16":"purchasable","17":"product-type-simple"},"_links":{"self":[{"href":"https:\/\/pizbube.ch\/en\/wp-json\/wp\/v2\/product\/171726","targetHints":{"allow":["GET"]}}],"collection":[{"href":"https:\/\/pizbube.ch\/en\/wp-json\/wp\/v2\/product"}],"about":[{"href":"https:\/\/pizbube.ch\/en\/wp-json\/wp\/v2\/types\/product"}],"wp:featuredmedia":[{"embeddable":true,"href":"https:\/\/pizbube.ch\/en\/wp-json\/wp\/v2\/media\/171728"}],"wp:attachment":[{"href":"https:\/\/pizbube.ch\/en\/wp-json\/wp\/v2\/media?parent=171726"}],"wp:term":[{"taxonomy":"product_brand","embeddable":true,"href":"https:\/\/pizbube.ch\/en\/wp-json\/wp\/v2\/product_brand?post=171726"},{"taxonomy":"product_cat","embeddable":true,"href":"https:\/\/pizbube.ch\/en\/wp-json\/wp\/v2\/product_cat?post=171726"},{"taxonomy":"product_tag","embeddable":true,"href":"https:\/\/pizbube.ch\/en\/wp-json\/wp\/v2\/product_tag?post=171726"}],"curies":[{"name":"wp","href":"https:\/\/api.w.org\/{rel}","templated":true}]}}