{"id":171770,"date":"2024-02-27T11:49:49","date_gmt":"2024-02-27T10:49:49","guid":{"rendered":"https:\/\/pizbube.ch\/?post_type=product&#038;p=171770"},"modified":"2024-02-27T12:12:42","modified_gmt":"2024-02-27T11:12:42","slug":"cuenca-sport-climbing-escalada-deportiva","status":"publish","type":"product","link":"https:\/\/pizbube.ch\/en\/shop\/cuenca-sport-climbing-escalada-deportiva\/","title":{"rendered":"Cuenca Sport Climbing &#8211; Escalada Deportiva"},"content":{"rendered":"<p>A new full colour A5 topo guide to the sports climbing crags of Cuenca; an area approx 180km east of the Spanish capital Madrid and lying at an altitude of about 1000 m.<\/p>\n<p>The guide contains descriptions of over 600 routes, mostly single pitch and fully equipped with bolts and lower offs. With ideal climbing conditions in the spring and autumn and all the climbing concentrated into a relatively small area this could offer a fantastic alternative to the more traditional British honey-pots of the Costa Blanca and the Costa Daurada.<\/p>\n<p>English and Spanish languages<\/p>\n<p>English and Spanish languages.<br \/>\n5th edition 2023<\/p>\n<p>&nbsp;<\/p>\n<p>En esta<strong>\u00a0nueva edici\u00f3n<\/strong>\u00a0de la gu\u00eda encontraremos m\u00e1s de\u00a0<strong>1.600 v\u00edas<\/strong>\u00a0con sus croquis detallados sobre fotos a color, iconos informativos de f\u00e1cil lectura y el check de v\u00edas.<\/p>\n<p><strong>400 p\u00e1ginas<\/strong>\u00a0de\u00a0<strong>informaci\u00f3n totalmente actualizada\u00a0<\/strong>con todos los datos de inter\u00e9s, gu\u00eda pr\u00e1ctica, descripci\u00f3n de sectores, desde la localizaci\u00f3n de los aparcamientos de cada sector hasta mapas de acceso.<\/p>\n<p><strong>Cuenca<\/strong>, sin duda alguna, es hoy por hoy una de las mejores zonas de escalada deportiva de Europa. Las rutas est\u00e1n a la altura de las necesidades de cualquier escalador: muros largos, verticales, semidesplomados y desplomes brutales. Fuerza, continuidad y resistencia, mezclados con grandes dosis de t\u00e9cnica, han hecho de Cuenca un c\u00f3ctel perfecto para disfrutar de la escalada.<\/p>\n<p>Esta nueva edici\u00f3n, totalmente actualizada, tiene <strong>200 nuevas v\u00edas<\/strong>, con croquis detallados sobre fotograf\u00edas, iconos informativos de f\u00e1cil interpretaci\u00f3n, coordenadas GPS de los aparcamientos y mapas de acceso. Tambi\u00e9n encontrar\u00e1s una completa tabla-resumen que detalla el n\u00famero de v\u00edas, grados, orientaci\u00f3n de los sectores, pies de v\u00eda m\u00e1s id\u00f3neos para los ni\u00f1os, v\u00edas recomendadas en todos los niveles y mejor \u00e9poca para escalar en cada sector.<\/p>\n<ul>\n<li>1.600 v\u00edas.<\/li>\n<li>Croquis sobre foto.<\/li>\n<li>Biling\u00fce espa\u00f1ol-ingl\u00e9s.<\/li>\n<li>Mapas de situaci\u00f3n.<\/li>\n<li>Coordenadas GPS.<\/li>\n<li>Informaci\u00f3n de sectores mediante iconos<\/li>\n<li>V\u00edas recomendadas<\/li>\n<\/ul>\n<p>&nbsp;<\/p>","protected":false},"excerpt":{"rendered":"<p>A new full colour A5 topo guide to the sports climbing crags of Cuenca; an area approx 180km east of the Spanish capital Madrid and lying at an altitude of about 1000 m. The guide contains descriptions of over 600 routes, mostly single pitch and fully equipped with bolts and lower offs. With ideal climbing [&#8230;]\n","protected":false},"featured_media":171773,"template":"","meta":[],"product_brand":[],"product_cat":[21539],"product_tag":[],"class_list":{"0":"post-171770","1":"product","2":"type-product","3":"status-publish","4":"has-post-thumbnail","6":"product_cat-fuehrerliteratur-sportklettern-bouldern","7":"pa_autor-yanez-manuel-olarte","8":"pa_erscheinungsjahr-27129","9":"pa_region-spanien","10":"pa_sprache-en-es","12":"first","13":"instock","14":"taxable","15":"shipping-taxable","16":"purchasable","17":"product-type-simple"},"_links":{"self":[{"href":"https:\/\/pizbube.ch\/en\/wp-json\/wp\/v2\/product\/171770","targetHints":{"allow":["GET"]}}],"collection":[{"href":"https:\/\/pizbube.ch\/en\/wp-json\/wp\/v2\/product"}],"about":[{"href":"https:\/\/pizbube.ch\/en\/wp-json\/wp\/v2\/types\/product"}],"wp:featuredmedia":[{"embeddable":true,"href":"https:\/\/pizbube.ch\/en\/wp-json\/wp\/v2\/media\/171773"}],"wp:attachment":[{"href":"https:\/\/pizbube.ch\/en\/wp-json\/wp\/v2\/media?parent=171770"}],"wp:term":[{"taxonomy":"product_brand","embeddable":true,"href":"https:\/\/pizbube.ch\/en\/wp-json\/wp\/v2\/product_brand?post=171770"},{"taxonomy":"product_cat","embeddable":true,"href":"https:\/\/pizbube.ch\/en\/wp-json\/wp\/v2\/product_cat?post=171770"},{"taxonomy":"product_tag","embeddable":true,"href":"https:\/\/pizbube.ch\/en\/wp-json\/wp\/v2\/product_tag?post=171770"}],"curies":[{"name":"wp","href":"https:\/\/api.w.org\/{rel}","templated":true}]}}