{"id":171780,"date":"2024-02-27T12:46:45","date_gmt":"2024-02-27T11:46:45","guid":{"rendered":"https:\/\/pizbube.ch\/?post_type=product&#038;p=171780"},"modified":"2025-10-15T11:48:53","modified_gmt":"2025-10-15T09:48:53","slug":"la-vallee-dossau-kopie","status":"publish","type":"product","link":"https:\/\/pizbube.ch\/en\/shop\/la-vallee-dossau-kopie\/","title":{"rendered":"La vall\u00e9e d`OSSAU"},"content":{"rendered":"<p>Voici la deuxi\u00e8me \u00e9dition du topo d&#8217;escalade de la vall\u00e9e d&#8217;Ossau, l&#8217;une des vall\u00e9es les plus touristiques et embl\u00e9matique des Pyr\u00e9n\u00e9es fran\u00e7aises, tant pour les grimpeurs que pour les montagnards et les excursionnistes.<\/p>\n<p>Trac\u00e9s des voies sur croquis ou photos couleur.<br \/>\n1-ARUDY<br \/>\n2-ROCHER BLANC<br \/>\n3-HOURAT<br \/>\n4-PLEYSSE<br \/>\n5-GOURETTE<br \/>\n6-LARRIBET<br \/>\n7-MI\u00c9GEBAT<br \/>\n8-ARR\u00c9MOULIT<br \/>\n9-PIC DU MIDI D\u2019OSSAU<br \/>\n10-POURTALET<\/p>\n<p>Livre broch\u00e9, souple 426 pages 3 X 14 X 19 cm<br \/>\nTexte en fran\u00e7ais et espagnol. Edition 2023<\/p>\n<p>&nbsp;<\/p>\n<p>Segunda edici\u00f3n de este libro de <strong>escalada<\/strong> del <strong>valle D&#8217;Ossau,<\/strong> uno de los valles m\u00e1s tur\u00edsticos del Pirineo Franc\u00e9s y con una monta\u00f1a que es todo un s\u00edmbolo del Pirineo, tanto para escaladores como para monta\u00f1eros y excursionistas. Su silueta impresiona desde todos los lugares donde alcancemos a admirarla.<\/p>\n<p>Han pasado 14 a\u00f1os entre una gu\u00eda y otra y algunas novedades aparecen en escena, tanto en <strong>deportiva<\/strong> como en <strong>v\u00edas de largos.<\/strong> \u00a0<strong>Luis Alfonso<\/strong> ha seleccionado tanto <strong>itinerarios<\/strong> como paredes o zonas deportivas <strong>de cierto inter\u00e9s.<\/strong><\/p>\n<p>Muchos de los itinerarios de esta gu\u00eda han sido abiertas desde abajo y est\u00e1s desequipadas o semi, por lo que se debe extremar las precauciones y no aventurarse en ellas si no se est\u00e1 por encima del nivel que sugieren los grados de dificultad.<\/p>","protected":false},"excerpt":{"rendered":"<p>Voici la deuxi\u00e8me \u00e9dition du topo d&#8217;escalade de la vall\u00e9e d&#8217;Ossau, l&#8217;une des vall\u00e9es les plus touristiques et embl\u00e9matique des Pyr\u00e9n\u00e9es fran\u00e7aises, tant pour les grimpeurs que pour les montagnards et les excursionnistes. Trac\u00e9s des voies sur croquis ou photos couleur. 1-ARUDY 2-ROCHER BLANC 3-HOURAT 4-PLEYSSE 5-GOURETTE 6-LARRIBET 7-MI\u00c9GEBAT 8-ARR\u00c9MOULIT 9-PIC DU MIDI D\u2019OSSAU 10-POURTALET [&#8230;]\n","protected":false},"featured_media":171781,"template":"","meta":[],"product_brand":[],"product_cat":[21539],"product_tag":[26950],"class_list":{"0":"post-171780","1":"product","2":"type-product","3":"status-publish","4":"has-post-thumbnail","6":"product_cat-fuehrerliteratur-sportklettern-bouldern","7":"product_tag-pyrenaeen","8":"pa_autor-alfonso-buxo","9":"pa_erscheinungsjahr-27129","10":"pa_region-frankreich","11":"pa_sprache-fr-es","13":"first","14":"instock","15":"taxable","16":"shipping-taxable","17":"purchasable","18":"product-type-simple"},"_links":{"self":[{"href":"https:\/\/pizbube.ch\/en\/wp-json\/wp\/v2\/product\/171780","targetHints":{"allow":["GET"]}}],"collection":[{"href":"https:\/\/pizbube.ch\/en\/wp-json\/wp\/v2\/product"}],"about":[{"href":"https:\/\/pizbube.ch\/en\/wp-json\/wp\/v2\/types\/product"}],"wp:featuredmedia":[{"embeddable":true,"href":"https:\/\/pizbube.ch\/en\/wp-json\/wp\/v2\/media\/171781"}],"wp:attachment":[{"href":"https:\/\/pizbube.ch\/en\/wp-json\/wp\/v2\/media?parent=171780"}],"wp:term":[{"taxonomy":"product_brand","embeddable":true,"href":"https:\/\/pizbube.ch\/en\/wp-json\/wp\/v2\/product_brand?post=171780"},{"taxonomy":"product_cat","embeddable":true,"href":"https:\/\/pizbube.ch\/en\/wp-json\/wp\/v2\/product_cat?post=171780"},{"taxonomy":"product_tag","embeddable":true,"href":"https:\/\/pizbube.ch\/en\/wp-json\/wp\/v2\/product_tag?post=171780"}],"curies":[{"name":"wp","href":"https:\/\/api.w.org\/{rel}","templated":true}]}}