{"id":171854,"date":"2024-03-01T08:57:00","date_gmt":"2024-03-01T07:57:00","guid":{"rendered":"https:\/\/pizbube.ch\/?post_type=product&#038;p=171854"},"modified":"2024-03-01T09:03:08","modified_gmt":"2024-03-01T08:03:08","slug":"hoehenmut-statt-hoehenangst-schritt-fuer-schritt-zum-berggenuss","status":"publish","type":"product","link":"https:\/\/pizbube.ch\/en\/shop\/hoehenmut-statt-hoehenangst-schritt-fuer-schritt-zum-berggenuss\/","title":{"rendered":"H\u00f6henmut statt H\u00f6henangst &#8211; Schritt f\u00fcr Schritt zum Berggenuss"},"content":{"rendered":"<p>Wenn da nur nicht immer diese Angst w\u00e4re. Viele lieben die Berge und m\u00f6chten sie mit allen Sinnen genie\u00dfen. Doch im Gebirge lauern oft \u00c4ngste: Absturzgefahr, mangelnde Fitness, technische Herausforderungen oder die gr\u00f6\u00dfte Sorge &#8211; H\u00f6henangst. In ihrem zweiten Buch begleitet H\u00f6henangst-Expertin Petra M\u00fcssig die Leser auf einem Schritt-f\u00fcr-Schritt-H\u00f6henmut-Training in den Bergen.<\/p>\n<p>Leser erleben typische Stresssituationen beim Bergwandern und erhalten bebilderte Anleitungen, wie sie sich optimal vorbereiten, \u00fcben und reagieren k\u00f6nnen. Zudem gibt es Tipps, wie Mitwandernde Betroffene unterst\u00fctzen k\u00f6nnen. So wird die Bergwelt angstfrei erkundet.<\/p>\n<p>Einband: broschiert<br \/>\nSeitenzahl: 144<br \/>\nAbbildungen: 105 Bilder &amp; 12 Zeichnungen<br \/>\nFormat: 140mm x 205mm<\/p>","protected":false},"excerpt":{"rendered":"<p>Wenn da nur nicht immer diese Angst w\u00e4re. Viele lieben die Berge und m\u00f6chten sie mit allen Sinnen genie\u00dfen. Doch im Gebirge lauern oft \u00c4ngste: Absturzgefahr, mangelnde Fitness, technische Herausforderungen oder die gr\u00f6\u00dfte Sorge &#8211; H\u00f6henangst. In ihrem zweiten Buch begleitet H\u00f6henangst-Expertin Petra M\u00fcssig die Leser auf einem Schritt-f\u00fcr-Schritt-H\u00f6henmut-Training in den Bergen. Leser erleben typische [&#8230;]\n","protected":false},"featured_media":171855,"template":"","meta":[],"product_brand":[],"product_cat":[21538,21542],"product_tag":[],"class_list":{"0":"post-171854","1":"product","2":"type-product","3":"status-publish","4":"has-post-thumbnail","6":"product_cat-lehrbuecher","7":"product_cat-sachbuecher-dokumentationen","8":"pa_autor-muessig","9":"pa_erscheinungsjahr-27339","10":"pa_region-deutschland","11":"pa_region-orientierung-wetter-ausbildung","12":"pa_sprache-de","14":"first","15":"instock","16":"taxable","17":"shipping-taxable","18":"purchasable","19":"product-type-simple"},"_links":{"self":[{"href":"https:\/\/pizbube.ch\/en\/wp-json\/wp\/v2\/product\/171854","targetHints":{"allow":["GET"]}}],"collection":[{"href":"https:\/\/pizbube.ch\/en\/wp-json\/wp\/v2\/product"}],"about":[{"href":"https:\/\/pizbube.ch\/en\/wp-json\/wp\/v2\/types\/product"}],"wp:featuredmedia":[{"embeddable":true,"href":"https:\/\/pizbube.ch\/en\/wp-json\/wp\/v2\/media\/171855"}],"wp:attachment":[{"href":"https:\/\/pizbube.ch\/en\/wp-json\/wp\/v2\/media?parent=171854"}],"wp:term":[{"taxonomy":"product_brand","embeddable":true,"href":"https:\/\/pizbube.ch\/en\/wp-json\/wp\/v2\/product_brand?post=171854"},{"taxonomy":"product_cat","embeddable":true,"href":"https:\/\/pizbube.ch\/en\/wp-json\/wp\/v2\/product_cat?post=171854"},{"taxonomy":"product_tag","embeddable":true,"href":"https:\/\/pizbube.ch\/en\/wp-json\/wp\/v2\/product_tag?post=171854"}],"curies":[{"name":"wp","href":"https:\/\/api.w.org\/{rel}","templated":true}]}}