{"id":171989,"date":"2024-03-14T09:40:31","date_gmt":"2024-03-14T08:40:31","guid":{"rendered":"https:\/\/pizbube.ch\/?post_type=product&#038;p=171989"},"modified":"2024-03-14T09:48:24","modified_gmt":"2024-03-14T08:48:24","slug":"am-ende-des-seils","status":"publish","type":"product","link":"https:\/\/pizbube.ch\/en\/shop\/am-ende-des-seils\/","title":{"rendered":"Am Ende des Seils"},"content":{"rendered":"<p>Liebe und Tod an der Eigernordwand \u2013 und eine au\u00dfergew\u00f6hnliche Frau, die ihrer Zeit voraus ist<\/p>\n<p>Oberbayern, 1936: Die junge Lehrerin Hedi hat die Leidenschaft f\u00fcrs Bergsteigen von ihrem verstorbenen Vater geerbt. Zusammen mit ihm und den beiden Br\u00fcdern Thomas und Anderl, den S\u00f6hnen eines guten Freundes ihres Vaters, hat Hedi bereits viele Gipfel und W\u00e4nde der Alpen bezwungen.<\/p>\n<p>Als sie eines Morgens in der Zeitung liest, dass eine nat\u00fcrlich ausschlie\u00dflich m\u00e4nnliche franz\u00f6sische Seilschaft im Juli 1936 zum ersten Mal die Eigernordwand, die in Fachkreisen als das \u00bbletzte Problem der Alpen\u00ab bezeichnet wird, durchsteigen will, ist sie wie elektrisiert. Sie sieht die Chance, der Welt zu zeigen, dass eine Bergsteigerin nicht weniger kann als ihre m\u00e4nnlichen Kollegen. Gemeinsam mit Anderl, Thomas und derem Bekannten Hias stellt sie sich der Herausforderung \u2013 doch nicht nur der Berg birgt viele Gefahren. Das politische Klima im Land ist angespannt, und als Hedi und Thomas sich endlich n\u00e4herkommen, scheint ihr Gl\u00fcck nur von kurzer Dauer&#8230;<\/p>\n<p>&nbsp;<\/p>","protected":false},"excerpt":{"rendered":"<p>Liebe und Tod an der Eigernordwand \u2013 und eine au\u00dfergew\u00f6hnliche Frau, die ihrer Zeit voraus ist Oberbayern, 1936: Die junge Lehrerin Hedi hat die Leidenschaft f\u00fcrs Bergsteigen von ihrem verstorbenen Vater geerbt. Zusammen mit ihm und den beiden Br\u00fcdern Thomas und Anderl, den S\u00f6hnen eines guten Freundes ihres Vaters, hat Hedi bereits viele Gipfel und [&#8230;]\n","protected":false},"featured_media":171990,"template":"","meta":[],"product_brand":[],"product_cat":[21629],"product_tag":[],"class_list":{"0":"post-171989","1":"product","2":"type-product","3":"status-publish","4":"has-post-thumbnail","6":"product_cat-belletristik","7":"pa_autor-zimmermann","8":"pa_erscheinungsjahr-27129","9":"pa_region-schweiz","10":"pa_sprache-de","12":"first","13":"instock","14":"taxable","15":"shipping-taxable","16":"purchasable","17":"product-type-simple"},"_links":{"self":[{"href":"https:\/\/pizbube.ch\/en\/wp-json\/wp\/v2\/product\/171989","targetHints":{"allow":["GET"]}}],"collection":[{"href":"https:\/\/pizbube.ch\/en\/wp-json\/wp\/v2\/product"}],"about":[{"href":"https:\/\/pizbube.ch\/en\/wp-json\/wp\/v2\/types\/product"}],"wp:featuredmedia":[{"embeddable":true,"href":"https:\/\/pizbube.ch\/en\/wp-json\/wp\/v2\/media\/171990"}],"wp:attachment":[{"href":"https:\/\/pizbube.ch\/en\/wp-json\/wp\/v2\/media?parent=171989"}],"wp:term":[{"taxonomy":"product_brand","embeddable":true,"href":"https:\/\/pizbube.ch\/en\/wp-json\/wp\/v2\/product_brand?post=171989"},{"taxonomy":"product_cat","embeddable":true,"href":"https:\/\/pizbube.ch\/en\/wp-json\/wp\/v2\/product_cat?post=171989"},{"taxonomy":"product_tag","embeddable":true,"href":"https:\/\/pizbube.ch\/en\/wp-json\/wp\/v2\/product_tag?post=171989"}],"curies":[{"name":"wp","href":"https:\/\/api.w.org\/{rel}","templated":true}]}}