{"id":171996,"date":"2024-03-14T09:58:45","date_gmt":"2024-03-14T08:58:45","guid":{"rendered":"https:\/\/pizbube.ch\/?post_type=product&#038;p=171996"},"modified":"2025-06-03T15:49:31","modified_gmt":"2025-06-03T13:49:31","slug":"red-rocks-mehrseillaengen-klettern-im-suedtiroler-porphyr","status":"publish","type":"product","link":"https:\/\/pizbube.ch\/en\/shop\/red-rocks-mehrseillaengen-klettern-im-suedtiroler-porphyr\/","title":{"rendered":"Red Rocks &#8211; Mehrseill\u00e4ngen Klettern im S\u00fcdtiroler Porphyr"},"content":{"rendered":"<p><span class=\"value\">Im Porphyr kann man lohnende Mehrseill\u00e4ngen Touren klettern?<br \/>\nKlar, und zwar super! Auf der Sarner Scharte und im Bozner Talkessel gibt es neben mehreren Kletterg\u00e4rten auch \u00fcber 80 Mehrseill\u00e4ngen Routen.<\/span><\/p>\n<p><span class=\"value\">In diesem Kletterf\u00fchrer werden erstmals fast alle Routen in diesem Gestein vorgestellt. Die Autoren Luca De Giorgi, Peter Warasin, Johannes Kaufmann und Gabriel Rossi haben in enger Zusammenarbeit mit dem Alpenverein S\u00fcdtirol diesen Kletterf\u00fchrer ver\u00f6ffentlicht. Dieses Buch soll nicht nur m\u00f6glichst genaue Routeninfos f\u00fcr Wiederholer bereitstellen, sondern auch die bisherige Porphyr-Klettergeschichte zusammenfassen und hoffentlich einen zus\u00e4tzlichen Ansto\u00df f\u00fcr die weitere Erschlie\u00dfung in diesem Gestein geben.<\/span><\/p>\n<ul>\n<li>Mehr als 80 Touren im Porphyr zwischen der Sarner Scharte und den Pfattner W\u00e4nden<\/li>\n<li>Mit Topos, Wandbilder und Fotos<\/li>\n<li>Mit vielen Zusatzinfos zum Klettern im Porphyr, wie z.B. Interviews mit Erstbegehern<\/li>\n<\/ul>\n<p>2. \u00fcberarbeitete Auflage 2024<br \/>\n170 Seiten<\/p>","protected":false},"excerpt":{"rendered":"<p>Im Porphyr kann man lohnende Mehrseill\u00e4ngen Touren klettern? Klar, und zwar super! Auf der Sarner Scharte und im Bozner Talkessel gibt es neben mehreren Kletterg\u00e4rten auch \u00fcber 80 Mehrseill\u00e4ngen Routen. In diesem Kletterf\u00fchrer werden erstmals fast alle Routen in diesem Gestein vorgestellt. Die Autoren Luca De Giorgi, Peter Warasin, Johannes Kaufmann und Gabriel Rossi haben [&#8230;]\n","protected":false},"featured_media":171997,"template":"","meta":[],"product_brand":[],"product_cat":[21539],"product_tag":[],"class_list":{"0":"post-171996","1":"product","2":"type-product","3":"status-publish","4":"has-post-thumbnail","6":"product_cat-fuehrerliteratur-sportklettern-bouldern","7":"pa_autor-luca-de-giorgi-peter-warasin-johannes-kaufmann-und-gabriel-rossi","8":"pa_erscheinungsjahr-27339","9":"pa_region-italien","10":"pa_sprache-de","12":"first","13":"instock","14":"taxable","15":"shipping-taxable","16":"purchasable","17":"product-type-simple"},"_links":{"self":[{"href":"https:\/\/pizbube.ch\/en\/wp-json\/wp\/v2\/product\/171996","targetHints":{"allow":["GET"]}}],"collection":[{"href":"https:\/\/pizbube.ch\/en\/wp-json\/wp\/v2\/product"}],"about":[{"href":"https:\/\/pizbube.ch\/en\/wp-json\/wp\/v2\/types\/product"}],"wp:featuredmedia":[{"embeddable":true,"href":"https:\/\/pizbube.ch\/en\/wp-json\/wp\/v2\/media\/171997"}],"wp:attachment":[{"href":"https:\/\/pizbube.ch\/en\/wp-json\/wp\/v2\/media?parent=171996"}],"wp:term":[{"taxonomy":"product_brand","embeddable":true,"href":"https:\/\/pizbube.ch\/en\/wp-json\/wp\/v2\/product_brand?post=171996"},{"taxonomy":"product_cat","embeddable":true,"href":"https:\/\/pizbube.ch\/en\/wp-json\/wp\/v2\/product_cat?post=171996"},{"taxonomy":"product_tag","embeddable":true,"href":"https:\/\/pizbube.ch\/en\/wp-json\/wp\/v2\/product_tag?post=171996"}],"curies":[{"name":"wp","href":"https:\/\/api.w.org\/{rel}","templated":true}]}}