{"id":172027,"date":"2024-03-15T12:48:24","date_gmt":"2024-03-15T11:48:24","guid":{"rendered":"https:\/\/pizbube.ch\/?post_type=product&#038;p=172027"},"modified":"2024-11-28T17:58:00","modified_gmt":"2024-11-28T16:58:00","slug":"guia-de-escalada-deportiva-en-el-chorro-desplomilandia-y-valle-de-abdalajis","status":"publish","type":"product","link":"https:\/\/pizbube.ch\/en\/shop\/guia-de-escalada-deportiva-en-el-chorro-desplomilandia-y-valle-de-abdalajis\/","title":{"rendered":"Guia de escalada deportiva en el Chorro &#8211; Desplomilandia y Valle de Abdalaj\u00eds"},"content":{"rendered":"<div id=\"nav-tabContent\" class=\"tab-content\">\n<div id=\"resumen\" class=\"p-2 p-md-3 tab-pane fade show active\" role=\"tabpanel\" aria-labelledby=\"resumen-tab\">\n<div>\n<p>This El Chorro sport climbing guidebook describes over 80 climbing sectors in El Chorro, Desplomilandia, and Valle de Abdalajis, with more than 1500 routes across a wide range of grades.<\/p>\n<p>The guide covers both single-pitch and multi-pitch sport climbs. All routes are shown on color photo topos, along with their grade and length.<br \/>\nFor each sector, there is an approach map, access information, and QR codes for parking areas.<br \/>\nSymbols are used to indicate the sector&#8217;s orientation, height, type of climbing, approach time, and total number of routes.<\/p>\n<p>Published in February 2024 this guidebook is in Spanish and English text throughout.<\/p>\n<p>&nbsp;<\/p>\n<p><span class=\"il\">El<\/span>\u00a0<span class=\"il\">Chorro<\/span>, ubicado en la provincia de M\u00e1laga, Espa\u00f1a, es reconocido a nivel mundial como uno de los mejores destinos para la escalada. Con sus impresionantes paredes de roca caliza, sus m\u00faltiples sectores y una gran variedad de rutas para todos los niveles,\u00a0<span class=\"il\">El<\/span>\u00a0<span class=\"il\">Chorro<\/span> ofrece una experiencia \u00fanica para los amantes de este deporte.<\/p>\n<\/div>\n<div>Nueva gu\u00eda completa y actualizada<\/div>\n<div>Para ayudar a los escaladores a aprovechar al m\u00e1ximo su experiencia en\u00a0<span class=\"il\">El<\/span>\u00a0<span class=\"il\">Chorro<\/span>, se ha publicado una nueva gu\u00eda completa y actualizada. Esta gu\u00eda, escrita por Juan Hofer y Jos\u00e9 Manceras, dos escaladores con un profundo conocimiento de la zona, ofrece informaci\u00f3n detallada sobre:<\/div>\n<div>-M\u00e1s de 1.500 v\u00edas de escalada, con descripciones de las rutas, dificultades, croquis y fotograf\u00edas.<\/div>\n<div>-Los diferentes sectores de escalada, incluyendo su ubicaci\u00f3n, caracter\u00edsticas y recomendaciones.<\/div>\n<div><span class=\"il\">-El<\/span>\u00a0equipamiento y la seguridad, con consejos para una escalada responsable.<\/div>\n<div>-La historia de la escalada en <span class=\"il\">El<\/span>\u00a0<span class=\"il\">Chorro<\/span>, un homenaje a los pioneros y los equipadores que han hecho posible este para\u00edso para la escalada.<\/div>\n<div>-Un homenaje a la comunidad escaladora.<\/div>\n<div><\/div>\n<div>La nueva gu\u00eda tambi\u00e9n es un homenaje a la comunidad escaladora de\u00a0<span class=\"il\">El<\/span>\u00a0<span class=\"il\">Chorro<\/span>, un grupo apasionado y comprometido con la conservaci\u00f3n del medio ambiente y\u00a0<span class=\"il\">el<\/span>\u00a0desarrollo sostenible de la escalada.<\/div>\n<\/div>\n<\/div>\n<p>Dimensiones: 16 cm x 23 cm<br \/>\nN\u00ba P\u00e1g.:336<br \/>\nIdiomas:Castellano,Ingles<br \/>\nEdicion 2024<\/p>","protected":false},"excerpt":{"rendered":"<p>This El Chorro sport climbing guidebook describes over 80 climbing sectors in El Chorro, Desplomilandia, and Valle de Abdalajis, with more than 1500 routes across a wide range of grades. The guide covers both single-pitch and multi-pitch sport climbs. All routes are shown on color photo topos, along with their grade and length. For each [&#8230;]\n","protected":false},"featured_media":172033,"template":"","meta":[],"product_brand":[],"product_cat":[21539],"product_tag":[27510],"class_list":{"0":"post-172027","1":"product","2":"type-product","3":"status-publish","4":"has-post-thumbnail","6":"product_cat-fuehrerliteratur-sportklettern-bouldern","7":"product_tag-el-chorro-climbing-guide","8":"pa_autor-mancera-hofer","9":"pa_erscheinungsjahr-27339","10":"pa_region-spanien","11":"pa_sprache-es-en","13":"first","14":"instock","15":"taxable","16":"shipping-taxable","17":"purchasable","18":"product-type-simple"},"_links":{"self":[{"href":"https:\/\/pizbube.ch\/en\/wp-json\/wp\/v2\/product\/172027","targetHints":{"allow":["GET"]}}],"collection":[{"href":"https:\/\/pizbube.ch\/en\/wp-json\/wp\/v2\/product"}],"about":[{"href":"https:\/\/pizbube.ch\/en\/wp-json\/wp\/v2\/types\/product"}],"wp:featuredmedia":[{"embeddable":true,"href":"https:\/\/pizbube.ch\/en\/wp-json\/wp\/v2\/media\/172033"}],"wp:attachment":[{"href":"https:\/\/pizbube.ch\/en\/wp-json\/wp\/v2\/media?parent=172027"}],"wp:term":[{"taxonomy":"product_brand","embeddable":true,"href":"https:\/\/pizbube.ch\/en\/wp-json\/wp\/v2\/product_brand?post=172027"},{"taxonomy":"product_cat","embeddable":true,"href":"https:\/\/pizbube.ch\/en\/wp-json\/wp\/v2\/product_cat?post=172027"},{"taxonomy":"product_tag","embeddable":true,"href":"https:\/\/pizbube.ch\/en\/wp-json\/wp\/v2\/product_tag?post=172027"}],"curies":[{"name":"wp","href":"https:\/\/api.w.org\/{rel}","templated":true}]}}