{"id":172073,"date":"2024-03-19T10:39:46","date_gmt":"2024-03-19T09:39:46","guid":{"rendered":"https:\/\/pizbube.ch\/?post_type=product&#038;p=172073"},"modified":"2024-03-19T11:01:50","modified_gmt":"2024-03-19T10:01:50","slug":"sardinien-nord-150-000-kompass-kartenset-2497","status":"publish","type":"product","link":"https:\/\/pizbube.ch\/en\/shop\/sardinien-nord-150-000-kompass-kartenset-2497\/","title":{"rendered":"Sardinien Nord 1:50.000 &#8211; Kompass-Kartenset 2497"},"content":{"rendered":"<p><span class=\"value\">Das Gebiet im wilden Norden Sardiniens erstreckt sich quer durch die abwechslungsreichen Regionen \u201ePlanargia-Marghine\u201c, Sassarese, Gallura und Baronia.<br \/>\nT\u00fcrkisblaues Meer, lange wei\u00dfe Sandstr\u00e4nde und felsige K\u00fcstenabschnitte ziehen sich durch alle diese wunderbaren Regionen. Das Sassarese beispielsweise lockt nicht nur mit traumhaften Str\u00e4nden, wundersch\u00f6nen Farben und bizarren Felslandschaften, sondern verw\u00f6hnt den Gaumen mit dem einzigen DOCG-Wein der Insel.<\/span><\/p>\n<p>Die Gegend um Gallura wird auch als Mondlandschaft mit leuchtendem Meer bezeichnet. In aller Munde d\u00fcrfte wohl die auch von den Stars und Reichen so gern besuchte \u201eCosta Smeralda\u201c sein.<br \/>\nNur wenige Touristen verlaufen sich von den K\u00fcsten weg Richtung Landesinnere, wo die Hirten noch ihre Herden treiben und es arch\u00e4ologische St\u00e4tten und geheimnisvolle Grotten zu entdecken gilt.<br \/>\nDie zweitgr\u00f6\u00dfte Insel im Mittelmeers steckt voller Kontraste: Einsame Buchten, ein kristallklares, in allen T\u00fcrkist\u00f6nen schillerndes Meer, aber auch einsame Bergd\u00f6rfer, W\u00e4lder mit Kork- und Steineichen und idyllische Weinberge.<\/p>\n<p>Einzigartig auf Sardinien ist die im 14. Jh. von den Katalanen befestigte Hafenstadt Alghero. An drei Seiten von Bastionen und Festungst\u00fcrmen umgeben, auf denen sich ein Spaziergang unternehmen l\u00e4sst.<\/p>","protected":false},"excerpt":{"rendered":"<p>Das Gebiet im wilden Norden Sardiniens erstreckt sich quer durch die abwechslungsreichen Regionen \u201ePlanargia-Marghine\u201c, Sassarese, Gallura und Baronia. T\u00fcrkisblaues Meer, lange wei\u00dfe Sandstr\u00e4nde und felsige K\u00fcstenabschnitte ziehen sich durch alle diese wunderbaren Regionen. Das Sassarese beispielsweise lockt nicht nur mit traumhaften Str\u00e4nden, wundersch\u00f6nen Farben und bizarren Felslandschaften, sondern verw\u00f6hnt den Gaumen mit dem einzigen DOCG-Wein [&#8230;]\n","protected":false},"featured_media":172074,"template":"","meta":[],"product_brand":[],"product_cat":[21543],"product_tag":[],"class_list":{"0":"post-172073","1":"product","2":"type-product","3":"status-publish","4":"has-post-thumbnail","6":"product_cat-landkarten","7":"pa_autor-kompass-karten-gmbh-hrsg","8":"pa_erscheinungsjahr-27013","9":"pa_region-italien","10":"pa_sprache-de-it","12":"first","13":"instock","14":"taxable","15":"shipping-taxable","16":"purchasable","17":"product-type-simple"},"_links":{"self":[{"href":"https:\/\/pizbube.ch\/en\/wp-json\/wp\/v2\/product\/172073","targetHints":{"allow":["GET"]}}],"collection":[{"href":"https:\/\/pizbube.ch\/en\/wp-json\/wp\/v2\/product"}],"about":[{"href":"https:\/\/pizbube.ch\/en\/wp-json\/wp\/v2\/types\/product"}],"wp:featuredmedia":[{"embeddable":true,"href":"https:\/\/pizbube.ch\/en\/wp-json\/wp\/v2\/media\/172074"}],"wp:attachment":[{"href":"https:\/\/pizbube.ch\/en\/wp-json\/wp\/v2\/media?parent=172073"}],"wp:term":[{"taxonomy":"product_brand","embeddable":true,"href":"https:\/\/pizbube.ch\/en\/wp-json\/wp\/v2\/product_brand?post=172073"},{"taxonomy":"product_cat","embeddable":true,"href":"https:\/\/pizbube.ch\/en\/wp-json\/wp\/v2\/product_cat?post=172073"},{"taxonomy":"product_tag","embeddable":true,"href":"https:\/\/pizbube.ch\/en\/wp-json\/wp\/v2\/product_tag?post=172073"}],"curies":[{"name":"wp","href":"https:\/\/api.w.org\/{rel}","templated":true}]}}