{"id":172078,"date":"2024-03-19T10:51:44","date_gmt":"2024-03-19T09:51:44","guid":{"rendered":"https:\/\/pizbube.ch\/?post_type=product&#038;p=172078"},"modified":"2024-03-19T11:04:48","modified_gmt":"2024-03-19T10:04:48","slug":"sardinien-mitte-150-000-kompass-kartenset-2498","status":"publish","type":"product","link":"https:\/\/pizbube.ch\/en\/shop\/sardinien-mitte-150-000-kompass-kartenset-2498\/","title":{"rendered":"Sardinien Mitte 1:50.000 &#8211; Kompass-Kartenset 2498"},"content":{"rendered":"<p><span class=\"value\">Sardegna Centrale (4 Karten)<br \/>\n<\/span><\/p>\n<p>Die KOMPASS Wanderkarte ist jetzt noch \u00fcbersichtlicher und besser lesbar. Die kostenlose App f\u00fcr unterwegs gibt es auch noch dazu. Das bildet die perfekte Grundlage f\u00fcr die Planung einer Wandertour. Die pr\u00e4zise Kartografie zeigt alle begehbaren Wanderwege inklusive Klassifizierung. Informationen wie Schwimmb\u00e4der, Klettersteige, Kinderspielpl\u00e4tze, H\u00fctten und vieles mehr sind in der Karte ebenfalls enthalten.<\/p>\n<p>&#8211; Die zweitgr\u00f6\u00dfte Insel im Mittelmeer steckt voller Kontraste: Einsame Buchten, ein kristallklares, in allen T\u00fcrkist\u00f6nen schillerndes Meer, aber auch einsame Bergd\u00f6rfer, W\u00e4lder mit Kork- und Steineichen und idyllische Weinberge.<\/p>\n<p>&#8211; Spektakul\u00e4re Buchten: Der Golfo di Orosei steht gemeinsam mit den Monti del Gennargentu als Nationalpark unter Schutz, viele seiner Buchten lassen sich nur vom Wasser aus erreichen. Zu den sch\u00f6nsten z\u00e4hlt die Cala di Luna.<\/p>\n<p>&#8211; Sardiniens Unterwelt: 300 Grotten und H\u00f6hlen sind bisher erforscht, darunter die kathedralenartige Grotta di Nettuno, die Grotta del Bue Marino, die Grotta Verde und die Grotta di Ispinigoli mit ihren 38 m hohen Stalakmiten.<\/p>\n<p>&#8211; Nuraghi und Tombe dei Giganti: pr\u00e4hist\u00f6rische Kultst\u00e4tten, Wacht\u00fcrme aus Granit- und Basalt, bronzezeitliche Siedlungen in den Bergen und an der K\u00fcste. Insgesamt erhalten blieben 7000 Nuraghen-Ruinen, u. a. die faszinierende Siedlung Tiscali, die in der Felsspalte des Monte Tiscali errichtet wurde.<\/p>\n<p>&#8211; Einsame Bergd\u00f6rfer: Ein langer Gebirgszug bildet das R\u00fcckrat der Insel. Kurvenreiche Stra\u00dfen mit fantastischem Panorama f\u00fchren in die Bergd\u00f6rfer der Provinzen Barbagia und Ogliastra.<\/p>\n<p>&#8211; Oristano ist die wichtigste Stadt Westsardiniens, in der N\u00e4he liegt die ph\u00f6nizische Siedlung Tharros.<\/p>","protected":false},"excerpt":{"rendered":"<p>Sardegna Centrale (4 Karten) Die KOMPASS Wanderkarte ist jetzt noch \u00fcbersichtlicher und besser lesbar. Die kostenlose App f\u00fcr unterwegs gibt es auch noch dazu. Das bildet die perfekte Grundlage f\u00fcr die Planung einer Wandertour. Die pr\u00e4zise Kartografie zeigt alle begehbaren Wanderwege inklusive Klassifizierung. Informationen wie Schwimmb\u00e4der, Klettersteige, Kinderspielpl\u00e4tze, H\u00fctten und vieles mehr sind in der [&#8230;]\n","protected":false},"featured_media":172079,"template":"","meta":[],"product_brand":[],"product_cat":[21543],"product_tag":[],"class_list":{"0":"post-172078","1":"product","2":"type-product","3":"status-publish","4":"has-post-thumbnail","6":"product_cat-landkarten","7":"pa_autor-kompass-karten-gmbh-hrsg","8":"pa_erscheinungsjahr-27339","9":"pa_region-italien","10":"pa_sprache-de-it","12":"first","13":"instock","14":"taxable","15":"shipping-taxable","16":"purchasable","17":"product-type-simple"},"_links":{"self":[{"href":"https:\/\/pizbube.ch\/en\/wp-json\/wp\/v2\/product\/172078","targetHints":{"allow":["GET"]}}],"collection":[{"href":"https:\/\/pizbube.ch\/en\/wp-json\/wp\/v2\/product"}],"about":[{"href":"https:\/\/pizbube.ch\/en\/wp-json\/wp\/v2\/types\/product"}],"wp:featuredmedia":[{"embeddable":true,"href":"https:\/\/pizbube.ch\/en\/wp-json\/wp\/v2\/media\/172079"}],"wp:attachment":[{"href":"https:\/\/pizbube.ch\/en\/wp-json\/wp\/v2\/media?parent=172078"}],"wp:term":[{"taxonomy":"product_brand","embeddable":true,"href":"https:\/\/pizbube.ch\/en\/wp-json\/wp\/v2\/product_brand?post=172078"},{"taxonomy":"product_cat","embeddable":true,"href":"https:\/\/pizbube.ch\/en\/wp-json\/wp\/v2\/product_cat?post=172078"},{"taxonomy":"product_tag","embeddable":true,"href":"https:\/\/pizbube.ch\/en\/wp-json\/wp\/v2\/product_tag?post=172078"}],"curies":[{"name":"wp","href":"https:\/\/api.w.org\/{rel}","templated":true}]}}