{"id":172081,"date":"2024-03-19T10:57:52","date_gmt":"2024-03-19T09:57:52","guid":{"rendered":"https:\/\/pizbube.ch\/?post_type=product&#038;p=172081"},"modified":"2024-03-19T11:01:28","modified_gmt":"2024-03-19T10:01:28","slug":"sardinien-sued-sardegna-sud-150-000-kompass-kartenset-2499","status":"publish","type":"product","link":"https:\/\/pizbube.ch\/en\/shop\/sardinien-sued-sardegna-sud-150-000-kompass-kartenset-2499\/","title":{"rendered":"Sardinien S\u00fcd \/ Sardegna Sud 1:50.000 &#8211; Kompass-Kartenset 2499"},"content":{"rendered":"<p><span class=\"value\">\u00dcber die beiden vorgelagerten Inseln \u201eSan Pietro\u201c und \u201eSant Antioco\u201c in den Westen an die Costaverde, um anschlie\u00dfend den Charme der Hauptstadt Cagliari und den Granit-S\u00fcdosten Sardiniens \u201eSarrabus-Gerrei\u201c zu genie\u00dfen. An der Costaverde scheint die Welt noch in Ordnung: Einsame Buchten, glitzernde Sandd\u00fcnen und ein t\u00fcrkis- gr\u00fcn schimmerndes Meer werden durch beschauliche alte Bergd\u00f6rfer, umgeben von bewaldeten H\u00fcgeln, abgerundet. Silber, Eisen, Zink und Kupfer wurden hier einst abgebaut, heute werden die still gelegten F\u00f6rderanlagen mit ihrem ganz eigenen Charme zu touristischen Zwecken umfunktioniert. Die \u201eKornkammer\u201c der Insel ist ohne Zweifel das Campidano mit abschlie\u00dfender Hauptstadt Cagliari.Gerade im Fr\u00fchling und Herbst bl\u00fcht diese Region in ihrer vollen Pracht. Olivenhaine, Eukalyptusw\u00e4lder und fruchtbare Flusst\u00e4ler heben sich am Rande des Gebirges von den bereits im Juni abgeernteten, goldbraun gef\u00e4rbten Getreidefeldern ab. In dem kleinen \u00d6rtchen \u201eSan Sperate\u201c k\u00f6nnen Sie die ersten 1968 zum Ausdruck des Protest entstandenen \u201eMurales\u201c an den Hausw\u00e4nden bewundern. Macchia-Str\u00e4ucher und Steineichenw\u00e4lder pr\u00e4gen das Innland des Sarrabus-Gerrei. Zuckers\u00fc\u00dfe, fast schwarze Kirschen und das \u201eReich des sardischen Hirschen\u201c lassen einen in die sardische Urt\u00fcmlichkeit eintauchen.<br \/>\n<\/span><\/p>\n<p>\u00dcber die beiden vorgelagerten Inseln \u201eSan Pietro\u201c und \u201eSant Antioco\u201c in den Westen an die Costaverde, um anschlie\u00dfend den Charme der Hauptstadt Cagliari und den Granit-S\u00fcdosten Sardiniens \u201eSarrabus-Gerrei\u201c zu genie\u00dfen. An der Costaverde scheint die Welt noch in Ordnung: Einsame Buchten, glitzernde Sandd\u00fcnen und ein t\u00fcrkis- gr\u00fcn schimmerndes Meer werden durch beschauliche alte Bergd\u00f6rfer, umgeben von bewaldeten H\u00fcgeln, abgerundet. Silber, Eisen, Zink und Kupfer wurden hier einst abgebaut, heute werden die still gelegten F\u00f6rderanlagen mit ihrem ganz eigenen Charme zu touristischen Zwecken umfunktioniert. Die \u201eKornkammer\u201c der Insel ist ohne Zweifel das Campidano mit abschlie\u00dfender Hauptstadt Cagliari.Gerade im Fr\u00fchling und Herbst bl\u00fcht diese Region in ihrer vollen Pracht. Olivenhaine, Eukalyptusw\u00e4lder und fruchtbare Flusst\u00e4ler heben sich am Rande des Gebirges von den bereits im Juni abgeernteten, goldbraun gef\u00e4rbten Getreidefeldern ab. In dem kleinen \u00d6rtchen \u201eSan Sperate\u201c k\u00f6nnen Sie die ersten 1968 zum Ausdruck des Protest entstandenen \u201eMurales\u201c an den Hausw\u00e4nden bewundern. Macchia-Str\u00e4ucher und Steineichenw\u00e4lder pr\u00e4gen das Innland des Sarrabus-Gerrei. Zuckers\u00fc\u00dfe, fast schwarze Kirschen und das \u201eReich des sardischen Hirschen\u201c lassen einen in die sardische Urt\u00fcmlichkeit eintauchen.<\/p>","protected":false},"excerpt":{"rendered":"<p>\u00dcber die beiden vorgelagerten Inseln \u201eSan Pietro\u201c und \u201eSant Antioco\u201c in den Westen an die Costaverde, um anschlie\u00dfend den Charme der Hauptstadt Cagliari und den Granit-S\u00fcdosten Sardiniens \u201eSarrabus-Gerrei\u201c zu genie\u00dfen. An der Costaverde scheint die Welt noch in Ordnung: Einsame Buchten, glitzernde Sandd\u00fcnen und ein t\u00fcrkis- gr\u00fcn schimmerndes Meer werden durch beschauliche alte Bergd\u00f6rfer, umgeben [&#8230;]\n","protected":false},"featured_media":172082,"template":"","meta":[],"product_brand":[],"product_cat":[21543],"product_tag":[],"class_list":{"0":"post-172081","1":"product","2":"type-product","3":"status-publish","4":"has-post-thumbnail","6":"product_cat-landkarten","7":"pa_autor-kompass-karten-gmbh-hrsg","8":"pa_erscheinungsjahr-27339","9":"pa_region-italien","10":"pa_sprache-de-it","12":"first","13":"instock","14":"taxable","15":"shipping-taxable","16":"purchasable","17":"product-type-simple"},"_links":{"self":[{"href":"https:\/\/pizbube.ch\/en\/wp-json\/wp\/v2\/product\/172081","targetHints":{"allow":["GET"]}}],"collection":[{"href":"https:\/\/pizbube.ch\/en\/wp-json\/wp\/v2\/product"}],"about":[{"href":"https:\/\/pizbube.ch\/en\/wp-json\/wp\/v2\/types\/product"}],"wp:featuredmedia":[{"embeddable":true,"href":"https:\/\/pizbube.ch\/en\/wp-json\/wp\/v2\/media\/172082"}],"wp:attachment":[{"href":"https:\/\/pizbube.ch\/en\/wp-json\/wp\/v2\/media?parent=172081"}],"wp:term":[{"taxonomy":"product_brand","embeddable":true,"href":"https:\/\/pizbube.ch\/en\/wp-json\/wp\/v2\/product_brand?post=172081"},{"taxonomy":"product_cat","embeddable":true,"href":"https:\/\/pizbube.ch\/en\/wp-json\/wp\/v2\/product_cat?post=172081"},{"taxonomy":"product_tag","embeddable":true,"href":"https:\/\/pizbube.ch\/en\/wp-json\/wp\/v2\/product_tag?post=172081"}],"curies":[{"name":"wp","href":"https:\/\/api.w.org\/{rel}","templated":true}]}}