{"id":172084,"date":"2024-03-19T11:35:09","date_gmt":"2024-03-19T10:35:09","guid":{"rendered":"https:\/\/pizbube.ch\/?post_type=product&#038;p=172084"},"modified":"2026-01-20T10:11:42","modified_gmt":"2026-01-20T09:11:42","slug":"dresden-geht-steil","status":"publish","type":"product","link":"https:\/\/pizbube.ch\/en\/shop\/dresden-geht-steil\/","title":{"rendered":"Dresden geht steil"},"content":{"rendered":"<p>Dresden geht steil und alle Dresdner Kletterer gleich mit!<br \/>\nDer neue Sportkletterf\u00fchrer f\u00fcr Dresden und Umland beschreibt alle Gebiete:<\/p>\n<ul>\n<li>Hoher Stein bei Coswig<\/li>\n<li>L\u00f6ssnitzgrund bei Radebeul<\/li>\n<li>Plauenscher Grund<\/li>\n<li>Klettergarten Pirna-Liebethal<\/li>\n<li>Klettergarten Pirna-Cunnersdorf<\/li>\n<li>Hummelstein im Lockwitzgrund<\/li>\n<li>Dippoldiswalder Heide &#8211; Einsiedlerfels<\/li>\n<li>Hartmannsdorfer Schweiz &#8211; Solist<\/li>\n<li>Freiberger Gebiet: Muldenzacke<\/li>\n<li>M\u00fcglitztal<\/li>\n<\/ul>\n<ul>\n<li>Umfang: 416 Seiten<\/li>\n<li>Autoren: Lutz Zybell und Gerald Krug<\/li>\n<li>Durchgehend farbige Fototopos, Karten und Kletteraufnahmen sowie zahlreiche Zusatzinformationen auch f\u00fcr Ruhetage.<\/li>\n<\/ul>","protected":false},"excerpt":{"rendered":"<p>Dresden geht steil und alle Dresdner Kletterer gleich mit! Der neue Sportkletterf\u00fchrer f\u00fcr Dresden und Umland beschreibt alle Gebiete: Hoher Stein bei Coswig L\u00f6ssnitzgrund bei Radebeul Plauenscher Grund Klettergarten Pirna-Liebethal Klettergarten Pirna-Cunnersdorf Hummelstein im Lockwitzgrund Dippoldiswalder Heide &#8211; Einsiedlerfels Hartmannsdorfer Schweiz &#8211; Solist Freiberger Gebiet: Muldenzacke M\u00fcglitztal Umfang: 416 Seiten Autoren: Lutz Zybell und Gerald [&#8230;]\n","protected":false},"featured_media":172088,"template":"","meta":[],"product_brand":[],"product_cat":[21539],"product_tag":[],"class_list":{"0":"post-172084","1":"product","2":"type-product","3":"status-publish","4":"has-post-thumbnail","6":"product_cat-fuehrerliteratur-sportklettern-bouldern","7":"pa_autor-zybell-krug","8":"pa_erscheinungsjahr-27339","9":"pa_region-deutschland","10":"pa_sprache-de-en","12":"first","13":"onbackorder","14":"taxable","15":"shipping-taxable","16":"purchasable","17":"product-type-simple"},"_links":{"self":[{"href":"https:\/\/pizbube.ch\/en\/wp-json\/wp\/v2\/product\/172084","targetHints":{"allow":["GET"]}}],"collection":[{"href":"https:\/\/pizbube.ch\/en\/wp-json\/wp\/v2\/product"}],"about":[{"href":"https:\/\/pizbube.ch\/en\/wp-json\/wp\/v2\/types\/product"}],"wp:featuredmedia":[{"embeddable":true,"href":"https:\/\/pizbube.ch\/en\/wp-json\/wp\/v2\/media\/172088"}],"wp:attachment":[{"href":"https:\/\/pizbube.ch\/en\/wp-json\/wp\/v2\/media?parent=172084"}],"wp:term":[{"taxonomy":"product_brand","embeddable":true,"href":"https:\/\/pizbube.ch\/en\/wp-json\/wp\/v2\/product_brand?post=172084"},{"taxonomy":"product_cat","embeddable":true,"href":"https:\/\/pizbube.ch\/en\/wp-json\/wp\/v2\/product_cat?post=172084"},{"taxonomy":"product_tag","embeddable":true,"href":"https:\/\/pizbube.ch\/en\/wp-json\/wp\/v2\/product_tag?post=172084"}],"curies":[{"name":"wp","href":"https:\/\/api.w.org\/{rel}","templated":true}]}}