{"id":172094,"date":"2024-03-19T11:57:49","date_gmt":"2024-03-19T10:57:49","guid":{"rendered":"https:\/\/pizbube.ch\/?post_type=product&#038;p=172094"},"modified":"2024-05-03T10:06:31","modified_gmt":"2024-05-03T08:06:31","slug":"ski-de-randonnee-autour-de-chamonix","status":"publish","type":"product","link":"https:\/\/pizbube.ch\/en\/shop\/ski-de-randonnee-autour-de-chamonix\/","title":{"rendered":"Ski de randonn\u00e9e autour de Chamonix"},"content":{"rendered":"<p>80 sorties \u00e0 1 h de Chamonix-Mont-Blanc<\/p>\n<p class=\"zddDMd\" data-hook=\"description\">Ce nouveau\u00a0topo de ski de randonn\u00e9e autour de Chamonix pr\u00e9sente 80 sorties (et des variantes) \u00e0 1 heure\u00a0autour de Chamonix-Mont-Blanc.<br \/>\nIl permet de pratiquer\u00a0la randonn\u00e9e \u00e0 ski dans 3 pays (France, Italie et Suisse) et dans 6 massifs (Mont-Blanc, Aiguilles Rouges, Fiz, Chablais, Aravis, Beaufortain).<br \/>\nCe topo est accessible aux d\u00e9butants et permet une progression avec des sorties de F (Facile) \u00e0 AD (Assez Difficile).<\/p>\n<p>252 pages<br \/>\n2024 edition<\/p>","protected":false},"excerpt":{"rendered":"<p>80 sorties \u00e0 1 h de Chamonix-Mont-Blanc Ce nouveau\u00a0topo de ski de randonn\u00e9e autour de Chamonix pr\u00e9sente 80 sorties (et des variantes) \u00e0 1 heure\u00a0autour de Chamonix-Mont-Blanc. Il permet de pratiquer\u00a0la randonn\u00e9e \u00e0 ski dans 3 pays (France, Italie et Suisse) et dans 6 massifs (Mont-Blanc, Aiguilles Rouges, Fiz, Chablais, Aravis, Beaufortain). Ce topo est [&#8230;]\n","protected":false},"featured_media":172095,"template":"","meta":[],"product_brand":[],"product_cat":[21540],"product_tag":[],"class_list":{"0":"post-172094","1":"product","2":"type-product","3":"status-publish","4":"has-post-thumbnail","6":"product_cat-fuehrerliteratur-alpin-winter","7":"pa_autor-lelievre-guillot","8":"pa_erscheinungsjahr-27339","9":"pa_region-frankreich","10":"pa_region-italien","11":"pa_region-schweiz","12":"pa_sprache-fr","14":"first","15":"instock","16":"taxable","17":"shipping-taxable","18":"purchasable","19":"product-type-simple"},"_links":{"self":[{"href":"https:\/\/pizbube.ch\/en\/wp-json\/wp\/v2\/product\/172094","targetHints":{"allow":["GET"]}}],"collection":[{"href":"https:\/\/pizbube.ch\/en\/wp-json\/wp\/v2\/product"}],"about":[{"href":"https:\/\/pizbube.ch\/en\/wp-json\/wp\/v2\/types\/product"}],"wp:featuredmedia":[{"embeddable":true,"href":"https:\/\/pizbube.ch\/en\/wp-json\/wp\/v2\/media\/172095"}],"wp:attachment":[{"href":"https:\/\/pizbube.ch\/en\/wp-json\/wp\/v2\/media?parent=172094"}],"wp:term":[{"taxonomy":"product_brand","embeddable":true,"href":"https:\/\/pizbube.ch\/en\/wp-json\/wp\/v2\/product_brand?post=172094"},{"taxonomy":"product_cat","embeddable":true,"href":"https:\/\/pizbube.ch\/en\/wp-json\/wp\/v2\/product_cat?post=172094"},{"taxonomy":"product_tag","embeddable":true,"href":"https:\/\/pizbube.ch\/en\/wp-json\/wp\/v2\/product_tag?post=172094"}],"curies":[{"name":"wp","href":"https:\/\/api.w.org\/{rel}","templated":true}]}}