{"id":172111,"date":"2024-03-20T08:59:46","date_gmt":"2024-03-20T07:59:46","guid":{"rendered":"https:\/\/pizbube.ch\/?post_type=product&#038;p=172111"},"modified":"2024-03-20T09:03:14","modified_gmt":"2024-03-20T08:03:14","slug":"alpine-klettersteige-ostalpen","status":"publish","type":"product","link":"https:\/\/pizbube.ch\/en\/shop\/alpine-klettersteige-ostalpen\/","title":{"rendered":"Alpine Klettersteige Ostalpen"},"content":{"rendered":"<p class=\"mt-3\">68 spannende Touren zwischen Wien, Bodensee und Gardasee<\/p>\n<p><span class=\"value\">Leitern, Drahtseile und viel Luft unter den F\u00fc\u00dfen \u2013 Klettersteige sorgen f\u00fcr Nervenkitzel, Erlebnis und vor allem viel Genuss. 68 alpine Klettersteige in den Ostalpen pr\u00e4sentiert der gleichnamige Band in der Reihe Rother Selection. Das Buch stellt jedoch nicht ausschlie\u00dflich die Klettersteige in den Mittelpunkt, sondern auch das ganze \u00bbDrumherum\u00ab, das dazugeh\u00f6rt: das Berg-Erleben, die landschaftliche Sch\u00f6nheit und die Aussichten \u2013 einfach die \u00bbgro\u00dfe Bergtour\u00ab.<\/span><\/p>\n<p>Die Klettersteig-Touren in diesem Buch verteilen sich \u00fcber die Felsw\u00e4nde der gesamten Ostalpen, zwischen Wien und Graub\u00fcnden, zwischen Slowenien, dem Trentino und Bayern. Zahlreiche Vorschl\u00e4ge finden sich nat\u00fcrlich in den Dolomiten, dem un\u00fcbertroffenen Mekka f\u00fcr Ferratisti. Hinsichtlich der Anforderungen liegt eine ausgewogene Mischung vor, mit Schwerpunkt im mittleren und gehobenen Niveau. Einsteigergerechte Touren sind ebenso vertreten wie ein paar richtig schwierige Steige.<\/p>\n<p>Mit profunder Kenntnis hat Autor Mark Zahel die sch\u00f6nsten und spannendsten Alpinklettersteige aus dem gesamten Ostalpenraum zusammengestellt \u2013 68 ausgearbeitete Touren mit mehr als 100 einzelnen Steigen, die auf der Wunschliste jedes ambitionierten Bergsteigers ganz weit oben stehen.<\/p>\n<p>Die Tourenbeschreibungen verf\u00fcgen \u00fcber kompakte Kurzinfos, differenzierte Schwierigkeitsbewertungen, exakte Routenbeschreibungen, H\u00f6henprofile und Tourenkarten mit eingetragenem Routenverlauf. GPS-Tracks, die von der Website des Rother Bergverlags heruntergeladen werden k\u00f6nnen, machen die Orientierung einfach. Die praktischen Umschlagklappen mit allen Touren im \u00dcberblick machen dieses Buch \u00e4u\u00dferst benutzerfreundlich. Nicht zuletzt die Fotos wecken die Lust auf steile Felsen und Klettersteige<\/p>\n<p>68 H\u00f6henprofile, 68 Tourenkarten im Ma\u00dfstab 1:40.000, 1:50.000 und 1:75.000,<br \/>\neine \u00dcbersichtskarte im Ma\u00dfstab 1:2.000.000. Mit GPS-Tracks.<br \/>\n296 Seiten<\/p>\n<p>2. aktualis. Auflage 2024<\/p>","protected":false},"excerpt":{"rendered":"<p>68 spannende Touren zwischen Wien, Bodensee und Gardasee Leitern, Drahtseile und viel Luft unter den F\u00fc\u00dfen \u2013 Klettersteige sorgen f\u00fcr Nervenkitzel, Erlebnis und vor allem viel Genuss. 68 alpine Klettersteige in den Ostalpen pr\u00e4sentiert der gleichnamige Band in der Reihe Rother Selection. Das Buch stellt jedoch nicht ausschlie\u00dflich die Klettersteige in den Mittelpunkt, sondern auch [&#8230;]\n","protected":false},"featured_media":172112,"template":"","meta":[],"product_brand":[],"product_cat":[21544],"product_tag":[],"class_list":{"0":"post-172111","1":"product","2":"type-product","3":"status-publish","4":"has-post-thumbnail","6":"product_cat-fuehrerliteratur-alpin-sommer","7":"pa_autor-zahel","8":"pa_erscheinungsjahr-27339","9":"pa_region-deutschland","10":"pa_region-italien","11":"pa_region-oesterreich","12":"pa_region-osteuropa","13":"pa_sprache-de","15":"first","16":"instock","17":"taxable","18":"shipping-taxable","19":"purchasable","20":"product-type-simple"},"_links":{"self":[{"href":"https:\/\/pizbube.ch\/en\/wp-json\/wp\/v2\/product\/172111","targetHints":{"allow":["GET"]}}],"collection":[{"href":"https:\/\/pizbube.ch\/en\/wp-json\/wp\/v2\/product"}],"about":[{"href":"https:\/\/pizbube.ch\/en\/wp-json\/wp\/v2\/types\/product"}],"wp:featuredmedia":[{"embeddable":true,"href":"https:\/\/pizbube.ch\/en\/wp-json\/wp\/v2\/media\/172112"}],"wp:attachment":[{"href":"https:\/\/pizbube.ch\/en\/wp-json\/wp\/v2\/media?parent=172111"}],"wp:term":[{"taxonomy":"product_brand","embeddable":true,"href":"https:\/\/pizbube.ch\/en\/wp-json\/wp\/v2\/product_brand?post=172111"},{"taxonomy":"product_cat","embeddable":true,"href":"https:\/\/pizbube.ch\/en\/wp-json\/wp\/v2\/product_cat?post=172111"},{"taxonomy":"product_tag","embeddable":true,"href":"https:\/\/pizbube.ch\/en\/wp-json\/wp\/v2\/product_tag?post=172111"}],"curies":[{"name":"wp","href":"https:\/\/api.w.org\/{rel}","templated":true}]}}