{"id":172247,"date":"2024-03-28T13:22:41","date_gmt":"2024-03-28T12:22:41","guid":{"rendered":"https:\/\/pizbube.ch\/?post_type=product&#038;p=172247"},"modified":"2024-03-28T14:56:26","modified_gmt":"2024-03-28T13:56:26","slug":"mit-schuss-geschichten-vom-wintersport-und-apres-ski","status":"publish","type":"product","link":"https:\/\/pizbube.ch\/en\/shop\/mit-schuss-geschichten-vom-wintersport-und-apres-ski\/","title":{"rendered":"Mit Schuss &#8211; Geschichten vom Wintersport und Apr\u00e8s-Ski"},"content":{"rendered":"<p><span class=\"value\">Pulverschnee, strahlende Sonne und keine Schlange vor dem Lift &#8211; nur so macht Wintersport Spa\u00df. Wenn der Wind bl\u00e4st oder der Schnee fehlt, die Gondel aber trotzdem rappelvoll ist, macht man es sich am besten unter der Daunendecke gem\u00fctlich und liest Geschichten vom Ski-, Snowboard- und Schlittenfahren, vom Lang- und Schlittschuhlaufen. <\/span><\/p>\n<p><span class=\"value\">Und vom Apr\u00e8s-Ski. Mit Texten von John Irving, Sylvia Plath, Martin Suter, Ernest Hemingway, Teresa Pr\u00e4auer und vielen anderen. Mit Exklusivgeschichten von Zora del Buono und Niko Stoifber.<\/span><\/p>\n<p>Ausgew\u00e4hlt von Margaux de Weck und Silvia Zanovello<\/p>\n<p>Einige der 30 ausgew\u00e4hlten Geschichten kennt man vielleicht, wie \u201eEin Alpenpass auf Skiern\u201c von Arthur Conan Doyle: die Beschreibung der zweiten Skitour \u00fcber die Maienfelder Furgga von Davos nach Arosa im Jahr 1894 und gleichzeitig der Start der englischen Skiliteratur. Den Horv\u00e1th haben die Herausgeber nicht aufgenommen, daf\u00fcr Italo Calvino, Ernest Hemingway, Erich K\u00e4stner, Tim Krohn, Zara del Buono, um nur ein paar zu nennen. Und John Irving; \u201eDas Wochenende in Aspen\u201c stammt aus seinem Alterswerk \u201eDer letzte Sessellift\u201c (Zitat D. Anker, bergliteratur.ch)<strong><br \/>\n<\/strong><\/p>\n<p>Taschenbuch<br \/>\n240 Seiten<\/p>","protected":false},"excerpt":{"rendered":"<p>Pulverschnee, strahlende Sonne und keine Schlange vor dem Lift &#8211; nur so macht Wintersport Spa\u00df. Wenn der Wind bl\u00e4st oder der Schnee fehlt, die Gondel aber trotzdem rappelvoll ist, macht man es sich am besten unter der Daunendecke gem\u00fctlich und liest Geschichten vom Ski-, Snowboard- und Schlittenfahren, vom Lang- und Schlittschuhlaufen. Und vom Apr\u00e8s-Ski. Mit [&#8230;]\n","protected":false},"featured_media":172248,"template":"","meta":[],"product_brand":[],"product_cat":[21629],"product_tag":[],"class_list":{"0":"post-172247","1":"product","2":"type-product","3":"status-publish","4":"has-post-thumbnail","6":"product_cat-belletristik","7":"pa_autor-de-weck-zanovello","8":"pa_erscheinungsjahr-27129","9":"pa_region-deutschland","10":"pa_region-oesterreich","11":"pa_region-schweiz","12":"pa_sprache-de","14":"first","15":"instock","16":"taxable","17":"shipping-taxable","18":"purchasable","19":"product-type-simple"},"_links":{"self":[{"href":"https:\/\/pizbube.ch\/en\/wp-json\/wp\/v2\/product\/172247","targetHints":{"allow":["GET"]}}],"collection":[{"href":"https:\/\/pizbube.ch\/en\/wp-json\/wp\/v2\/product"}],"about":[{"href":"https:\/\/pizbube.ch\/en\/wp-json\/wp\/v2\/types\/product"}],"wp:featuredmedia":[{"embeddable":true,"href":"https:\/\/pizbube.ch\/en\/wp-json\/wp\/v2\/media\/172248"}],"wp:attachment":[{"href":"https:\/\/pizbube.ch\/en\/wp-json\/wp\/v2\/media?parent=172247"}],"wp:term":[{"taxonomy":"product_brand","embeddable":true,"href":"https:\/\/pizbube.ch\/en\/wp-json\/wp\/v2\/product_brand?post=172247"},{"taxonomy":"product_cat","embeddable":true,"href":"https:\/\/pizbube.ch\/en\/wp-json\/wp\/v2\/product_cat?post=172247"},{"taxonomy":"product_tag","embeddable":true,"href":"https:\/\/pizbube.ch\/en\/wp-json\/wp\/v2\/product_tag?post=172247"}],"curies":[{"name":"wp","href":"https:\/\/api.w.org\/{rel}","templated":true}]}}