{"id":172251,"date":"2024-03-28T15:30:41","date_gmt":"2024-03-28T14:30:41","guid":{"rendered":"https:\/\/pizbube.ch\/?post_type=product&#038;p=172251"},"modified":"2024-03-28T15:35:59","modified_gmt":"2024-03-28T14:35:59","slug":"berge-35-geschichten-zwischen-unten-und-oben","status":"publish","type":"product","link":"https:\/\/pizbube.ch\/en\/shop\/berge-35-geschichten-zwischen-unten-und-oben\/","title":{"rendered":"Berge &#8211; 35 Geschichten zwischen unten und oben"},"content":{"rendered":"<p>Bilderbuch f\u00fcr Erwachsene<br \/>\nLiterarische Kurzgeschichten und aquarellierte Illustrationen<\/p>\n<p>Glaubst du, dass Berge gl\u00fccklich machen k\u00f6nnen, frage ich ihn.<br \/>\nVittorio Sella hat alle Gipfel der Alpen fotografiert, seine Ausr\u00fcstung \u00fcber steile Felsw\u00e4nde hinauf und durch tiefe Schluchten wieder hinab getragen. Was treibt ihn an, m\u00f6chte ich wissen.<br \/>\nNat\u00fcrlich machen sie das, sagt Sella. Aber es ist nicht nur der eine Moment, in dem man auf dem Gipfel steht und ringsherum \u00fcber die Wolken blicken kann. Das ist ein Irrglaube. Es geht genauso um die vielen anderen Momente. Auch die Momente voller Anstrengung.<\/p>\n<p>Sie sind nicht zu fassen. Sie \u00fcbersteigen unser Sein. Daran ist nicht zu r\u00fctteln, wenn man bedenkt, dass wir millionenfache Zeitraffer brauchen, um zu verstehen, wie sie sich mit der Verschiebung der Erdplatten aufget\u00fcrmt haben.<br \/>\nDie Berge hingegen haben alles, was jemals war, kommen und gehen gesehen.<br \/>\nDas l\u00e4sst uns schwindeln, wenn wir den Gipfel erreicht haben.<br \/>\nWir nehmen die Anstrengung immer wieder auf uns, wir steigen h\u00f6her und h\u00f6her.<br \/>\nAber kommt man den Bergen damit wirklich n\u00e4her?<\/p>\n<p>Der Faszination f\u00fcr die Berge sp\u00fcren die Autorin Lucia Jay von Seldeneck und der K\u00fcnstler Florian Wei\u00df in diesem Buch nach. Mit facettenreichen Texten und Illustrationen stellen sie 35 Berge vor und erz\u00e4hlen von den mit ihnen verbundenen Herausforderungen, Sehns\u00fcchten und Einzigartigkeiten.<\/p>\n<p>Format: 122 x 174 mm<br \/>\nUmfang: 256 Seiten<\/p>","protected":false},"excerpt":{"rendered":"<p>Bilderbuch f\u00fcr Erwachsene Literarische Kurzgeschichten und aquarellierte Illustrationen Glaubst du, dass Berge gl\u00fccklich machen k\u00f6nnen, frage ich ihn. Vittorio Sella hat alle Gipfel der Alpen fotografiert, seine Ausr\u00fcstung \u00fcber steile Felsw\u00e4nde hinauf und durch tiefe Schluchten wieder hinab getragen. Was treibt ihn an, m\u00f6chte ich wissen. Nat\u00fcrlich machen sie das, sagt Sella. Aber es ist [&#8230;]\n","protected":false},"featured_media":172253,"template":"","meta":[],"product_brand":[],"product_cat":[21629],"product_tag":[],"class_list":{"0":"post-172251","1":"product","2":"type-product","3":"status-publish","4":"has-post-thumbnail","6":"product_cat-belletristik","7":"pa_autor-weiss-von-seldeneck","8":"pa_erscheinungsjahr-27013","9":"pa_region-deutschland","10":"pa_sprache-de","12":"first","13":"instock","14":"taxable","15":"shipping-taxable","16":"purchasable","17":"product-type-simple"},"_links":{"self":[{"href":"https:\/\/pizbube.ch\/en\/wp-json\/wp\/v2\/product\/172251","targetHints":{"allow":["GET"]}}],"collection":[{"href":"https:\/\/pizbube.ch\/en\/wp-json\/wp\/v2\/product"}],"about":[{"href":"https:\/\/pizbube.ch\/en\/wp-json\/wp\/v2\/types\/product"}],"wp:featuredmedia":[{"embeddable":true,"href":"https:\/\/pizbube.ch\/en\/wp-json\/wp\/v2\/media\/172253"}],"wp:attachment":[{"href":"https:\/\/pizbube.ch\/en\/wp-json\/wp\/v2\/media?parent=172251"}],"wp:term":[{"taxonomy":"product_brand","embeddable":true,"href":"https:\/\/pizbube.ch\/en\/wp-json\/wp\/v2\/product_brand?post=172251"},{"taxonomy":"product_cat","embeddable":true,"href":"https:\/\/pizbube.ch\/en\/wp-json\/wp\/v2\/product_cat?post=172251"},{"taxonomy":"product_tag","embeddable":true,"href":"https:\/\/pizbube.ch\/en\/wp-json\/wp\/v2\/product_tag?post=172251"}],"curies":[{"name":"wp","href":"https:\/\/api.w.org\/{rel}","templated":true}]}}