{"id":172296,"date":"2024-04-02T12:43:32","date_gmt":"2024-04-02T10:43:32","guid":{"rendered":"https:\/\/pizbube.ch\/?post_type=product&#038;p=172296"},"modified":"2024-04-02T12:44:03","modified_gmt":"2024-04-02T10:44:03","slug":"les-miracles-de-la-neige","status":"publish","type":"product","link":"https:\/\/pizbube.ch\/en\/shop\/les-miracles-de-la-neige\/","title":{"rendered":"Les Miracles de la neige"},"content":{"rendered":"<p>Une histoire personnelle de la montagne.<\/p>\n<p>\u00ab\u202fLa premi\u00e8re fois que je me suis dit \u201cc\u2019est le plus beau jour de ma vie\u201d, je devais avoir 7 ans. J\u2019\u00e9tais un Savoyard exil\u00e9 \u00e0 Paris. Ce matin-l\u00e0, avant m\u00eame de regarder par la fen\u00eatre,\u00a0\u2028je fus intrigu\u00e9 car une lumi\u00e8re surnaturelle baignait l\u2019appartement.\u202f\u00bb<\/p>\n<p>Denis Pivot \u00e9gr\u00e8ne les souvenirs d\u2019une vie fa\u00e7onn\u00e9e par son amour pour la neige et ses miracles. Malgr\u00e9 une forte scoliose et des d\u00e9buts p\u00e9rilleux, ses jours seront plus beaux que ses r\u00eaves\u2009: l\u2019amour au bout d\u2019une route enneig\u00e9e par une nuit de r\u00e9veillon, des records sur Chamonix-Zermatt, une mort d\u00e9jou\u00e9e sur les pentes de l\u2019Everest ou sous une avalanche\u2026 Avec une curiosit\u00e9 et une envie de comprendre jamais rassasi\u00e9es, l\u2019auteur observe sa vie avec le recul et les connaissances d\u2019un passionn\u00e9 d\u2019histoire et de sciences.<\/p>\n<p><em>Les Miracles de la neige<\/em>\u00a0propose une balade stimulante entre les souvenirs intimes et l\u2019histoire du ski de randonn\u00e9e,\u00a0de l\u2019alpinisme, des sciences et techniques depuis\u2026 la nuit des temps.<\/p>\n<p>160 pages;<br \/>\n12 x 17 cm<\/p>","protected":false},"excerpt":{"rendered":"<p>Une histoire personnelle de la montagne. \u00ab\u202fLa premi\u00e8re fois que je me suis dit \u201cc\u2019est le plus beau jour de ma vie\u201d, je devais avoir 7 ans. J\u2019\u00e9tais un Savoyard exil\u00e9 \u00e0 Paris. Ce matin-l\u00e0, avant m\u00eame de regarder par la fen\u00eatre,\u00a0\u2028je fus intrigu\u00e9 car une lumi\u00e8re surnaturelle baignait l\u2019appartement.\u202f\u00bb Denis Pivot \u00e9gr\u00e8ne les souvenirs [&#8230;]\n","protected":false},"featured_media":172297,"template":"","meta":[],"product_brand":[],"product_cat":[21629,21542],"product_tag":[],"class_list":{"0":"post-172296","1":"product","2":"type-product","3":"status-publish","4":"has-post-thumbnail","6":"product_cat-belletristik","7":"product_cat-sachbuecher-dokumentationen","8":"pa_autor-pivot","9":"pa_erscheinungsjahr-27339","10":"pa_region-frankreich","11":"pa_sprache-fr","13":"first","14":"instock","15":"taxable","16":"shipping-taxable","17":"purchasable","18":"product-type-simple"},"_links":{"self":[{"href":"https:\/\/pizbube.ch\/en\/wp-json\/wp\/v2\/product\/172296","targetHints":{"allow":["GET"]}}],"collection":[{"href":"https:\/\/pizbube.ch\/en\/wp-json\/wp\/v2\/product"}],"about":[{"href":"https:\/\/pizbube.ch\/en\/wp-json\/wp\/v2\/types\/product"}],"wp:featuredmedia":[{"embeddable":true,"href":"https:\/\/pizbube.ch\/en\/wp-json\/wp\/v2\/media\/172297"}],"wp:attachment":[{"href":"https:\/\/pizbube.ch\/en\/wp-json\/wp\/v2\/media?parent=172296"}],"wp:term":[{"taxonomy":"product_brand","embeddable":true,"href":"https:\/\/pizbube.ch\/en\/wp-json\/wp\/v2\/product_brand?post=172296"},{"taxonomy":"product_cat","embeddable":true,"href":"https:\/\/pizbube.ch\/en\/wp-json\/wp\/v2\/product_cat?post=172296"},{"taxonomy":"product_tag","embeddable":true,"href":"https:\/\/pizbube.ch\/en\/wp-json\/wp\/v2\/product_tag?post=172296"}],"curies":[{"name":"wp","href":"https:\/\/api.w.org\/{rel}","templated":true}]}}