{"id":172354,"date":"2024-04-05T17:02:46","date_gmt":"2024-04-05T15:02:46","guid":{"rendered":"https:\/\/pizbube.ch\/?post_type=product&#038;p=172354"},"modified":"2024-04-05T17:04:39","modified_gmt":"2024-04-05T15:04:39","slug":"erlebnis-sac-huetten-bergabenteuer-fuer-familien","status":"publish","type":"product","link":"https:\/\/pizbube.ch\/en\/shop\/erlebnis-sac-huetten-bergabenteuer-fuer-familien\/","title":{"rendered":"Erlebnis SAC-H\u00fctten &#8211; Bergabenteuer f\u00fcr Familien"},"content":{"rendered":"<p>Eine Kombination von H\u00fctten\u00fcbernachtung und actionreichen Bergerlebnissen f\u00fcr Familien.<\/p>\n<p>SAC-H\u00fctten eignen sich prima f\u00fcr spannende Wochenendtrips. In diesem SAC-Erlebnisf\u00fchrer beschreibt Heidi Schwaiger 35 actionreiche Ausfl\u00fcge zu SAC-H\u00fctten in der ganzen Schweiz. Eine H\u00f6hlenbegehung auf eigene Faust? Ein familientauglicher Klettersteig? Wandern auf einen 3000 Meter hohen Berggipfel? Einfaches H\u00fcttenleben in einer Selbstversorgerh\u00fctte? Oder gar ein H\u00fcttenbesuch im Winter? Diese und mehr Erlebnisse kombiniert mit der \u00dcbernachtung in einer SAC-H\u00fctte bieten ein unvergessliches Abenteuer in den Bergen.<\/p>\n<p>Das Buch eignet sich f\u00fcr Familien und Gruppen mit Kindern zwischen 8 und 15 Jahren, die bereits etwas Wandererfahrung gesammelt haben und in den Bergen gut zu Fuss unterwegs sind.<\/p>\n<p>\u00abErlebnis SAC-H\u00fctten\u00bb ist der Nachfolgeband des erfolgreichen Buches \u00ab<strong><a href=\"https:\/\/pizbube.ch\/en\/shop\/familienausfluege-zu-sac-huetten\/\">Familienausfl\u00fcge zu SAC-H\u00fctten<\/a><\/strong>\u00bb, welches ebenfalls von Heidi Schwaiger recherchiert und geschrieben wurde.<\/p>\n<p>Das neue Erlebnisbuch f\u00fcr Familien kombiniert actionreiche Bergerlebnisse mit einer H\u00fctten\u00fcbernachtung. Die Autorin Heidi Schwaiger hat zusammen mit ihrer Familie und Freunden 35 Ausfl\u00fcge in der ganzen Schweiz recherchiert. Einfache Klettersteige und Wander-3000er, Selbstversorgerh\u00fctten, coole Biketouren, klare Bergseen und vieles mehr. Alle Erlebnisse sind familientauglich und eignen sich f\u00fcr Eltern und Kinder ab ca. 8 Jahren mit etwas Wandererfahrung.<\/p>\n<p>Die Schweizer Bergwelt bietet unz\u00e4hlige M\u00f6glichkeiten f\u00fcr spannende Familienausfl\u00fcge. Mit etwas Wandererfahrung und Planung lassen sich wahre Abenteuer erleben, die Kindern und Eltern lange in Erinnerung bleiben werden. Eine H\u00f6hlenbegehung auf eigene Faust? Ein familientauglicher Klettersteig? Wandern auf einen 3000 Meter hohen Berggipfel? Einfaches H\u00fcttenleben in einer Selbstversorgerh\u00fctte? Oder gar ein H\u00fcttenbesuch im Winter? Diese und weitere Erlebnisse kombiniert mit der \u00dcbernachtung in einer SAC-H\u00fctte stellt Heidi Schwaiger in ihrem neuen Buch vor. Die ausgew\u00e4hlten Ausfl\u00fcge eignen sich f\u00fcr Familien und Gruppen mit Kindern zwischen 8 und 15 Jahren, die bereits etwas Wandererfahrung gesammelt haben und in den Bergen gut unterwegs sind.<\/p>\n<p>Die Abenteuer verteilen sich auf die ganze Schweiz: im Engadin der Chamonna Tuoi CAS mit Schneeschuhen einen Besuch abstatten, die Urner Hundstockh\u00f6hle nahe der Lidernenh\u00fctte SAC entdecken, im Tessin den perfekten Sonnenaufgang bei der Capanna Cristallina CAS geniessen, im Unterwallis im Zustieg zur Cabane de Susanfe CAS \u00fcber die H\u00e4ngebr\u00fccke Belle-Etoile balancieren \u2013 die 35 Bergabenteuer bieten eine spannende Vielfalt an Erlebnissen.<\/p>\n<p>Die Zu- und Abstiege zum Erlebnis und der Weg zur H\u00fctte sind detailliert beschrieben, ausgiebig bebildert sowie auf einer \u00dcbersichtskarte pro Tour eingezeichnet. Tipps zum Familienwandern, zu Sicherheit und Umwelt erg\u00e4nzen den Inhalt dieses Erlebnisf\u00fchrers.<\/p>\n<p>1. Auflage 2024; gebunden, Softcover<br \/>\n264 Seiten, 191 Farbfotos<\/p>","protected":false},"excerpt":{"rendered":"<p>Eine Kombination von H\u00fctten\u00fcbernachtung und actionreichen Bergerlebnissen f\u00fcr Familien. SAC-H\u00fctten eignen sich prima f\u00fcr spannende Wochenendtrips. In diesem SAC-Erlebnisf\u00fchrer beschreibt Heidi Schwaiger 35 actionreiche Ausfl\u00fcge zu SAC-H\u00fctten in der ganzen Schweiz. Eine H\u00f6hlenbegehung auf eigene Faust? Ein familientauglicher Klettersteig? Wandern auf einen 3000 Meter hohen Berggipfel? Einfaches H\u00fcttenleben in einer Selbstversorgerh\u00fctte? Oder gar ein H\u00fcttenbesuch [&#8230;]\n","protected":false},"featured_media":172355,"template":"","meta":[],"product_brand":[],"product_cat":[21544,22143,21605],"product_tag":[],"class_list":{"0":"post-172354","1":"product","2":"type-product","3":"status-publish","4":"has-post-thumbnail","6":"product_cat-fuehrerliteratur-alpin-sommer","7":"product_cat-huettenverzeichnisse-hotelfuehrer","8":"product_cat-wanderfuehrer-trekking","9":"pa_autor-schwaiger","10":"pa_erscheinungsjahr-27339","11":"pa_region-schweiz","12":"pa_sprache-de","14":"first","15":"instock","16":"taxable","17":"shipping-taxable","18":"purchasable","19":"product-type-simple"},"_links":{"self":[{"href":"https:\/\/pizbube.ch\/en\/wp-json\/wp\/v2\/product\/172354","targetHints":{"allow":["GET"]}}],"collection":[{"href":"https:\/\/pizbube.ch\/en\/wp-json\/wp\/v2\/product"}],"about":[{"href":"https:\/\/pizbube.ch\/en\/wp-json\/wp\/v2\/types\/product"}],"wp:featuredmedia":[{"embeddable":true,"href":"https:\/\/pizbube.ch\/en\/wp-json\/wp\/v2\/media\/172355"}],"wp:attachment":[{"href":"https:\/\/pizbube.ch\/en\/wp-json\/wp\/v2\/media?parent=172354"}],"wp:term":[{"taxonomy":"product_brand","embeddable":true,"href":"https:\/\/pizbube.ch\/en\/wp-json\/wp\/v2\/product_brand?post=172354"},{"taxonomy":"product_cat","embeddable":true,"href":"https:\/\/pizbube.ch\/en\/wp-json\/wp\/v2\/product_cat?post=172354"},{"taxonomy":"product_tag","embeddable":true,"href":"https:\/\/pizbube.ch\/en\/wp-json\/wp\/v2\/product_tag?post=172354"}],"curies":[{"name":"wp","href":"https:\/\/api.w.org\/{rel}","templated":true}]}}