{"id":172389,"date":"2024-04-09T14:15:59","date_gmt":"2024-04-09T12:15:59","guid":{"rendered":"https:\/\/pizbube.ch\/?post_type=product&#038;p=172389"},"modified":"2025-09-25T12:48:17","modified_gmt":"2025-09-25T10:48:17","slug":"sardinien-ost-sportklettern","status":"publish","type":"product","link":"https:\/\/pizbube.ch\/en\/shop\/sardinien-ost-sportklettern\/","title":{"rendered":"SARDINIEN Ost Sportklettern"},"content":{"rendered":"<p>Baronia, Oliena, Gonone, Baunei, Jerzu, Ulassai und Quirra<\/p>\n<p>Der Osten Sardiniens ist seit Jahren f\u00fcr die Vielzahl und die Qualit\u00e4t seiner Felsen bekannt. Doch vor allem in den letzten zehn Jahren hat die Zahl der Kletterg\u00e4rten beeindruckend zugenommen, insbesondere in der Region Ogliastra.<\/p>\n<p>Gleichzeitig tragen die Sanierung und die Wiederbelebung \u201eklassischer\u201c Sektoren durch verschiedene Akteure dazu bei, die Insel zu einem der begehrtesten und interessantesten Sportkletterziele im Mittelmeerraum zu etablieren, nicht zuletzt wegen der landschaftlichen Reize und dem herrlichen Gestein.<\/p>\n<p>English version see here: <strong><a href=\"https:\/\/pizbube.ch\/en\/shop\/eastern-sardinia-crags-baronia-oliena-gonone-baunei-jerzu-ulassai-and-quirra\/\" target=\"_blank\" rel=\"noopener\">Eastern Sardinia Crags<\/a><\/strong><\/p>\n<p>480 Seiten;<br \/>\n1. Auflage 2024<\/p>","protected":false},"excerpt":{"rendered":"<p>Baronia, Oliena, Gonone, Baunei, Jerzu, Ulassai und Quirra Der Osten Sardiniens ist seit Jahren f\u00fcr die Vielzahl und die Qualit\u00e4t seiner Felsen bekannt. Doch vor allem in den letzten zehn Jahren hat die Zahl der Kletterg\u00e4rten beeindruckend zugenommen, insbesondere in der Region Ogliastra. Gleichzeitig tragen die Sanierung und die Wiederbelebung \u201eklassischer\u201c Sektoren durch verschiedene Akteure [&#8230;]\n","protected":false},"featured_media":172390,"template":"","meta":[],"product_brand":[],"product_cat":[21539],"product_tag":[],"class_list":{"0":"post-172389","1":"product","2":"type-product","3":"status-publish","4":"has-post-thumbnail","6":"product_cat-fuehrerliteratur-sportklettern-bouldern","7":"pa_autor-felderer","8":"pa_erscheinungsjahr-27339","9":"pa_region-italien","10":"pa_sprache-de","12":"first","13":"instock","14":"taxable","15":"shipping-taxable","16":"purchasable","17":"product-type-simple"},"_links":{"self":[{"href":"https:\/\/pizbube.ch\/en\/wp-json\/wp\/v2\/product\/172389","targetHints":{"allow":["GET"]}}],"collection":[{"href":"https:\/\/pizbube.ch\/en\/wp-json\/wp\/v2\/product"}],"about":[{"href":"https:\/\/pizbube.ch\/en\/wp-json\/wp\/v2\/types\/product"}],"wp:featuredmedia":[{"embeddable":true,"href":"https:\/\/pizbube.ch\/en\/wp-json\/wp\/v2\/media\/172390"}],"wp:attachment":[{"href":"https:\/\/pizbube.ch\/en\/wp-json\/wp\/v2\/media?parent=172389"}],"wp:term":[{"taxonomy":"product_brand","embeddable":true,"href":"https:\/\/pizbube.ch\/en\/wp-json\/wp\/v2\/product_brand?post=172389"},{"taxonomy":"product_cat","embeddable":true,"href":"https:\/\/pizbube.ch\/en\/wp-json\/wp\/v2\/product_cat?post=172389"},{"taxonomy":"product_tag","embeddable":true,"href":"https:\/\/pizbube.ch\/en\/wp-json\/wp\/v2\/product_tag?post=172389"}],"curies":[{"name":"wp","href":"https:\/\/api.w.org\/{rel}","templated":true}]}}