{"id":172396,"date":"2024-04-09T17:07:19","date_gmt":"2024-04-09T15:07:19","guid":{"rendered":"https:\/\/pizbube.ch\/?post_type=product&#038;p=172396"},"modified":"2024-04-09T17:17:13","modified_gmt":"2024-04-09T15:17:13","slug":"alpine-notfallmedizin","status":"publish","type":"product","link":"https:\/\/pizbube.ch\/en\/shop\/alpine-notfallmedizin\/","title":{"rendered":"Alpine Notfallmedizin"},"content":{"rendered":"<p><span class=\"value\">Dieses Buch bietet Ihnen fundiertes und spezialisiertes Fachwissen zu:<br \/>\nGeschichte und Fortschritten der Bergrettung<\/span><\/p>\n<p>Ausbildung, \u00dcbung, Ausr\u00fcstung, Arbeiten im alpinen Gel\u00e4nde von Bergung \u00fcber Erstdiagnose bis zum Transport<br \/>\npathophysiologischen Besonderheiten von Unf\u00e4llen im Gebirge<\/p>\n<p>Diagnose und optimaler Behandlung von Traumen, internistischen Notf\u00e4llen, neurologischen und psychiatrischen Krankheiten bis hin zu Infektionen<br \/>\nVersorgung von Verletzten nach Unf\u00e4llen beim Klettern, Canyoning, H\u00f6hlensport, Lawinenabgang, bei Hypothermie, Fatigue, H\u00f6henkrankheit, H\u00f6henhirn\u00f6dem u.v.m.<\/p>\n<p>Viele &#171;Real-Life&#187;-Beispiele, Abbildungen, Grafiken und Cave-K\u00e4sten unterst\u00fctzen das Verst\u00e4ndnis und machen das Buch zu einem Muss f\u00fcr alle in der Bergrettung T\u00e4tigen.<\/p>\n<p>Herausgegeben von f\u00fchrenden Experten der Internationalen Kommission f\u00fcr alpine Notfallmedizin ICAR.<\/p>\n<p>Das Buch wird von der Bergwacht Bayern, dem \u00d6sterreichischen Bergrettungsdienst, der Schweizerischen Rettungsflugwacht und der Alpinen Rettung Schweiz empfohlen.<\/p>\n<p>Alpine Notfallmedizin eignet sich f\u00fcr:<br \/>\nBergrettungskr\u00e4fte in Ausbildung und Beruf<br \/>\nNot\u00e4rzt*innen<\/p>\n<p>800 Seiten,<br \/>\n<span class=\"value\">Breite 213 mm, H\u00f6he 276 mm, Dicke 41 mm<\/span><\/p>","protected":false},"excerpt":{"rendered":"<p>Dieses Buch bietet Ihnen fundiertes und spezialisiertes Fachwissen zu: Geschichte und Fortschritten der Bergrettung Ausbildung, \u00dcbung, Ausr\u00fcstung, Arbeiten im alpinen Gel\u00e4nde von Bergung \u00fcber Erstdiagnose bis zum Transport pathophysiologischen Besonderheiten von Unf\u00e4llen im Gebirge Diagnose und optimaler Behandlung von Traumen, internistischen Notf\u00e4llen, neurologischen und psychiatrischen Krankheiten bis hin zu Infektionen Versorgung von Verletzten nach Unf\u00e4llen [&#8230;]\n","protected":false},"featured_media":172398,"template":"","meta":[],"product_brand":[],"product_cat":[21538],"product_tag":[],"class_list":{"0":"post-172396","1":"product","2":"type-product","3":"status-publish","4":"has-post-thumbnail","6":"product_cat-lehrbuecher","7":"pa_autor-jacob-brugger","8":"pa_erscheinungsjahr-27129","9":"pa_region-medizin-recht","10":"pa_sprache-de","12":"first","13":"instock","14":"taxable","15":"shipping-taxable","16":"purchasable","17":"product-type-simple"},"_links":{"self":[{"href":"https:\/\/pizbube.ch\/en\/wp-json\/wp\/v2\/product\/172396","targetHints":{"allow":["GET"]}}],"collection":[{"href":"https:\/\/pizbube.ch\/en\/wp-json\/wp\/v2\/product"}],"about":[{"href":"https:\/\/pizbube.ch\/en\/wp-json\/wp\/v2\/types\/product"}],"wp:featuredmedia":[{"embeddable":true,"href":"https:\/\/pizbube.ch\/en\/wp-json\/wp\/v2\/media\/172398"}],"wp:attachment":[{"href":"https:\/\/pizbube.ch\/en\/wp-json\/wp\/v2\/media?parent=172396"}],"wp:term":[{"taxonomy":"product_brand","embeddable":true,"href":"https:\/\/pizbube.ch\/en\/wp-json\/wp\/v2\/product_brand?post=172396"},{"taxonomy":"product_cat","embeddable":true,"href":"https:\/\/pizbube.ch\/en\/wp-json\/wp\/v2\/product_cat?post=172396"},{"taxonomy":"product_tag","embeddable":true,"href":"https:\/\/pizbube.ch\/en\/wp-json\/wp\/v2\/product_tag?post=172396"}],"curies":[{"name":"wp","href":"https:\/\/api.w.org\/{rel}","templated":true}]}}