{"id":172408,"date":"2024-04-10T11:13:17","date_gmt":"2024-04-10T09:13:17","guid":{"rendered":"https:\/\/pizbube.ch\/?post_type=product&#038;p=172408"},"modified":"2024-04-26T12:29:34","modified_gmt":"2024-04-26T10:29:34","slug":"traumgrate-der-ostalpen","status":"publish","type":"product","link":"https:\/\/pizbube.ch\/en\/shop\/traumgrate-der-ostalpen\/","title":{"rendered":"Traumgrate der Ostalpen"},"content":{"rendered":"<div class=\"product--sub-title\">Entlang atemberaubender Aussichten die Berge erklimmen<\/div>\n<div>\n<p>Grat-Abenteuer von leicht bis anspruchsvoll: Entdecken Sie 30 Gratwanderungen entlang atemberaubender Aussichten<\/p>\n<p>Atemberaubendes Panorama und beeindruckender Tiefblick: Grat-\u00dcberschreitungen gelten nicht ohne Grund als die K\u00f6nigsdisziplin des Bergsteigens.<br \/>\nViele Bergliebhaber sind sich jedoch unsicher, wie sie sich an ber\u00fchmte Routen wie den Jubil\u00e4umsgrat oder den Biancograt heranwagen sollen. Unser Autor bietet in diesem Wanderf\u00fchrer eine klare und praxisnahe Anleitung. Die Traumgrate sind nach Schwierigkeitsgraden geordnet und in drei aufeinander aufbauenden Kategorien unterteilt. Jede Kategorie enth\u00e4lt zehn vergleichbare und wunderbare Grate, die Ihnen unvergessliche Bergabenteuer bescheren werden.<\/p>\n<p>Dieser Wanderf\u00fchrer wird Ihnen nicht nur helfen, die sch\u00f6nsten Panoramawanderungen zu finden, sondern auch Ihre Leidenschaft f\u00fcr das Bergsteigen auf eine neue Ebene heben. Ihr n\u00e4chstes Abenteuer auf den Traumgraten der Ostalpen beginnt hier!<\/p>\n<\/div>\n<p>192 Seiten<br \/>\nca. 200 Abbildungen<br \/>\nFormat 16,5 x 23,5 cm<br \/>\nKlappenbroschur mit Fadenheftung<\/p>","protected":false},"excerpt":{"rendered":"<p>Entlang atemberaubender Aussichten die Berge erklimmen Grat-Abenteuer von leicht bis anspruchsvoll: Entdecken Sie 30 Gratwanderungen entlang atemberaubender Aussichten Atemberaubendes Panorama und beeindruckender Tiefblick: Grat-\u00dcberschreitungen gelten nicht ohne Grund als die K\u00f6nigsdisziplin des Bergsteigens. Viele Bergliebhaber sind sich jedoch unsicher, wie sie sich an ber\u00fchmte Routen wie den Jubil\u00e4umsgrat oder den Biancograt heranwagen sollen. Unser Autor [&#8230;]\n","protected":false},"featured_media":172409,"template":"","meta":[],"product_brand":[],"product_cat":[21544,21605],"product_tag":[],"class_list":{"0":"post-172408","1":"product","2":"type-product","3":"status-publish","4":"has-post-thumbnail","6":"product_cat-fuehrerliteratur-alpin-sommer","7":"product_cat-wanderfuehrer-trekking","8":"pa_autor-proettel","9":"pa_erscheinungsjahr-27339","10":"pa_region-deutschland","11":"pa_region-oesterreich","12":"pa_sprache-de","14":"first","15":"instock","16":"taxable","17":"shipping-taxable","18":"purchasable","19":"product-type-simple"},"_links":{"self":[{"href":"https:\/\/pizbube.ch\/en\/wp-json\/wp\/v2\/product\/172408","targetHints":{"allow":["GET"]}}],"collection":[{"href":"https:\/\/pizbube.ch\/en\/wp-json\/wp\/v2\/product"}],"about":[{"href":"https:\/\/pizbube.ch\/en\/wp-json\/wp\/v2\/types\/product"}],"wp:featuredmedia":[{"embeddable":true,"href":"https:\/\/pizbube.ch\/en\/wp-json\/wp\/v2\/media\/172409"}],"wp:attachment":[{"href":"https:\/\/pizbube.ch\/en\/wp-json\/wp\/v2\/media?parent=172408"}],"wp:term":[{"taxonomy":"product_brand","embeddable":true,"href":"https:\/\/pizbube.ch\/en\/wp-json\/wp\/v2\/product_brand?post=172408"},{"taxonomy":"product_cat","embeddable":true,"href":"https:\/\/pizbube.ch\/en\/wp-json\/wp\/v2\/product_cat?post=172408"},{"taxonomy":"product_tag","embeddable":true,"href":"https:\/\/pizbube.ch\/en\/wp-json\/wp\/v2\/product_tag?post=172408"}],"curies":[{"name":"wp","href":"https:\/\/api.w.org\/{rel}","templated":true}]}}