{"id":172424,"date":"2024-04-11T08:58:59","date_gmt":"2024-04-11T06:58:59","guid":{"rendered":"https:\/\/pizbube.ch\/?post_type=product&#038;p=172424"},"modified":"2024-04-11T09:16:36","modified_gmt":"2024-04-11T07:16:36","slug":"folambule-les-confessions-dun-grimpeur-etoile","status":"publish","type":"product","link":"https:\/\/pizbube.ch\/en\/shop\/folambule-les-confessions-dun-grimpeur-etoile\/","title":{"rendered":"FOLAMBULE &#8211; Les confessions d&#8217;un grimpeur \u00e9toile."},"content":{"rendered":"<p>Antoine Le Menestrel a \u00e9t\u00e9 l\u2019un des prodiges qui ont invent\u00e9 l\u2019escalade libre dans les ann\u00e9es 1980. Plus que tout autre, il a emmen\u00e9 l\u2019escalade vers des niveaux in\u00e9dits, alliant la recherche de difficult\u00e9 et la cr\u00e9ativit\u00e9. Il est la m\u00e9moire vivante d\u2019un mouvement qui conduit des millions de jeunes \u00e0 pratiquer aujourd\u2019hui l\u2019escalade.<\/p>\n<p>Dans <em>Folambule<\/em>, il raconte avec une sinc\u00e9rit\u00e9 bouleversante comment son exploration du geste sur les falaises allait de pair avec celle de ses tourments intimes. Son chemin, vertical et singulier, l\u2019a conduit vers la cr\u00e9ation artistique. Il est aujourd\u2019hui chor\u00e9graphe et danseur de la compagnie L\u00e9zards bleus, qui cr\u00e9e des spectacles de danse-escalade.<\/p>\n<p>Antoine Le Menestrel, n\u00e9 en 1965, a \u00e9t\u00e9 initi\u00e9 \u00e0 la grimpe en famille \u00e0 Fontainebleau. Il a \u00e9t\u00e9 l\u2019un des meilleurs grimpeurs mondiaux dans les ann\u00e9es 1980\u00a0: premier 8a+ en solo, premier 8a \u00e0 vue, premier 8b+ fran\u00e7ais. Il est aujourd\u2019hui chor\u00e9graphe et danseur de la compagnie L\u00e9zards bleus, qui cr\u00e9e des spectacles de danse-escalade.<\/p>\n<p>Pr\u00e9face de Denis Lavant.<\/p>\n<p>Autobiographie; 192 pages;<br \/>\nFormat: 15 x 21 cm<\/p>","protected":false},"excerpt":{"rendered":"<p>Antoine Le Menestrel a \u00e9t\u00e9 l\u2019un des prodiges qui ont invent\u00e9 l\u2019escalade libre dans les ann\u00e9es 1980. Plus que tout autre, il a emmen\u00e9 l\u2019escalade vers des niveaux in\u00e9dits, alliant la recherche de difficult\u00e9 et la cr\u00e9ativit\u00e9. Il est la m\u00e9moire vivante d\u2019un mouvement qui conduit des millions de jeunes \u00e0 pratiquer aujourd\u2019hui l\u2019escalade. Dans [&#8230;]\n","protected":false},"featured_media":172425,"template":"","meta":[],"product_brand":[],"product_cat":[21629,21542],"product_tag":[],"class_list":{"0":"post-172424","1":"product","2":"type-product","3":"status-publish","4":"has-post-thumbnail","6":"product_cat-belletristik","7":"product_cat-sachbuecher-dokumentationen","8":"pa_autor-le-menestrel","9":"pa_erscheinungsjahr-27339","10":"pa_region-frankreich","11":"pa_sprache-fr","13":"first","14":"instock","15":"taxable","16":"shipping-taxable","17":"purchasable","18":"product-type-simple"},"_links":{"self":[{"href":"https:\/\/pizbube.ch\/en\/wp-json\/wp\/v2\/product\/172424","targetHints":{"allow":["GET"]}}],"collection":[{"href":"https:\/\/pizbube.ch\/en\/wp-json\/wp\/v2\/product"}],"about":[{"href":"https:\/\/pizbube.ch\/en\/wp-json\/wp\/v2\/types\/product"}],"wp:featuredmedia":[{"embeddable":true,"href":"https:\/\/pizbube.ch\/en\/wp-json\/wp\/v2\/media\/172425"}],"wp:attachment":[{"href":"https:\/\/pizbube.ch\/en\/wp-json\/wp\/v2\/media?parent=172424"}],"wp:term":[{"taxonomy":"product_brand","embeddable":true,"href":"https:\/\/pizbube.ch\/en\/wp-json\/wp\/v2\/product_brand?post=172424"},{"taxonomy":"product_cat","embeddable":true,"href":"https:\/\/pizbube.ch\/en\/wp-json\/wp\/v2\/product_cat?post=172424"},{"taxonomy":"product_tag","embeddable":true,"href":"https:\/\/pizbube.ch\/en\/wp-json\/wp\/v2\/product_tag?post=172424"}],"curies":[{"name":"wp","href":"https:\/\/api.w.org\/{rel}","templated":true}]}}