{"id":172454,"date":"2024-04-13T09:27:25","date_gmt":"2024-04-13T07:27:25","guid":{"rendered":"https:\/\/pizbube.ch\/?post_type=product&#038;p=172454"},"modified":"2025-04-16T10:42:54","modified_gmt":"2025-04-16T08:42:54","slug":"blessures-et-traumatismes-en-escalade","status":"publish","type":"product","link":"https:\/\/pizbube.ch\/en\/shop\/blessures-et-traumatismes-en-escalade\/","title":{"rendered":"Blessures et traumatismes en escalade"},"content":{"rendered":"<p>Les pr\u00e9venir, les gu\u00e9rir<\/p>\n<div class=\"field field-name-hw-presentation-editoriale field-type-text-long field-label-hidden\">\n<div class=\"field-items\">\n<div class=\"field-item even\">\n<p>Apprenez \u00e0 reconna\u00eetre les blessures et les traumatismes li\u00e9s \u00e0 la pratique de l\u2019escalade et suivez les conseils et astuces pour les pr\u00e9venir et les gu\u00e9rir.<\/p>\n<p>L\u2019escalade est une discipline sportive compl\u00e8te, intense et exigeante qui r\u00e9clame des comp\u00e9tences physiques autant que mentales. Si elles ne sont pas une fatalit\u00e9, les blessures qui y sont associ\u00e9es sont nombreuses et ciblent quelques parties du corps et groupes musculaires de fa\u00e7on sp\u00e9cifique. Particuli\u00e8rement sollicit\u00e9s, les doigts, les poignets, les \u00e9paules, les genoux peuvent subir des contraintes parfois lourdes qui, si elles sont r\u00e9p\u00e9t\u00e9es, peuvent mener \u00e0 des blessures. Instabilit\u00e9s articulaires, diminution de la force, perte d\u2019amplitude, sursollicitation musculaire, douleurs qui s\u2019installent progressivement, apprenez \u00e0 reconna\u00eetre ces m\u00e9canismes d\u00e9l\u00e9t\u00e8res pour votre corps et votre pratique.<\/p>\n<p>Kin\u00e9sith\u00e9rapeute et ost\u00e9opathe avec\u00a0plus de 20 ans d\u2019exp\u00e9rience dans le sport de haut niveau, Aur\u00e9lie Dutertre nous livre dans cet ouvrage pratique ses\u00a0conseils, ses astuces et ses protocoles pour aider les grimpeurs\u00a0\u00e0 pr\u00e9venir les blessures, soulager les douleurs, mobiliser et renforcer les zones bless\u00e9es, mettre en place une routine d\u2019automassage, d\u2019\u00e9tirement et une hygi\u00e8ne de vie saine. Les illustrations didactiques, les photographies de mise en situation, les \u00ab\u00a0conseils du doc\u00a0\u00bb et les t\u00e9moignages de quelques-uns des meilleurs grimpeurs fran\u00e7ais vous permettront de mieux assimiler les riches connaissances d\u00e9livr\u00e9es\u00a0!<\/p>\n<p>&#8211; Les\u00a0\u00ab conseils du doc \u00bb, le Dr\u00a0Benoit Requier, m\u00e9decin r\u00e9\u00e9ducateur et grimpeur.<br \/>\n&#8211; Des\u00a0dizaines d&#8217;illustrations\u00a0comme outil p\u00e9dagogique d&#8217;aide \u00e0 la compr\u00e9hension.<br \/>\n&#8211; Plus de 400 photos\u00a0pour comprendre et ex\u00e9cuter les exercices.<\/p>\n<p>208 pages;<br \/>\n172 x 240 mm<\/p>\n<\/div>\n<\/div>\n<\/div>","protected":false},"excerpt":{"rendered":"<p>Les pr\u00e9venir, les gu\u00e9rir Apprenez \u00e0 reconna\u00eetre les blessures et les traumatismes li\u00e9s \u00e0 la pratique de l\u2019escalade et suivez les conseils et astuces pour les pr\u00e9venir et les gu\u00e9rir. L\u2019escalade est une discipline sportive compl\u00e8te, intense et exigeante qui r\u00e9clame des comp\u00e9tences physiques autant que mentales. Si elles ne sont pas une fatalit\u00e9, les [&#8230;]\n","protected":false},"featured_media":172455,"template":"","meta":[],"product_brand":[],"product_cat":[21538],"product_tag":[],"class_list":{"0":"post-172454","1":"product","2":"type-product","3":"status-publish","4":"has-post-thumbnail","6":"product_cat-lehrbuecher","7":"pa_autor-dutertre","8":"pa_erscheinungsjahr-27339","9":"pa_region-klettertechnik","10":"pa_region-medizin-recht","11":"pa_sprache-fr","13":"first","14":"instock","15":"taxable","16":"shipping-taxable","17":"purchasable","18":"product-type-simple"},"_links":{"self":[{"href":"https:\/\/pizbube.ch\/en\/wp-json\/wp\/v2\/product\/172454","targetHints":{"allow":["GET"]}}],"collection":[{"href":"https:\/\/pizbube.ch\/en\/wp-json\/wp\/v2\/product"}],"about":[{"href":"https:\/\/pizbube.ch\/en\/wp-json\/wp\/v2\/types\/product"}],"wp:featuredmedia":[{"embeddable":true,"href":"https:\/\/pizbube.ch\/en\/wp-json\/wp\/v2\/media\/172455"}],"wp:attachment":[{"href":"https:\/\/pizbube.ch\/en\/wp-json\/wp\/v2\/media?parent=172454"}],"wp:term":[{"taxonomy":"product_brand","embeddable":true,"href":"https:\/\/pizbube.ch\/en\/wp-json\/wp\/v2\/product_brand?post=172454"},{"taxonomy":"product_cat","embeddable":true,"href":"https:\/\/pizbube.ch\/en\/wp-json\/wp\/v2\/product_cat?post=172454"},{"taxonomy":"product_tag","embeddable":true,"href":"https:\/\/pizbube.ch\/en\/wp-json\/wp\/v2\/product_tag?post=172454"}],"curies":[{"name":"wp","href":"https:\/\/api.w.org\/{rel}","templated":true}]}}