{"id":172568,"date":"2024-04-19T11:06:53","date_gmt":"2024-04-19T09:06:53","guid":{"rendered":"https:\/\/pizbube.ch\/?post_type=product&#038;p=172568"},"modified":"2025-06-11T12:16:37","modified_gmt":"2025-06-11T10:16:37","slug":"puglia-rock-falesie-e-dws-roccia-e-mare-dal-gargano-al-salento","status":"publish","type":"product","link":"https:\/\/pizbube.ch\/en\/shop\/puglia-rock-falesie-e-dws-roccia-e-mare-dal-gargano-al-salento\/","title":{"rendered":"PUGLIA Rock &#8211; Falesie e DWS: roccia e mare dal Gargano al Salento"},"content":{"rendered":"<p>Per un territorio come quello pugliese, non certo famoso per le sue montagne, i dieci anni che ci separano dall\u2019ultima edizione possono sembrare un periodo breve, con poche novit\u00e0 significative. Non \u00e8 cosi, e si capisce subito dalla scelta di dedicare questa edizione totalmente all\u2019arrampicata in Puglia, riducendo la vastit\u00e0 territoriale delle precedenti guide A Sud (Versante Sud, 2006).<\/p>\n<p>Se vi chiedete dove sono le novit\u00e0, le principali dovrete cercarle in mare! La Puglia in questi ultimi anni \u00e8 diventata una meta turistica importante anche per il Deep Water Solo lungo le sue splendide scogliere. Ma anche nelle pi\u00f9 classiche falesie l\u2019arrampicata sportiva sta seguendo il trend di tutto il resto d\u2019Italia e anche qui, dove alle poche montagne presenti si sostituiscono i numerosi canyon che chiamiamo gravine, vi \u00e8 stato un pullulare di nuovi itinerari.<\/p>\n<p>Alcuni progetti si sono trasformati in vie, molti settori hanno assunto dimensioni significative, al punto da poterci scalare per pi\u00f9 giornate provando sempre itinerari diversi. Nuovi spot sono stati scoperti e alcuni sono ancora da valorizzare. Infine alcune falesie i cui ancoraggi risultavano deteriorati, in particolare quelle sul Gargano, sono state riattrezzate e rinnovate con ulteriori itinerari. Con il contributo del progetto Books For Bolts, quello di Rocciaeresina e delle societ\u00e0 Fasi Pulgiesi, da San Giovanni Rotondo fino a Santa Maria di Leuca, il parco giochi \u00e8 cresciuto in quantit\u00e0 e qualit\u00e0 dell\u2019offerta.<\/p>\n<p>Troverete in Puglia un piccolo paradiso di roccia dove vi potrete divertire, sempre con un\u2019attenzione particolare alla sicurezza, al rispetto della natura e di chi vive e lavora sul territorio.<\/p>\n<p>Prima edizione 2024;<br \/>\nDimensioni: 15x21x1.5 cm<br \/>\n208 pagine<\/p>","protected":false},"excerpt":{"rendered":"<p>Per un territorio come quello pugliese, non certo famoso per le sue montagne, i dieci anni che ci separano dall\u2019ultima edizione possono sembrare un periodo breve, con poche novit\u00e0 significative. Non \u00e8 cosi, e si capisce subito dalla scelta di dedicare questa edizione totalmente all\u2019arrampicata in Puglia, riducendo la vastit\u00e0 territoriale delle precedenti guide A [&#8230;]\n","protected":false},"featured_media":172569,"template":"","meta":[],"product_brand":[],"product_cat":[21539],"product_tag":[27578],"class_list":{"0":"post-172568","1":"product","2":"type-product","3":"status-publish","4":"has-post-thumbnail","6":"product_cat-fuehrerliteratur-sportklettern-bouldern","7":"product_tag-sueditalien","8":"pa_autor-montel","9":"pa_erscheinungsjahr-27339","10":"pa_region-italien","11":"pa_sprache-it","13":"first","14":"instock","15":"taxable","16":"shipping-taxable","17":"purchasable","18":"product-type-simple"},"_links":{"self":[{"href":"https:\/\/pizbube.ch\/en\/wp-json\/wp\/v2\/product\/172568","targetHints":{"allow":["GET"]}}],"collection":[{"href":"https:\/\/pizbube.ch\/en\/wp-json\/wp\/v2\/product"}],"about":[{"href":"https:\/\/pizbube.ch\/en\/wp-json\/wp\/v2\/types\/product"}],"wp:featuredmedia":[{"embeddable":true,"href":"https:\/\/pizbube.ch\/en\/wp-json\/wp\/v2\/media\/172569"}],"wp:attachment":[{"href":"https:\/\/pizbube.ch\/en\/wp-json\/wp\/v2\/media?parent=172568"}],"wp:term":[{"taxonomy":"product_brand","embeddable":true,"href":"https:\/\/pizbube.ch\/en\/wp-json\/wp\/v2\/product_brand?post=172568"},{"taxonomy":"product_cat","embeddable":true,"href":"https:\/\/pizbube.ch\/en\/wp-json\/wp\/v2\/product_cat?post=172568"},{"taxonomy":"product_tag","embeddable":true,"href":"https:\/\/pizbube.ch\/en\/wp-json\/wp\/v2\/product_tag?post=172568"}],"curies":[{"name":"wp","href":"https:\/\/api.w.org\/{rel}","templated":true}]}}