{"id":172581,"date":"2024-04-19T11:06:18","date_gmt":"2024-04-19T09:06:18","guid":{"rendered":"https:\/\/pizbube.ch\/?post_type=product&#038;p=172581"},"modified":"2026-04-14T08:58:46","modified_gmt":"2026-04-14T06:58:46","slug":"oltre-arco-sportklettern-von-verona-bis-ins-nonstal-val-di-non","status":"publish","type":"product","link":"https:\/\/pizbube.ch\/en\/shop\/oltre-arco-sportklettern-von-verona-bis-ins-nonstal-val-di-non\/","title":{"rendered":"Oltre Arco &#8211;  Sportklettern von Verona bis ins Nonstal \/ Val di Non"},"content":{"rendered":"<p><span class=\"value\">Garda, Ceraino Canyon, Caprino Veronese, Ceredo, Valpolicella, Valle dell&#8217;Adige, Val di Non<br \/>\nVerona, Rovereto, Trient \/ Trento<br \/>\n<\/span><\/p>\n<p><span class=\"value\">Oltre Arco beschreibt die zahlreichen Kletterg\u00e4rten, die sich im Etschtal zwischen Affi und Trento befinden. In Zusammenarbeit mit zahlreichen Erschlie\u00dfern und Locals ist ein Buch entstanden, das auf 544 Seiten \u00fcber 3400 Kletterrouten in 78 Gebieten beschreibt. Detaillierte, neue Topos zu jedem Klettergebiet, neue Zustiegskizzen, neue \u00dcbersichtsbilder zur besseren Orientierung. Ausf\u00fchrliche Texte zu den Gebieten, Zustiegsbeschreibungen u.v.m.<\/span><\/p>\n<p><span class=\"value\">In diesem Kletterf\u00fchrer:<\/span><\/p>\n<ul>\n<li>78 Gebiete mit \u00fcber 3.400 Roten<\/li>\n<li>150 Fotos und zahlreiche Infos rund um das Klettern zwischen Verona und Trient \/ Trento.<\/li>\n<li>240 Bilder, davon 100 ganzseitig<\/li>\n<\/ul>\n<p>1. Auflage 2024;<br \/>\n544 Seiten<\/p>","protected":false},"excerpt":{"rendered":"<p>Garda, Ceraino Canyon, Caprino Veronese, Ceredo, Valpolicella, Valle dell&#8217;Adige, Val di Non Verona, Rovereto, Trient \/ Trento Oltre Arco beschreibt die zahlreichen Kletterg\u00e4rten, die sich im Etschtal zwischen Affi und Trento befinden. In Zusammenarbeit mit zahlreichen Erschlie\u00dfern und Locals ist ein Buch entstanden, das auf 544 Seiten \u00fcber 3400 Kletterrouten in 78 Gebieten beschreibt. Detaillierte, [&#8230;]\n","protected":false},"featured_media":172583,"template":"","meta":[],"product_brand":[],"product_cat":[21539],"product_tag":[],"class_list":{"0":"post-172581","1":"product","2":"type-product","3":"status-publish","4":"has-post-thumbnail","6":"product_cat-fuehrerliteratur-sportklettern-bouldern","7":"pa_autor-meisl","8":"pa_erscheinungsjahr-27339","9":"pa_region-italien","10":"pa_sprache-de","12":"first","13":"instock","14":"taxable","15":"shipping-taxable","16":"purchasable","17":"product-type-simple"},"_links":{"self":[{"href":"https:\/\/pizbube.ch\/en\/wp-json\/wp\/v2\/product\/172581","targetHints":{"allow":["GET"]}}],"collection":[{"href":"https:\/\/pizbube.ch\/en\/wp-json\/wp\/v2\/product"}],"about":[{"href":"https:\/\/pizbube.ch\/en\/wp-json\/wp\/v2\/types\/product"}],"wp:featuredmedia":[{"embeddable":true,"href":"https:\/\/pizbube.ch\/en\/wp-json\/wp\/v2\/media\/172583"}],"wp:attachment":[{"href":"https:\/\/pizbube.ch\/en\/wp-json\/wp\/v2\/media?parent=172581"}],"wp:term":[{"taxonomy":"product_brand","embeddable":true,"href":"https:\/\/pizbube.ch\/en\/wp-json\/wp\/v2\/product_brand?post=172581"},{"taxonomy":"product_cat","embeddable":true,"href":"https:\/\/pizbube.ch\/en\/wp-json\/wp\/v2\/product_cat?post=172581"},{"taxonomy":"product_tag","embeddable":true,"href":"https:\/\/pizbube.ch\/en\/wp-json\/wp\/v2\/product_tag?post=172581"}],"curies":[{"name":"wp","href":"https:\/\/api.w.org\/{rel}","templated":true}]}}