{"id":172679,"date":"2024-04-27T10:41:24","date_gmt":"2024-04-27T08:41:24","guid":{"rendered":"https:\/\/pizbube.ch\/?post_type=product&#038;p=172679"},"modified":"2025-04-23T17:19:52","modified_gmt":"2025-04-23T15:19:52","slug":"escalade-georges-de-la-dourbie-vallee-du-cernon","status":"publish","type":"product","link":"https:\/\/pizbube.ch\/en\/shop\/escalade-georges-de-la-dourbie-vallee-du-cernon\/","title":{"rendered":"Escalade Georges de la Dourbie &amp; vall\u00e9e du cernon"},"content":{"rendered":"<p>Les gorges de la Dourbie moins c\u00e9l\u00e8bres que celles du Tarn, offre pourtant des voies incontournables, que ce soit au Boffi, \u00e0 Cantobre, ou \u00e0 Laumet.<\/p>\n<div class=\"\">Au programme, toutes\u00a0les voies du Boffi mais aussi le secteur de Laumet, tout proche de Millau. Au chapitre des nouveaut\u00e9s , le site de Cantobre a \u00e9t\u00e9 agr\u00e9ment\u00e9 de cinq secteurs, \u00e0 l\u2019ombre l\u2019apr\u00e8s-midi. Un nouveau secteur d\u2019initiation, le site du Viala, proche de Saint-Jean-du-Bruel fait aussi son apparition. Et les secteurs de la vall\u00e9e du Cernon, ont \u00e9t\u00e9 red\u00e9taill\u00e9s.<\/div>\n<div class=\"\"><\/div>\n<div class=\"\">Au total, c\u2019est plus de 650 voies de tous niveaux,\u00a0r\u00e9parties sur cinq secteurs (Boffi, Laumet, Cantobre, le Viala, Malaspes) qui sont pr\u00e9sent\u00e9es.<\/div>\n<ul>\n<li>Vous trouverez un style et un caillou diff\u00e9rent sur chaque site.<\/li>\n<li>\u00a0Ce topo inclut \u00e9galement les gorges du Cernon<\/li>\n<\/ul>\n<p>176 pages en couleur, format large de 16x20cm.<br \/>\nTraduit en anglais<\/p>\n<p>&nbsp;<\/p>\n<p>La Dourbie is the little brother of Le Tarn and La Jonte in terms of climbing. But with its climbing areas le Boffi and Cantobre real highlights are waiting for you. Super sport climbing routes in impressive nature make the climbing heart beat faster. As in the neighboring areas of La Jonte and Le Tarn, you need to bring a certain level of climbing technique if you want to let off steam here. The guide is more modern in its new edition. It now has color photo topos, brief descriptions of the sector, the material needed, info on the approach, good site plans and useful symbols \/ pictograms. It now also includes the Cernon gorge.<\/p>\n<p>176 pages<br \/>\nLanguage French \/ English<\/p>","protected":false},"excerpt":{"rendered":"<p>Les gorges de la Dourbie moins c\u00e9l\u00e8bres que celles du Tarn, offre pourtant des voies incontournables, que ce soit au Boffi, \u00e0 Cantobre, ou \u00e0 Laumet. Au programme, toutes\u00a0les voies du Boffi mais aussi le secteur de Laumet, tout proche de Millau. Au chapitre des nouveaut\u00e9s , le site de Cantobre a \u00e9t\u00e9 agr\u00e9ment\u00e9 de [&#8230;]\n","protected":false},"featured_media":172680,"template":"","meta":[],"product_brand":[],"product_cat":[21539],"product_tag":[],"class_list":{"0":"post-172679","1":"product","2":"type-product","3":"status-publish","4":"has-post-thumbnail","6":"product_cat-fuehrerliteratur-sportklettern-bouldern","7":"pa_autor-aquagrimpe","8":"pa_autor-caf","9":"pa_erscheinungsjahr-27129","10":"pa_region-frankreich","11":"pa_sprache-fr-en","13":"first","14":"instock","15":"taxable","16":"shipping-taxable","17":"purchasable","18":"product-type-simple"},"_links":{"self":[{"href":"https:\/\/pizbube.ch\/en\/wp-json\/wp\/v2\/product\/172679","targetHints":{"allow":["GET"]}}],"collection":[{"href":"https:\/\/pizbube.ch\/en\/wp-json\/wp\/v2\/product"}],"about":[{"href":"https:\/\/pizbube.ch\/en\/wp-json\/wp\/v2\/types\/product"}],"wp:featuredmedia":[{"embeddable":true,"href":"https:\/\/pizbube.ch\/en\/wp-json\/wp\/v2\/media\/172680"}],"wp:attachment":[{"href":"https:\/\/pizbube.ch\/en\/wp-json\/wp\/v2\/media?parent=172679"}],"wp:term":[{"taxonomy":"product_brand","embeddable":true,"href":"https:\/\/pizbube.ch\/en\/wp-json\/wp\/v2\/product_brand?post=172679"},{"taxonomy":"product_cat","embeddable":true,"href":"https:\/\/pizbube.ch\/en\/wp-json\/wp\/v2\/product_cat?post=172679"},{"taxonomy":"product_tag","embeddable":true,"href":"https:\/\/pizbube.ch\/en\/wp-json\/wp\/v2\/product_tag?post=172679"}],"curies":[{"name":"wp","href":"https:\/\/api.w.org\/{rel}","templated":true}]}}