{"id":172819,"date":"2024-05-02T09:33:17","date_gmt":"2024-05-02T07:33:17","guid":{"rendered":"https:\/\/pizbube.ch\/?post_type=product&#038;p=172819"},"modified":"2024-05-02T09:33:17","modified_gmt":"2024-05-02T07:33:17","slug":"frischluftabenteuer-schweiz","status":"publish","type":"product","link":"https:\/\/pizbube.ch\/en\/shop\/frischluftabenteuer-schweiz\/","title":{"rendered":"Frischluftabenteuer Schweiz"},"content":{"rendered":"<p>Lernt die Schweiz auf abenteuerliche Art kennen und erlebt mit diesem Buch 32 unvergessliche Tage.<\/p>\n<p>Habt ihr genug von langweiligen Wochenenden zuhause und von den immer gleichen Spazierg\u00e4ngen im Park? In diesem Guide findet ihr leicht zug\u00e4ngliche und unerwartete Abenteuer! Denn Abenteuer lauern \u00fcberall. Ob eine spannende Erkundungstour auf dem SUP, der Besuch eines Bunkers auf dem Gotthard, ein stockdunkles Abendessen in Z\u00fcrich oder auf den Spuren von Schmugglern und Partisanen auf den Vie Ferrate und wandern auf dem Gletscher \u00a0\u2013 holt Abwechslung in euer Leben und st\u00fcrzt euch in spannende Abenteuer in der Schweiz. Findet au\u00dferdem hilfreiche Tipps und Tricks sowie weitere Hinweise dazu, wo in der Schweiz ihr die Abenteuer sonst noch erleben k\u00f6nnt. Ob als Familie, zu zweit oder solo \u2013 mit diesem F\u00fchrer kommt ihr in eurer Freizeit auf eure Kosten.<\/p>\n<p><span class=\"value\">224 Seiten<br \/>\nBreite 123 mm, H\u00f6he 233 mm<br \/>\n1. Auflage 2024<br \/>\n<\/span><\/p>","protected":false},"excerpt":{"rendered":"<p>Lernt die Schweiz auf abenteuerliche Art kennen und erlebt mit diesem Buch 32 unvergessliche Tage. Habt ihr genug von langweiligen Wochenenden zuhause und von den immer gleichen Spazierg\u00e4ngen im Park? In diesem Guide findet ihr leicht zug\u00e4ngliche und unerwartete Abenteuer! Denn Abenteuer lauern \u00fcberall. Ob eine spannende Erkundungstour auf dem SUP, der Besuch eines Bunkers [&#8230;]\n","protected":false},"featured_media":172821,"template":"","meta":[],"product_brand":[],"product_cat":[21605],"product_tag":[],"class_list":{"0":"post-172819","1":"product","2":"type-product","3":"status-publish","4":"has-post-thumbnail","6":"product_cat-wanderfuehrer-trekking","7":"pa_autor-schoutens","8":"pa_erscheinungsjahr-27339","9":"pa_region-schweiz","10":"pa_sprache-de","12":"first","13":"instock","14":"taxable","15":"shipping-taxable","16":"purchasable","17":"product-type-simple"},"_links":{"self":[{"href":"https:\/\/pizbube.ch\/en\/wp-json\/wp\/v2\/product\/172819","targetHints":{"allow":["GET"]}}],"collection":[{"href":"https:\/\/pizbube.ch\/en\/wp-json\/wp\/v2\/product"}],"about":[{"href":"https:\/\/pizbube.ch\/en\/wp-json\/wp\/v2\/types\/product"}],"wp:featuredmedia":[{"embeddable":true,"href":"https:\/\/pizbube.ch\/en\/wp-json\/wp\/v2\/media\/172821"}],"wp:attachment":[{"href":"https:\/\/pizbube.ch\/en\/wp-json\/wp\/v2\/media?parent=172819"}],"wp:term":[{"taxonomy":"product_brand","embeddable":true,"href":"https:\/\/pizbube.ch\/en\/wp-json\/wp\/v2\/product_brand?post=172819"},{"taxonomy":"product_cat","embeddable":true,"href":"https:\/\/pizbube.ch\/en\/wp-json\/wp\/v2\/product_cat?post=172819"},{"taxonomy":"product_tag","embeddable":true,"href":"https:\/\/pizbube.ch\/en\/wp-json\/wp\/v2\/product_tag?post=172819"}],"curies":[{"name":"wp","href":"https:\/\/api.w.org\/{rel}","templated":true}]}}