{"id":172850,"date":"2024-05-03T10:10:12","date_gmt":"2024-05-03T08:10:12","guid":{"rendered":"https:\/\/pizbube.ch\/?post_type=product&#038;p=172850"},"modified":"2024-10-03T11:57:49","modified_gmt":"2024-10-03T09:57:49","slug":"escalade-en-ardeche-2","status":"publish","type":"product","link":"https:\/\/pizbube.ch\/en\/shop\/escalade-en-ardeche-2\/","title":{"rendered":"Escalade en Ard\u00e8che"},"content":{"rendered":"<p class=\"article-text col data\" data-th=\"Type\">Falaises, blocs, Grandes voies<\/p>\n<p>S&#8217;il y a bien un d\u00e9partement qui peut se targuer d&#8217;offrir au grimpeur une vari\u00e9t\u00e9 de sites et de milieux naturels, c&#8217;est bien l&#8217;Ard\u00e8che.<\/p>\n<p>La nouvelle \u00e9dition du topo escalade en Ard\u00e8che est maintenant disponible !<br \/>\nLe topo escalade en Ard\u00e8che pr\u00e9sente l\u2019ensemble des sites d\u2019escalade du D\u00e9partement. Cette nouvelle \u00e9dition \u00e9volue :<\/p>\n<p class=\"article-text col data\" data-th=\"Nombre de voie\">Plus de 2000 voies sur 40 secteurs<\/p>\n<p>10 zones ge\u0301ographiques<br \/>\n47 sites de couennes, 7 sites de Grandes Voies<br \/>\nLes grandes voies des gorges de l\u2019Arde\u0300che, la Chiarde, Antraigues<br \/>\nDes nouveaux sites et nouveaux secteurs<br \/>\n28 sites re\u0301e\u0301quipe\u0301s inte\u0301gralement ou en cours de re\u0301e\u0301quipement, 1400 voies re\u0301e\u0301quipe\u0301es, finance\u0301es notamment par la vente du topo<\/p>\n<p>Du petit site intimiste nich\u00e9 \u00e0 l&#8217;ombre des fayards et rafra\u00eechi par la proximit\u00e9 du torrent, parfait pour une pratique familiale,<br \/>\n\u00e0 l&#8217;insolence des grandes voies parcourant les impressionnants d\u00e9vers concr\u00e9tionn\u00e9s gorg\u00e9s d&#8217;un soleil d\u00e9j\u00e0 bien m\u00e9ridional, la palette est large !<\/p>\n<p>Calcaire, granite, migmatite, gneiss, gr\u00e8s, basalte, phonolite&#8230; Grandes voies, couenne, trad, bloc&#8230;<br \/>\nEt une constante : un environnement exceptionnel et des Ard\u00e9chois d\u00e9termin\u00e9s \u00e0 conjuguer sport et nature au pr\u00e9sent comme au futur.<\/p>\n<p>Nouvelle \u00e9dition 2024<br \/>\n15&#215;21 cm; 384 pages<\/p>\n<p>&nbsp;<\/p>","protected":false},"excerpt":{"rendered":"<p>Falaises, blocs, Grandes voies S&#8217;il y a bien un d\u00e9partement qui peut se targuer d&#8217;offrir au grimpeur une vari\u00e9t\u00e9 de sites et de milieux naturels, c&#8217;est bien l&#8217;Ard\u00e8che. La nouvelle \u00e9dition du topo escalade en Ard\u00e8che est maintenant disponible ! Le topo escalade en Ard\u00e8che pr\u00e9sente l\u2019ensemble des sites d\u2019escalade du D\u00e9partement. Cette nouvelle \u00e9dition [&#8230;]\n","protected":false},"featured_media":172851,"template":"","meta":[],"product_brand":[],"product_cat":[21539],"product_tag":[],"class_list":{"0":"post-172850","1":"product","2":"type-product","3":"status-publish","4":"has-post-thumbnail","6":"product_cat-fuehrerliteratur-sportklettern-bouldern","7":"pa_autor-ffme","8":"pa_erscheinungsjahr-27339","9":"pa_region-frankreich","10":"pa_sprache-fr-en","12":"first","13":"instock","14":"taxable","15":"shipping-taxable","16":"purchasable","17":"product-type-simple"},"_links":{"self":[{"href":"https:\/\/pizbube.ch\/en\/wp-json\/wp\/v2\/product\/172850","targetHints":{"allow":["GET"]}}],"collection":[{"href":"https:\/\/pizbube.ch\/en\/wp-json\/wp\/v2\/product"}],"about":[{"href":"https:\/\/pizbube.ch\/en\/wp-json\/wp\/v2\/types\/product"}],"wp:featuredmedia":[{"embeddable":true,"href":"https:\/\/pizbube.ch\/en\/wp-json\/wp\/v2\/media\/172851"}],"wp:attachment":[{"href":"https:\/\/pizbube.ch\/en\/wp-json\/wp\/v2\/media?parent=172850"}],"wp:term":[{"taxonomy":"product_brand","embeddable":true,"href":"https:\/\/pizbube.ch\/en\/wp-json\/wp\/v2\/product_brand?post=172850"},{"taxonomy":"product_cat","embeddable":true,"href":"https:\/\/pizbube.ch\/en\/wp-json\/wp\/v2\/product_cat?post=172850"},{"taxonomy":"product_tag","embeddable":true,"href":"https:\/\/pizbube.ch\/en\/wp-json\/wp\/v2\/product_tag?post=172850"}],"curies":[{"name":"wp","href":"https:\/\/api.w.org\/{rel}","templated":true}]}}