{"id":172861,"date":"2024-05-03T12:31:16","date_gmt":"2024-05-03T10:31:16","guid":{"rendered":"https:\/\/pizbube.ch\/?post_type=product&#038;p=172861"},"modified":"2024-06-04T11:39:25","modified_gmt":"2024-06-04T09:39:25","slug":"schweiz-plaisir-jura","status":"publish","type":"product","link":"https:\/\/pizbube.ch\/en\/shop\/schweiz-plaisir-jura\/","title":{"rendered":"Schweiz plaisir JURA"},"content":{"rendered":"<div class=\"text-section text-section--p text-section--norm\">\n<p>Klettern zwischen Winzerh\u00f6fen und Burgruinen, auf Hochebenen und in engen Schluchten, inmitten uralter Eichenw\u00e4lder oder direkt \u00fcber den D\u00e4chern der Stadt, das alles geh\u00f6rt zum Jura.<\/p>\n<p>Im Waadtl\u00e4nder Jura zwar nur sp\u00e4rlich ges\u00e4t, schiessen die Klettergebiete im Berner-, Solothurner- und Basler Jura f\u00f6rmlich aus dem Boden und bieten dem Kletterer eine riesige Auswahl an verschiedenen Klettereien auf kleinem Raum.<\/p>\n<p>Die letzte Auflage (2017) wurde komplett \u00fcberarbeitet und mit ein paar neuen Gebieten erg\u00e4nzt.<\/p>\n<p class=\"norm\">4-farbig, 360 Seiten, 68 Gebiete<br \/>\nFormat: 12.0 x 18.5 cm<br \/>\nSprachen: D, F, E<br \/>\nErscheinungsjahr: 2024<\/p>\n<p>&nbsp;<\/p>\n<\/div>\n<p>Climbing amongst vineyards and castle ruins, on plateaus and in narrow gorges, surrounded by ancient oak forests or directly above the city&#8230;this is all the Jura! The cliffs are mostly nice, and short. Only rarely will you find big walls as you might find in the foothills of the Alps.<br \/>\nNevertheless, these cliffs see a lot of traffic since they often are the closest climbing opportunity for climbers living in cities in Northern Switzerland. Thanks to it\u2019s lower elevation and mild temperatures, Jura climbing is perfect for winter visits. Only the fog can sometimes dampen your mood! The latest edition (2017) has been completely revised and supplemented with a few new areas.<\/p>\n<p>Full (4) Color, 360 pages, 68 areas<br \/>\nSize: 12.0 x 18.5 cm<br \/>\nLanguages: German, French, English<br \/>\nYear of publication: 2024<\/p>","protected":false},"excerpt":{"rendered":"<p>Klettern zwischen Winzerh\u00f6fen und Burgruinen, auf Hochebenen und in engen Schluchten, inmitten uralter Eichenw\u00e4lder oder direkt \u00fcber den D\u00e4chern der Stadt, das alles geh\u00f6rt zum Jura. Im Waadtl\u00e4nder Jura zwar nur sp\u00e4rlich ges\u00e4t, schiessen die Klettergebiete im Berner-, Solothurner- und Basler Jura f\u00f6rmlich aus dem Boden und bieten dem Kletterer eine riesige Auswahl an verschiedenen [&#8230;]\n","protected":false},"featured_media":172862,"template":"","meta":[],"product_brand":[],"product_cat":[21539],"product_tag":[],"class_list":{"0":"post-172861","1":"product","2":"type-product","3":"status-publish","4":"has-post-thumbnail","6":"product_cat-fuehrerliteratur-sportklettern-bouldern","7":"pa_autor-von-kaenel","8":"pa_erscheinungsjahr-27339","9":"pa_region-schweiz","10":"pa_sprache-de-fr-en","12":"first","13":"instock","14":"taxable","15":"shipping-taxable","16":"purchasable","17":"product-type-simple"},"_links":{"self":[{"href":"https:\/\/pizbube.ch\/en\/wp-json\/wp\/v2\/product\/172861","targetHints":{"allow":["GET"]}}],"collection":[{"href":"https:\/\/pizbube.ch\/en\/wp-json\/wp\/v2\/product"}],"about":[{"href":"https:\/\/pizbube.ch\/en\/wp-json\/wp\/v2\/types\/product"}],"wp:featuredmedia":[{"embeddable":true,"href":"https:\/\/pizbube.ch\/en\/wp-json\/wp\/v2\/media\/172862"}],"wp:attachment":[{"href":"https:\/\/pizbube.ch\/en\/wp-json\/wp\/v2\/media?parent=172861"}],"wp:term":[{"taxonomy":"product_brand","embeddable":true,"href":"https:\/\/pizbube.ch\/en\/wp-json\/wp\/v2\/product_brand?post=172861"},{"taxonomy":"product_cat","embeddable":true,"href":"https:\/\/pizbube.ch\/en\/wp-json\/wp\/v2\/product_cat?post=172861"},{"taxonomy":"product_tag","embeddable":true,"href":"https:\/\/pizbube.ch\/en\/wp-json\/wp\/v2\/product_tag?post=172861"}],"curies":[{"name":"wp","href":"https:\/\/api.w.org\/{rel}","templated":true}]}}