{"id":172915,"date":"2024-05-07T11:18:28","date_gmt":"2024-05-07T09:18:28","guid":{"rendered":"https:\/\/pizbube.ch\/?post_type=product&#038;p=172915"},"modified":"2024-05-07T11:22:53","modified_gmt":"2024-05-07T09:22:53","slug":"pyrenaeen-4-spanische-und-franzoesische-westpyrenaeen","status":"publish","type":"product","link":"https:\/\/pizbube.ch\/en\/shop\/pyrenaeen-4-spanische-und-franzoesische-westpyrenaeen\/","title":{"rendered":"Pyren\u00e4en 4 &#8211; Spanische und franz\u00f6sische Westpyren\u00e4en"},"content":{"rendered":"<p><span class=\"value\">Sch\u00f6ne T\u00e4ler, idyllische Hochlagen und ein immens kontrastreiches Gebirge, dessen vielseitige Landschaften, Felsformen und kuriose Berggestalten immer wieder erstaunen, diese ganze Vielfalt begegnet dem Wanderer in den Westpyren\u00e4en, sowohl auf spanischer als auch auf franz\u00f6sischer Seite. Der Bergtourismus ist wohltuend verhalten, h\u00e4ufig genie\u00dft man die abwechslungsreichen Wege und die beeindruckende Gipfelschau fast alleine. Der Rother Wanderf\u00fchrer Westpyren\u00e4en &#8211; Pyren\u00e4en Band 4 stellt 53 Wandertouren in den spanischen und franz\u00f6sischen Westpyren\u00e4en vor.<\/span><\/p>\n<p><span class=\"value\">Der Wanderf\u00fchrer bietet eine ausgewogene Mischung aus einfachen und mittelschwierigen Wanderungen, die jeden Pyren\u00e4en-Urlaub zu etwas Besonderem machen, sowie herausfordernden Gipfeltouren, die eine gute Kondition und etwas Klettererfahrung voraussetzen. Der Bogen reicht vom vulkanischen Pic du Midi d\u2019Ossau bis zum skurril geformten Castillo d\u2019Acher im Valle de Hecho, vom lieblichen Tal an der schroffen Sec\u00fas-Kette bis zu den Felsnadeln des Pic d\u2019Ansab\u00e8re im ber\u00fchmten Cirque de Lescun. Besonders eindrucksvoll sind die Wanderungen an der Grenze zwischen Spanien und Frankreich, wo die unterschiedlichen Berglandschaften im direkten Kontrast aufeinandersto\u00dfen.<\/span><\/p>\n<p>Jede Wanderung verf\u00fcgt \u00fcber eine zuverl\u00e4ssige Wegbeschreibung, einen Kartenausschnitt mit eingezeichnetem Routenverlauf und ein aussagekr\u00e4ftiges H\u00f6henprofil. Gepr\u00fcfte GPS-Tracks, die von der Internetseite des Rother Bergverlags heruntergeladen werden k\u00f6nnen, machen die Orientierung in den Westpyren\u00e4en ganz einfach. Viele praktische Tipps zu Einkehrm\u00f6glichkeiten, Anfahrten und vielem mehr erleichtern die Planung. Die farbige Schwierigkeitsskala erleichtert die Auswahl. Faszinierende Aufnahmen dieser vielf\u00e4ltigen Gebirgsszenerie wecken die Vorfreude auf den Wanderurlaub.<\/p>\n<p>Wer die faszinierende Bergwelt der spanischen und franz\u00f6sischen Westpyren\u00e4en entdecken m\u00f6chte, hat mit diesen 53 Wanderungen eine abwechslungsreiche Auswahl.<\/p>\n<p>168 Seiten, 53 H\u00f6henprofile, 53 Wanderk\u00e4rtchen im Ma\u00dfstab 1:25.000 und 1:50.000, eine \u00dcbersichtskarte im Ma\u00dfstab 1:500.000<br \/>\n4., aktualisierte Auflage 2024<\/p>","protected":false},"excerpt":{"rendered":"<p>Sch\u00f6ne T\u00e4ler, idyllische Hochlagen und ein immens kontrastreiches Gebirge, dessen vielseitige Landschaften, Felsformen und kuriose Berggestalten immer wieder erstaunen, diese ganze Vielfalt begegnet dem Wanderer in den Westpyren\u00e4en, sowohl auf spanischer als auch auf franz\u00f6sischer Seite. Der Bergtourismus ist wohltuend verhalten, h\u00e4ufig genie\u00dft man die abwechslungsreichen Wege und die beeindruckende Gipfelschau fast alleine. Der Rother [&#8230;]\n","protected":false},"featured_media":172916,"template":"","meta":[],"product_brand":[],"product_cat":[21605],"product_tag":[],"class_list":{"0":"post-172915","1":"product","2":"type-product","3":"status-publish","4":"has-post-thumbnail","6":"product_cat-wanderfuehrer-trekking","7":"pa_autor-buedeler","8":"pa_erscheinungsjahr-27339","9":"pa_region-spanien","10":"pa_sprache-de","12":"first","13":"instock","14":"taxable","15":"shipping-taxable","16":"purchasable","17":"product-type-simple"},"_links":{"self":[{"href":"https:\/\/pizbube.ch\/en\/wp-json\/wp\/v2\/product\/172915","targetHints":{"allow":["GET"]}}],"collection":[{"href":"https:\/\/pizbube.ch\/en\/wp-json\/wp\/v2\/product"}],"about":[{"href":"https:\/\/pizbube.ch\/en\/wp-json\/wp\/v2\/types\/product"}],"wp:featuredmedia":[{"embeddable":true,"href":"https:\/\/pizbube.ch\/en\/wp-json\/wp\/v2\/media\/172916"}],"wp:attachment":[{"href":"https:\/\/pizbube.ch\/en\/wp-json\/wp\/v2\/media?parent=172915"}],"wp:term":[{"taxonomy":"product_brand","embeddable":true,"href":"https:\/\/pizbube.ch\/en\/wp-json\/wp\/v2\/product_brand?post=172915"},{"taxonomy":"product_cat","embeddable":true,"href":"https:\/\/pizbube.ch\/en\/wp-json\/wp\/v2\/product_cat?post=172915"},{"taxonomy":"product_tag","embeddable":true,"href":"https:\/\/pizbube.ch\/en\/wp-json\/wp\/v2\/product_tag?post=172915"}],"curies":[{"name":"wp","href":"https:\/\/api.w.org\/{rel}","templated":true}]}}