{"id":172921,"date":"2024-05-07T11:27:05","date_gmt":"2024-05-07T09:27:05","guid":{"rendered":"https:\/\/pizbube.ch\/?post_type=product&#038;p=172921"},"modified":"2024-05-07T11:44:46","modified_gmt":"2024-05-07T09:44:46","slug":"100-plus-belles-voies-des-pyrenees-occidentales","status":"publish","type":"product","link":"https:\/\/pizbube.ch\/en\/shop\/100-plus-belles-voies-des-pyrenees-occidentales\/","title":{"rendered":"100 plus belles voies des Pyr\u00e9n\u00e9es occidentales"},"content":{"rendered":"<p>Voies d&#8217;escalade de F \u00e0 TD \/ de 4 \u00e0 6b<\/p>\n<div class=\"field field-name-hw-presentation-editoriale field-type-text-long field-label-hidden\">\n<div class=\"field-items\">\n<div class=\"field-item even\">\n<p>En France ou en Espagne, de la vall\u00e9e d\u2019Aspe \u00e0 celle de l\u2019Esera en passant par Riglos, le massif de N\u00e9ouvielle et la Bigorre\u00a0: des grandes voies typ\u00e9es \u00ab\u00a0escalade\u00a0\u00bb ou \u00ab\u00a0alpinisme\u00a0\u00bb, sur tout rocher.<\/p>\n<p>Ce topo est le fruit d\u2019un travail collectif de montagnards passionn\u00e9s, qui ont parcouru toutes ces voies et les ont choisies pour leur beaut\u00e9 et leur originalit\u00e9. Certains des itin\u00e9raires retenus sont sauvages et demandent une bonne connaissance du terrain aventureux de la haute montagne pyr\u00e9n\u00e9enne. D\u2019autres sont classiques, \u00e9quip\u00e9s, s\u00fbrs, et, parcourus lors d\u2019une belle journ\u00e9e, ils laisseront un souvenir \u00e9merveill\u00e9. Mais tous permettront de progresser. Pour les grimpeurs \u00e0 l\u2019aise dans les degr\u00e9s, alors ces voies seront l\u2019occasion d\u2019y guider un compagnon d\u00e9butant et les joies de l\u2019escalade associ\u00e9es au bonheur de la transmission rendront cette journ\u00e9e encore plus magique.<br \/>\nCet ouvrage est riche\u00a0avec des descriptions abondantes, des trac\u00e9s sur photos et des topos dessin\u00e9s pr\u00e9cis. Ce topo a \u00e9t\u00e9 imagin\u00e9 pour renseigner exhaustivement le grimpeur d\u00e9butant, celui qui doute ou la cord\u00e9e qui va se mesurer \u00e0 son niveau maximum. Un certain nombre d\u2019histoires pars\u00e8ment les descriptions\u00a0et les grimpeurs d\u2019exceptions, guides et ouvreurs de g\u00e9nie y sont racont\u00e9s.<br \/>\nLe collectif de la Maison de la Montagne de Pau qui a permis la r\u00e9alisation de ce livre a voulu transmettre toutes ces valeurs qui font qu\u2019une course r\u00e9ussie est un moment unique.<br \/>\nCette nouvelle \u00e9dition revue et corrig\u00e9e est \u00e9galement enrichie de nouvelles voies, plut\u00f4t modernes, sous la forme de fiches pdf au format smartphone, t\u00e9l\u00e9chargeables gr\u00e2ce \u00e0 des QR-codes.<\/p>\n<\/div>\n<\/div>\n<\/div>\n<p>Vall\u00e9 D\u2019Aspe (F), Vall\u00e8e D\u2018Ans\u00f3 (E), Visaurin -Aspe Sud (E), Vall\u00e8e D\u2019Ossau (F), Val de Tena (E), Balaitour \u2013 Vignemale (F), R\u00e9gion de Gavarnie (F), Ordesa et Burajuelo (E), R\u00e9gion de Riglos (E), Vall\u00e9e de Campan et D\u2018Aure, Pe\u00e9montPyr\u00e9n\u00e9en (F), Massif du N\u00e9ouvielle (E), Sierra de Guara (E)<\/p>\n<p>192 pages, 175 x 248 mm<br \/>\n2edition 2024<\/p>","protected":false},"excerpt":{"rendered":"<p>Voies d&#8217;escalade de F \u00e0 TD \/ de 4 \u00e0 6b En France ou en Espagne, de la vall\u00e9e d\u2019Aspe \u00e0 celle de l\u2019Esera en passant par Riglos, le massif de N\u00e9ouvielle et la Bigorre\u00a0: des grandes voies typ\u00e9es \u00ab\u00a0escalade\u00a0\u00bb ou \u00ab\u00a0alpinisme\u00a0\u00bb, sur tout rocher. Ce topo est le fruit d\u2019un travail collectif de montagnards [&#8230;]\n","protected":false},"featured_media":172922,"template":"","meta":[],"product_brand":[],"product_cat":[21544,21539],"product_tag":[],"class_list":{"0":"post-172921","1":"product","2":"type-product","3":"status-publish","4":"has-post-thumbnail","6":"product_cat-fuehrerliteratur-alpin-sommer","7":"product_cat-fuehrerliteratur-sportklettern-bouldern","8":"pa_autor-saule","9":"pa_erscheinungsjahr-27339","10":"pa_region-frankreich","11":"pa_region-spanien","12":"pa_sprache-fr","14":"first","15":"instock","16":"taxable","17":"shipping-taxable","18":"purchasable","19":"product-type-simple"},"_links":{"self":[{"href":"https:\/\/pizbube.ch\/en\/wp-json\/wp\/v2\/product\/172921","targetHints":{"allow":["GET"]}}],"collection":[{"href":"https:\/\/pizbube.ch\/en\/wp-json\/wp\/v2\/product"}],"about":[{"href":"https:\/\/pizbube.ch\/en\/wp-json\/wp\/v2\/types\/product"}],"wp:featuredmedia":[{"embeddable":true,"href":"https:\/\/pizbube.ch\/en\/wp-json\/wp\/v2\/media\/172922"}],"wp:attachment":[{"href":"https:\/\/pizbube.ch\/en\/wp-json\/wp\/v2\/media?parent=172921"}],"wp:term":[{"taxonomy":"product_brand","embeddable":true,"href":"https:\/\/pizbube.ch\/en\/wp-json\/wp\/v2\/product_brand?post=172921"},{"taxonomy":"product_cat","embeddable":true,"href":"https:\/\/pizbube.ch\/en\/wp-json\/wp\/v2\/product_cat?post=172921"},{"taxonomy":"product_tag","embeddable":true,"href":"https:\/\/pizbube.ch\/en\/wp-json\/wp\/v2\/product_tag?post=172921"}],"curies":[{"name":"wp","href":"https:\/\/api.w.org\/{rel}","templated":true}]}}