{"id":172946,"date":"2024-05-08T12:21:07","date_gmt":"2024-05-08T10:21:07","guid":{"rendered":"https:\/\/pizbube.ch\/?post_type=product&#038;p=172946"},"modified":"2024-05-28T09:51:38","modified_gmt":"2024-05-28T07:51:38","slug":"italienische-riviera-ligurien-west-genua-bis-san-remo","status":"publish","type":"product","link":"https:\/\/pizbube.ch\/en\/shop\/italienische-riviera-ligurien-west-genua-bis-san-remo\/","title":{"rendered":"Italienische Riviera: Ligurien West \u2013 Ventimiglia bis Genua"},"content":{"rendered":"<p><span class=\"value\">Wandern an der italienischen Riviera ist ein einziger Genuss: Auf schmalen Pfaden geht es an der sanft geschwungenen, spektakul\u00e4ren K\u00fcste entlang, das Blau des Meeres immer im Blick. Die mediterrane Bergwelt und die K\u00fcste im Westen von Ligurien sind herrlich zum Wandern. Der Rother Wanderf\u00fchrer \u00bbItalienische Riviera\u00ab stellt 50 abwechslungsreiche Wanderungen vor, die Blumenriviera, Palmenriviera und das Hinterland von Genua in ihrer sch\u00f6nsten Art erleben lassen.<\/span><\/p>\n<p><span class=\"value\">Die Tourenauswahl umfasst bequeme Spazierg\u00e4nge unter schattigen Olivenb\u00e4umen, Genusswanderungen entlang der K\u00fcste, aussichtsreiche Wanderungen auf H\u00f6henwegen und einsame Panoramagipfel im Hinterland. Egal, ob man viel oder wenig Zeit f\u00fcr seine Wanderungen mitbringt \u2013 diese Touren lassen sich in jeden Urlaub integrieren und machen la dolce vita erst komplett.<\/span><\/p>\n<p>Das Gebiet in diesem Wanderf\u00fchrer umfasst die \u00bbRiviera di Ponente\u00ab, also die westliche Riviera Liguriens. Sie erstreckt sich zwischen Ventimiglia an der franz\u00f6sischen Grenze und der Hafenmetropole Genua; ber\u00fchmte Orte wie Sanremo, Imp\u00e9ria, Finale Ligure oder Savona sind hier zu finden. Der schmale, durchwegs gebirgige Landstreifen zwischen dem Tyrrhenischen Meer und der Poebene bietet auf den Wanderungen herrliche Natur, abenteuerliche K\u00fcsten und fantastische Ausblicke. Schon bei einem kurzen Spaziergang in die Olivenhaine und Bauerng\u00e4rten l\u00e4sst man den sommerlichen Touristenrummel schnell hinter sich. Sp\u00e4testens in der \u00bbEntroterra\u00ab, dem ligurischen Hinterland, findet sich dann endg\u00fcltig Ruhe und Einsamkeit, immer wieder durchsetzt von malerischen Bergd\u00f6rfern, rustikalen Natursteinbr\u00fccken oder b\u00e4uerlich-schlichten Kapellen.<\/p>\n<p>Die Wanderungen im Rother Wanderf\u00fchrer \u00bbItalienische Riviera\u00ab verf\u00fcgen \u00fcber zuverl\u00e4ssige Wegbeschreibungen, Tourenk\u00e4rtchen mit eingetragenem Routenverlauf und aussagekr\u00e4ftige H\u00f6henprofile. Gepr\u00fcfte GPS-Tracks, die von der Rother Website heruntergeladen werden k\u00f6nnen, machen die Navigation ganz einfach. Autor Martin R. Locher verbringt jedes Jahr etliche Monate an der italienischen Riviera. Mit seinen pers\u00f6nlichen Tipps zu Strandpausen, Sehensw\u00fcrdigkeiten und Einkehrm\u00f6glichkeiten wird jede Wanderung im westlichen Ligurien zu einem besonderen Erlebnis.<\/p>\n<p>200 Seiten,<br \/>\n50 H\u00f6henprofile, 51 Wanderk\u00e4rtchen im Ma\u00dfstab 1:50.000, zwei \u00dcbersichtskarten im Ma\u00dfstab 1:600.000 und 1:1.000.000, GPS-Tracks zum Download;50 H\u00f6henprofile, 51 Wanderk\u00e4rtchen im Ma\u00dfstab 1:50.000, zwei \u00dcbersichtskarten im Ma\u00dfstab 1:600.000 und 1:1.000.000, GPS-Tracks zum Download<\/p>\n<p>1. Auflage 2024<\/p>","protected":false},"excerpt":{"rendered":"<p>Wandern an der italienischen Riviera ist ein einziger Genuss: Auf schmalen Pfaden geht es an der sanft geschwungenen, spektakul\u00e4ren K\u00fcste entlang, das Blau des Meeres immer im Blick. Die mediterrane Bergwelt und die K\u00fcste im Westen von Ligurien sind herrlich zum Wandern. Der Rother Wanderf\u00fchrer \u00bbItalienische Riviera\u00ab stellt 50 abwechslungsreiche Wanderungen vor, die Blumenriviera, Palmenriviera [&#8230;]\n","protected":false},"featured_media":172947,"template":"","meta":[],"product_brand":[],"product_cat":[21605],"product_tag":[],"class_list":{"0":"post-172946","1":"product","2":"type-product","3":"status-publish","4":"has-post-thumbnail","6":"product_cat-wanderfuehrer-trekking","7":"pa_autor-locher","8":"pa_erscheinungsjahr-27339","9":"pa_region-italien","10":"pa_sprache-de","12":"first","13":"instock","14":"taxable","15":"shipping-taxable","16":"purchasable","17":"product-type-simple"},"_links":{"self":[{"href":"https:\/\/pizbube.ch\/en\/wp-json\/wp\/v2\/product\/172946","targetHints":{"allow":["GET"]}}],"collection":[{"href":"https:\/\/pizbube.ch\/en\/wp-json\/wp\/v2\/product"}],"about":[{"href":"https:\/\/pizbube.ch\/en\/wp-json\/wp\/v2\/types\/product"}],"wp:featuredmedia":[{"embeddable":true,"href":"https:\/\/pizbube.ch\/en\/wp-json\/wp\/v2\/media\/172947"}],"wp:attachment":[{"href":"https:\/\/pizbube.ch\/en\/wp-json\/wp\/v2\/media?parent=172946"}],"wp:term":[{"taxonomy":"product_brand","embeddable":true,"href":"https:\/\/pizbube.ch\/en\/wp-json\/wp\/v2\/product_brand?post=172946"},{"taxonomy":"product_cat","embeddable":true,"href":"https:\/\/pizbube.ch\/en\/wp-json\/wp\/v2\/product_cat?post=172946"},{"taxonomy":"product_tag","embeddable":true,"href":"https:\/\/pizbube.ch\/en\/wp-json\/wp\/v2\/product_tag?post=172946"}],"curies":[{"name":"wp","href":"https:\/\/api.w.org\/{rel}","templated":true}]}}