{"id":172982,"date":"2024-05-10T10:32:46","date_gmt":"2024-05-10T08:32:46","guid":{"rendered":"https:\/\/pizbube.ch\/?post_type=product&#038;p=172982"},"modified":"2024-05-10T10:33:57","modified_gmt":"2024-05-10T08:33:57","slug":"neue-schweizer-wunder-ausfluege-zu-kuriosen-und-staunenswerten-dingen","status":"publish","type":"product","link":"https:\/\/pizbube.ch\/en\/shop\/neue-schweizer-wunder-ausfluege-zu-kuriosen-und-staunenswerten-dingen\/","title":{"rendered":"Neue Schweizer Wunder &#8211; Ausfl\u00fcge zu kuriosen und staunenswerten Dingen"},"content":{"rendered":"<p>Thomas Widmer wandert vom einen Schweizer Wunder zum n\u00e4chsten. Dabei ist er weder ein religi\u00f6ser Schw\u00e4rmer noch ein Esoteriker \u2013 \u00abein Wunder ist das, was meinen Gwunder weckt oder mir wunderbar vorkommt\u00bb, sagt Widmer.<\/p>\n<p>Das kann der Galgen mitten in einem Walliser Bergdorf sein. Oder ein St. Galler Brunnenschacht, in dem eine Monsterschlange hausen soll. Oder die unscheinbaren Schienen in einem Z\u00fcrcher W\u00e4ldchen, die mit den Olympischen Winterspielen 1972 in Sapporo zu tun haben.<\/p>\n<p>\u00abNeue Schweizer Wunder\u00bb kn\u00fcpft an den Bestseller \u00ab<strong><a href=\"https:\/\/pizbube.ch\/en\/shop\/schweizer-wunder-ausfluege-zu-kuriosen-und-staunenswerten-dingen\/\" target=\"_blank\" rel=\"noopener\">Schweizer Wunder<\/a><\/strong>\u00bb von 2016 an: Wieder setzt der Autor auf die kindliche Entdeckerfreude in uns allen.<\/p>\n<p>Gebunden, 232 Seiten, bebildert, mit Schweizkarte.<br \/>\n1. Auflage 2024<\/p>","protected":false},"excerpt":{"rendered":"<p>Thomas Widmer wandert vom einen Schweizer Wunder zum n\u00e4chsten. Dabei ist er weder ein religi\u00f6ser Schw\u00e4rmer noch ein Esoteriker \u2013 \u00abein Wunder ist das, was meinen Gwunder weckt oder mir wunderbar vorkommt\u00bb, sagt Widmer. Das kann der Galgen mitten in einem Walliser Bergdorf sein. Oder ein St. Galler Brunnenschacht, in dem eine Monsterschlange hausen soll. [&#8230;]\n","protected":false},"featured_media":172983,"template":"","meta":[],"product_brand":[],"product_cat":[21542,21605],"product_tag":[],"class_list":{"0":"post-172982","1":"product","2":"type-product","3":"status-publish","4":"has-post-thumbnail","6":"product_cat-sachbuecher-dokumentationen","7":"product_cat-wanderfuehrer-trekking","8":"pa_autor-widmer","9":"pa_erscheinungsjahr-27339","10":"pa_region-schweiz","11":"pa_sprache-de","13":"first","14":"instock","15":"taxable","16":"shipping-taxable","17":"purchasable","18":"product-type-simple"},"_links":{"self":[{"href":"https:\/\/pizbube.ch\/en\/wp-json\/wp\/v2\/product\/172982","targetHints":{"allow":["GET"]}}],"collection":[{"href":"https:\/\/pizbube.ch\/en\/wp-json\/wp\/v2\/product"}],"about":[{"href":"https:\/\/pizbube.ch\/en\/wp-json\/wp\/v2\/types\/product"}],"wp:featuredmedia":[{"embeddable":true,"href":"https:\/\/pizbube.ch\/en\/wp-json\/wp\/v2\/media\/172983"}],"wp:attachment":[{"href":"https:\/\/pizbube.ch\/en\/wp-json\/wp\/v2\/media?parent=172982"}],"wp:term":[{"taxonomy":"product_brand","embeddable":true,"href":"https:\/\/pizbube.ch\/en\/wp-json\/wp\/v2\/product_brand?post=172982"},{"taxonomy":"product_cat","embeddable":true,"href":"https:\/\/pizbube.ch\/en\/wp-json\/wp\/v2\/product_cat?post=172982"},{"taxonomy":"product_tag","embeddable":true,"href":"https:\/\/pizbube.ch\/en\/wp-json\/wp\/v2\/product_tag?post=172982"}],"curies":[{"name":"wp","href":"https:\/\/api.w.org\/{rel}","templated":true}]}}