{"id":173026,"date":"2024-05-14T12:43:48","date_gmt":"2024-05-14T10:43:48","guid":{"rendered":"https:\/\/pizbube.ch\/?post_type=product&#038;p=173026"},"modified":"2024-07-03T17:23:48","modified_gmt":"2024-07-03T15:23:48","slug":"dreams-of-switzerland-susten-grimsel-furka-nufenen-kopie","status":"publish","type":"product","link":"https:\/\/pizbube.ch\/en\/shop\/dreams-of-switzerland-susten-grimsel-furka-nufenen-kopie\/","title":{"rendered":"Dreams of Switzerland &#8211; Susten \/ Grimsel \/ Furka \/ Nufenen"},"content":{"rendered":"<p>Die sch\u00f6nsten Mehrseill\u00e4ngen<br \/>\nLes plus belles voies longues<br \/>\nThe best multipitch routes<\/p>\n<p>Kletterf\u00fchrer mit einer Auswahl von 42 perfekten, klassischen Mehrseill\u00e4ngen-Routen in den Graden 4c bis 6b in der Region Furka, Grimsel, Susten, Nufenen.<br \/>\nGuide d&#8217;escalade avec une s\u00e9lection de 42 voies classiques parfaites de plusieurs longueurs dans les degr\u00e9s 4c \u00e0 6b dans la r\u00e9gion Furka, Grimsel, Susten, Nufenen.<\/p>\n<p>Einen Gipfel auf der sch\u00f6nstm\u00f6glichen Route zu erklimmen \u2013 das ist der Traum aller Kletternden. \u00abDreams of Switzerland\u00bb stellt eine Auswahl der attraktivsten Mehrseill\u00e4ngen-Routen an der Furka, der Grimsel, am Susten und am Nufenen vor. Es sind wohlbekannte Klassiker und gut abgesicherte Plaisirrouten in bestem Granit und Gneis, in den Schwierigkeitsgraden 4c bis 6b.<\/p>\n<p>Die pr\u00e4zise gezeichneten Topos und Zustiegsskizzen erm\u00f6glichen zusammen mit den Routenbeschrieben eine optimale Planung. Das spektakul\u00e4re Bildmaterial sowie die Hommage an Erschliesser und Erstbegeher wecken die grosse Vorfreude!<\/p>\n<p>F\u00fcr die 2. Auflage wurden die Zustiegs- und Routenangaben gepr\u00fcft und aktualisiert. Gerade in Gebieten mit starkem Gletscherr\u00fcckgang war dies unabdingbar.<\/p>\n<p>&nbsp;<\/p>\n<p>Atteindre un sommet par la plus belle voie possible &#8211; c&#8217;est le r\u00eave de tous les grimpeurs. <em>Dreams of Switzerland<\/em> pr\u00e9sente une s\u00e9lection des voies de plusieurs longueurs les plus attrayantes de la Furka, du Grimsel, du Susten et du Nufenen. Il s&#8217;agit de classiques bien connus et de voies de Plaisir bien assur\u00e9es dans le meilleur granit et gneiss, dans les degr\u00e9s de difficult\u00e9 4c \u00e0 6b.<br \/>\nLes topos et les croquis d&#8217;acc\u00e8s dessin\u00e9s avec pr\u00e9cision, ainsi que les descriptions des itin\u00e9raires, permettent une planification optimale. Les photos spectaculaires ainsi que l&#8217;hommage aux ouvreurs et aux premiers ascensionnistes \u00e9veillent une grande curiosit\u00e9 !<\/p>\n<p>Pour la 2<sup>e<\/sup> \u00e9dition, les indications d&#8217;acc\u00e8s et d&#8217;itin\u00e9raires ont \u00e9t\u00e9 v\u00e9rifi\u00e9es et actualis\u00e9es. Cela s&#8217;est av\u00e9r\u00e9 indispensable, notamment dans les r\u00e9gions o\u00f9 les glaciers reculent fortement.<\/p>\n<p>&nbsp;<\/p>\n<p>This guidebook of selected climbs describes the most attractive 4c to 6b+ multi-pitch routes of Furka, Grimsel, Susten and Nufenen in the heart of the Swiss Alps.<br \/>\nThe routes are illustrated with many photos and detailed topographical sketches.<br \/>\nReaching a summit via the most beautiful route is something everyone dreams of<br \/>\nand everybody. In this SAC climbing guide, Claude and Yves Remy present their selection of the most beautiful multi-pitch routes on the Furka, the Grimsel, the Susten and the Nufenen. The routes in the best granite and gneiss impress with their beauty and uniqueness. These include well-known classics with difficulty levels from 4c to 6b+, but also some less popular top tours. All routes are included<br \/>\nprecise topos described and fantastically illustrated. Reason enough,<br \/>\n(re)discover this wonderful region in the heart of the Alps!<br \/>\nFor this 2nd edition, the access and route information has been checked and updated. This was essential, especially in areas with strong glacier retreat.<\/p>\n<p>2nd updated edition 2024<\/p>","protected":false},"excerpt":{"rendered":"<p>Die sch\u00f6nsten Mehrseill\u00e4ngen Les plus belles voies longues The best multipitch routes Kletterf\u00fchrer mit einer Auswahl von 42 perfekten, klassischen Mehrseill\u00e4ngen-Routen in den Graden 4c bis 6b in der Region Furka, Grimsel, Susten, Nufenen. Guide d&#8217;escalade avec une s\u00e9lection de 42 voies classiques parfaites de plusieurs longueurs dans les degr\u00e9s 4c \u00e0 6b dans la [&#8230;]\n","protected":false},"featured_media":172710,"template":"","meta":[],"product_brand":[],"product_cat":[21539],"product_tag":[],"class_list":{"0":"post-173026","1":"product","2":"type-product","3":"status-publish","4":"has-post-thumbnail","6":"product_cat-fuehrerliteratur-sportklettern-bouldern","7":"pa_autor-remy","8":"pa_erscheinungsjahr-27339","9":"pa_region-schweiz","10":"pa_sprache-de-fr-en","12":"first","13":"instock","14":"taxable","15":"shipping-taxable","16":"purchasable","17":"product-type-simple"},"_links":{"self":[{"href":"https:\/\/pizbube.ch\/en\/wp-json\/wp\/v2\/product\/173026","targetHints":{"allow":["GET"]}}],"collection":[{"href":"https:\/\/pizbube.ch\/en\/wp-json\/wp\/v2\/product"}],"about":[{"href":"https:\/\/pizbube.ch\/en\/wp-json\/wp\/v2\/types\/product"}],"wp:featuredmedia":[{"embeddable":true,"href":"https:\/\/pizbube.ch\/en\/wp-json\/wp\/v2\/media\/172710"}],"wp:attachment":[{"href":"https:\/\/pizbube.ch\/en\/wp-json\/wp\/v2\/media?parent=173026"}],"wp:term":[{"taxonomy":"product_brand","embeddable":true,"href":"https:\/\/pizbube.ch\/en\/wp-json\/wp\/v2\/product_brand?post=173026"},{"taxonomy":"product_cat","embeddable":true,"href":"https:\/\/pizbube.ch\/en\/wp-json\/wp\/v2\/product_cat?post=173026"},{"taxonomy":"product_tag","embeddable":true,"href":"https:\/\/pizbube.ch\/en\/wp-json\/wp\/v2\/product_tag?post=173026"}],"curies":[{"name":"wp","href":"https:\/\/api.w.org\/{rel}","templated":true}]}}