{"id":173075,"date":"2024-05-18T13:51:40","date_gmt":"2024-05-18T11:51:40","guid":{"rendered":"https:\/\/pizbube.ch\/?post_type=product&#038;p=173075"},"modified":"2025-07-31T11:39:48","modified_gmt":"2025-07-31T09:39:48","slug":"mello-boulder-val-di-mello-valle-dei-bagni-piana-del-remenno-2","status":"publish","type":"product","link":"https:\/\/pizbube.ch\/en\/shop\/mello-boulder-val-di-mello-valle-dei-bagni-piana-del-remenno-2\/","title":{"rendered":"Mello Boulder &#8211; Val di Mello, Valle dei Bagni, Piana del Remenno"},"content":{"rendered":"<p>Bouldern im Val Masino<\/p>\n<p>Val di Mello, Valle dei Bagni, Piana del Remenno<\/p>\n<p>Fast 300 neue Linien und dutzende alte Linien, die im Zuge der letzten Melloblocco-Events wieder hergerichtet wurden, sind das Hauptmotiv f\u00fcr die Ver\u00f6ffentlichung dieser f\u00fcnften Auflage und eine Best\u00e4tigung daf\u00fcr, dass dieses fantastische Alpental nach wie vor ein riesiges Potential hat, das noch lange nicht ersch\u00f6pft ist.<\/p>\n<p>In dieser neuen Auflage des \u201eMello Boulder\u201c findet ihr neue Videos, die ihr \u00fcber einen QR-Code und mit einer einfachen Gratis-App auf euren Smartphones ansehen k\u00f6nnt, n\u00f6tig ist einzig und allein ein Internetzugang. Die fast 300 Videos zeigen Passagen in verschiedensten Schwierigkeitsgraden und sind gleichm\u00e4\u00dfig auf die Sektoren des Tals verteilt.<\/p>\n<p>Dieses Buch richtet sich an das gesamte, bunte Volk der Boulderer: an alle, die die schwierigsten und ber\u00fchmtesten Passagen versuchen wollen, aber noch mehr an alle, die Spa\u00df am Bouldern haben und dabei das traumhafte Ambiente dieses Tals genie\u00dfen wollen.<\/p>\n<p>656 Seiten;<br \/>\nAuflage 2024<\/p>","protected":false},"excerpt":{"rendered":"<p>Bouldern im Val Masino Val di Mello, Valle dei Bagni, Piana del Remenno Fast 300 neue Linien und dutzende alte Linien, die im Zuge der letzten Melloblocco-Events wieder hergerichtet wurden, sind das Hauptmotiv f\u00fcr die Ver\u00f6ffentlichung dieser f\u00fcnften Auflage und eine Best\u00e4tigung daf\u00fcr, dass dieses fantastische Alpental nach wie vor ein riesiges Potential hat, das [&#8230;]\n","protected":false},"featured_media":173076,"template":"","meta":[],"product_brand":[],"product_cat":[21539],"product_tag":[],"class_list":{"0":"post-173075","1":"product","2":"type-product","3":"status-publish","4":"has-post-thumbnail","6":"product_cat-fuehrerliteratur-sportklettern-bouldern","7":"pa_autor-pavan","8":"pa_erscheinungsjahr-27339","9":"pa_region-italien","10":"pa_sprache-de","12":"first","13":"instock","14":"taxable","15":"shipping-taxable","16":"purchasable","17":"product-type-simple"},"_links":{"self":[{"href":"https:\/\/pizbube.ch\/en\/wp-json\/wp\/v2\/product\/173075","targetHints":{"allow":["GET"]}}],"collection":[{"href":"https:\/\/pizbube.ch\/en\/wp-json\/wp\/v2\/product"}],"about":[{"href":"https:\/\/pizbube.ch\/en\/wp-json\/wp\/v2\/types\/product"}],"wp:featuredmedia":[{"embeddable":true,"href":"https:\/\/pizbube.ch\/en\/wp-json\/wp\/v2\/media\/173076"}],"wp:attachment":[{"href":"https:\/\/pizbube.ch\/en\/wp-json\/wp\/v2\/media?parent=173075"}],"wp:term":[{"taxonomy":"product_brand","embeddable":true,"href":"https:\/\/pizbube.ch\/en\/wp-json\/wp\/v2\/product_brand?post=173075"},{"taxonomy":"product_cat","embeddable":true,"href":"https:\/\/pizbube.ch\/en\/wp-json\/wp\/v2\/product_cat?post=173075"},{"taxonomy":"product_tag","embeddable":true,"href":"https:\/\/pizbube.ch\/en\/wp-json\/wp\/v2\/product_tag?post=173075"}],"curies":[{"name":"wp","href":"https:\/\/api.w.org\/{rel}","templated":true}]}}