{"id":173199,"date":"2024-06-01T10:18:14","date_gmt":"2024-06-01T08:18:14","guid":{"rendered":"https:\/\/pizbube.ch\/?post_type=product&#038;p=173199"},"modified":"2024-06-27T12:47:03","modified_gmt":"2024-06-27T10:47:03","slug":"walserweg-gottardo","status":"publish","type":"product","link":"https:\/\/pizbube.ch\/en\/shop\/walserweg-gottardo\/","title":{"rendered":"Walserweg Gottardo"},"content":{"rendered":"<p>Oberwallis, Val Formazza, Tessin, Gotthard und Surselva<\/p>\n<p>Im Sp\u00e4tmittelater wanderten Oberwalliser in alle Himmelsrichtungen aus. Sie gr\u00fcndeten 200 hochgelegene Siedlungen im Alpenraum, die heute als Walsersiedlungen gelten. Der Wanderf\u00fchrer erkundet den zentralen Teil dieser erstaunlichen Bewegung, die nur dank Wagemut und spezieller Kulturtechniken m\u00f6glich war. Vom Binntal aus f\u00fchrt der \u00abWalserweg Gottardo\u00bb ins italienische Val Formazza, nach Bosco Gurin, ins Bedrettotal, \u00fcber den Gotthardpass und in die Surselva.<\/p>\n<p>Der Autor Peter Krebs stellt in ebenso kenntnisreichen wie unterhaltsamen Texten die durchwanderten Gegenden mit ihrer Geschichte und Kultur vor. Gleichzeitig bringt er den Leserinnen und Lesern die Walser, ihre Sprache, die Traditionen und ihr Rechtsverst\u00e4ndnis n\u00e4her, und er weist auf die zahlreichen heutigen Spuren hin. Die Zusatztexte vertiefen viele Aspekte. Das reich illustrierte Buch wird dadurch selber zu einer Reise in die Welt der Walserz\u00fcge. Ein herausnehmbarer Informationsteil ist beim Vorbereiten und f\u00fcr unterwegs n\u00fctzlich.<\/p>\n<p><span class=\"value\">232 Seiten<br \/>\n1. Auflage 2024<\/span><\/p>","protected":false},"excerpt":{"rendered":"<p>Oberwallis, Val Formazza, Tessin, Gotthard und Surselva Im Sp\u00e4tmittelater wanderten Oberwalliser in alle Himmelsrichtungen aus. Sie gr\u00fcndeten 200 hochgelegene Siedlungen im Alpenraum, die heute als Walsersiedlungen gelten. Der Wanderf\u00fchrer erkundet den zentralen Teil dieser erstaunlichen Bewegung, die nur dank Wagemut und spezieller Kulturtechniken m\u00f6glich war. Vom Binntal aus f\u00fchrt der \u00abWalserweg Gottardo\u00bb ins italienische Val [&#8230;]\n","protected":false},"featured_media":173202,"template":"","meta":[],"product_brand":[],"product_cat":[21605],"product_tag":[],"class_list":{"0":"post-173199","1":"product","2":"type-product","3":"status-publish","4":"has-post-thumbnail","6":"product_cat-wanderfuehrer-trekking","7":"pa_autor-krebs","8":"pa_erscheinungsjahr-27339","9":"pa_region-italien","10":"pa_region-schweiz","11":"pa_sprache-de","13":"first","14":"instock","15":"taxable","16":"shipping-taxable","17":"purchasable","18":"product-type-simple"},"_links":{"self":[{"href":"https:\/\/pizbube.ch\/en\/wp-json\/wp\/v2\/product\/173199","targetHints":{"allow":["GET"]}}],"collection":[{"href":"https:\/\/pizbube.ch\/en\/wp-json\/wp\/v2\/product"}],"about":[{"href":"https:\/\/pizbube.ch\/en\/wp-json\/wp\/v2\/types\/product"}],"wp:featuredmedia":[{"embeddable":true,"href":"https:\/\/pizbube.ch\/en\/wp-json\/wp\/v2\/media\/173202"}],"wp:attachment":[{"href":"https:\/\/pizbube.ch\/en\/wp-json\/wp\/v2\/media?parent=173199"}],"wp:term":[{"taxonomy":"product_brand","embeddable":true,"href":"https:\/\/pizbube.ch\/en\/wp-json\/wp\/v2\/product_brand?post=173199"},{"taxonomy":"product_cat","embeddable":true,"href":"https:\/\/pizbube.ch\/en\/wp-json\/wp\/v2\/product_cat?post=173199"},{"taxonomy":"product_tag","embeddable":true,"href":"https:\/\/pizbube.ch\/en\/wp-json\/wp\/v2\/product_tag?post=173199"}],"curies":[{"name":"wp","href":"https:\/\/api.w.org\/{rel}","templated":true}]}}