{"id":173286,"date":"2024-06-12T10:09:08","date_gmt":"2024-06-12T08:09:08","guid":{"rendered":"https:\/\/pizbube.ch\/?post_type=product&#038;p=173286"},"modified":"2026-01-13T11:52:29","modified_gmt":"2026-01-13T10:52:29","slug":"sella-total-alle-alpinrouten-sportklettergebiete","status":"publish","type":"product","link":"https:\/\/pizbube.ch\/en\/shop\/sella-total-alle-alpinrouten-sportklettergebiete\/","title":{"rendered":"Sella total  &#8211; Alle Alpinrouten &amp; Sportklettergebiete"},"content":{"rendered":"<p>Alpinkletterf\u00fchrer Sella-Dolomiten.\u00a0330 Mehrseil\u00e4ngenrouten im gedruckten Buch; plus eBook mit weiteren 454 Routen und 700 Seiten. Zusammen 1216 Seiten und \u00fcber 800 Mehrseill\u00e4ngenrouten. Sella-Total!<\/p>\n<p>Das beliebteste Klettergebiet in den Dolomiten? Die Sella \u2013 gar keine Frage. Ivo Rabanser, Gr\u00f6dner Bergf\u00fchrer, Erschlie\u00dfer und F\u00fchrerautor, nimmt uns mit dem neuen Kletterf\u00fchrer an seine Hand. Das vorliegende Werk ist keine hingeklotzte Tour de Force, sondern ein wahrhaftiges Opus Magnum. Eine Sellaronda, wie sie im Buche steht. Ivos jahrzehntelange Besch\u00e4ftigung mit dem einzigartigen Gebirgsstock offenbart eine unglaublich facettenreiche Detailkenntnis. Er l\u00e4sst uns damit unmittelbar an seiner Liebe zu den heimatlichen Bergen teilhaben. Endlich wird der komplexe, verwinkelte Sellastock f\u00fcr alle Kletternden \u2013 im Wortsinne \u2013 (be-) greifbar.<\/p>\n<p>\u00dcber 330 Mehrseill\u00e4ngenrouten sind detailliert beschrieben und mit superexakten Topos dargestellt. Aussagekr\u00e4ftige \u00dcbersichts- und Wandbilder helfen bei der Orientierung. Ausschnitte aus der DAV Karte 52\/1 Langkofel- und Sellagruppe erhellen verzwickte Zusammenh\u00e4nge. Selbstverst\u00e4ndlich ist jeder beschriebene Kletterweg in einem Wandbild eingezeichnet. Der Schwerpunkt der Routen liegt im beliebten Schwierigkeitsniveau von 4 bis 7. Leichtere und schwerere Routen sind keine Ausnahmen, aber nicht die Regel. Ergo: Eine echte Wundert\u00fcte. Klassiker und Must-DOS, eintr\u00e4chtig versammelt neben vergessenen Perlen und ungeschliffenen Rohdiamanten. Kurzum: Die unentbehrliche Planungsgrundlage f\u00fcr jeden Sella-Trip.<\/p>\n<p>Im Buch ist ein Downloadcode f\u00fcr ein eBook mit 700 Seiten enthalten. Darin finden sich \u00fcber 450! weitere Routen. Gefilterte, jedoch hinsichtlich der Topogestaltung nicht homogenisierte Informationen, die das Werk zum allumfassenden Sella-Kompendium machen.<\/p>\n<p>1. Auflage 2024;<br \/>\n516 Seiten, 143 x 220 mm, Softcover, komplett 4-farbig inklusive eBook mit weiteren 454 Touren und 700 Seiten<\/p>","protected":false},"excerpt":{"rendered":"<p><a href=\"https:\/\/pizbube.ch\/wp-content\/uploads\/2024\/06\/sella_total_gratistopo.pdf\"><strong>Sella_total_Gratistopo<\/strong><\/a><\/p>","protected":false},"featured_media":173287,"template":"","meta":[],"product_brand":[],"product_cat":[21539],"product_tag":[],"class_list":{"0":"post-173286","1":"product","2":"type-product","3":"status-publish","4":"has-post-thumbnail","6":"product_cat-fuehrerliteratur-sportklettern-bouldern","7":"pa_autor-rabanser","8":"pa_erscheinungsjahr-27339","9":"pa_region-italien","10":"pa_sprache-de","12":"first","13":"onbackorder","14":"taxable","15":"shipping-taxable","16":"purchasable","17":"product-type-simple"},"_links":{"self":[{"href":"https:\/\/pizbube.ch\/en\/wp-json\/wp\/v2\/product\/173286","targetHints":{"allow":["GET"]}}],"collection":[{"href":"https:\/\/pizbube.ch\/en\/wp-json\/wp\/v2\/product"}],"about":[{"href":"https:\/\/pizbube.ch\/en\/wp-json\/wp\/v2\/types\/product"}],"wp:featuredmedia":[{"embeddable":true,"href":"https:\/\/pizbube.ch\/en\/wp-json\/wp\/v2\/media\/173287"}],"wp:attachment":[{"href":"https:\/\/pizbube.ch\/en\/wp-json\/wp\/v2\/media?parent=173286"}],"wp:term":[{"taxonomy":"product_brand","embeddable":true,"href":"https:\/\/pizbube.ch\/en\/wp-json\/wp\/v2\/product_brand?post=173286"},{"taxonomy":"product_cat","embeddable":true,"href":"https:\/\/pizbube.ch\/en\/wp-json\/wp\/v2\/product_cat?post=173286"},{"taxonomy":"product_tag","embeddable":true,"href":"https:\/\/pizbube.ch\/en\/wp-json\/wp\/v2\/product_tag?post=173286"}],"curies":[{"name":"wp","href":"https:\/\/api.w.org\/{rel}","templated":true}]}}