{"id":173356,"date":"2024-06-11T12:39:08","date_gmt":"2024-06-11T10:39:08","guid":{"rendered":"https:\/\/pizbube.ch\/?post_type=product&#038;p=173356"},"modified":"2024-06-11T13:59:23","modified_gmt":"2024-06-11T11:59:23","slug":"klettern-in-cortina-dampezzo-und-umgebung-kopie","status":"publish","type":"product","link":"https:\/\/pizbube.ch\/en\/shop\/klettern-in-cortina-dampezzo-und-umgebung-kopie\/","title":{"rendered":"Klettern in Cortina d`Ampezzo und Umgebung"},"content":{"rendered":"<p>Alpine Sportklettertouren rund um Cortina d Ampezzo:<br \/>\nbeschrieben sind 145 alpine Routen nach Schwierigkeit und H\u00f6henunterschied unterteilt; \u00fcbersichtliche Routenbeschreibung mit detaillierten Skizzen und Fotos.<\/p>\n<p>\u201eKlettern in Cortina d&#8217;Ampezzo\u201c ist DER Kletterf\u00fchrer von Mauro Bernardi, dessen alpinistische Laufbahn von vielen prestigetr\u00e4chtigen Besteigungen gekennzeichnet ist. Seine langj\u00e4hrige Erfahrung und gro\u00dfe Kletterleidenschaft sowie seine gr\u00fcndliche Kenntnis der Dolomiten machen dieses Werk zu einem wertvollen Begleiter aller Kletterfreunde. In diesem F\u00fchrer beschreibt Mauro Bernardi die faszinierende und abwechslungsreiche Welt der Cortineser Berge: die klassischen, allseits bekannten, aber auch weniger begangene und unerforschte Routen dieses Gebietes. Der Kletterf\u00fchrer enth\u00e4lt 145 alpine Routen, unterteilt nach Schwierigkeit und H\u00f6henunterschied, mit \u00fcbersichtlicher Routenbeschreibung und detaillierter Skizze. Kurzbiographien der wichtigsten Alpinisten von Cortina d\u2019Ampezzo runden das Buch ab.<\/p>\n<p>Marmarole, Cadini, Cristallo, Drei Zinnen, Paternkofel, Pomagon, Fanes,<br \/>\nTofana, Cinque Torri, Fanis, Conturines, Settsa, Nuvolau, Lastoi di Formin,<br \/>\nCroda di Lago<\/p>\n<p>296 S.;<br \/>\n5. aktualisierte Auflage 2024<\/p>","protected":false},"excerpt":{"rendered":"<p>Alpine Sportklettertouren rund um Cortina d Ampezzo: beschrieben sind 145 alpine Routen nach Schwierigkeit und H\u00f6henunterschied unterteilt; \u00fcbersichtliche Routenbeschreibung mit detaillierten Skizzen und Fotos. \u201eKlettern in Cortina d&#8217;Ampezzo\u201c ist DER Kletterf\u00fchrer von Mauro Bernardi, dessen alpinistische Laufbahn von vielen prestigetr\u00e4chtigen Besteigungen gekennzeichnet ist. Seine langj\u00e4hrige Erfahrung und gro\u00dfe Kletterleidenschaft sowie seine gr\u00fcndliche Kenntnis der Dolomiten [&#8230;]\n","protected":false},"featured_media":173357,"template":"","meta":[],"product_brand":[],"product_cat":[21539],"product_tag":[],"class_list":{"0":"post-173356","1":"product","2":"type-product","3":"status-publish","4":"has-post-thumbnail","6":"product_cat-fuehrerliteratur-sportklettern-bouldern","7":"pa_autor-bernardi","8":"pa_erscheinungsjahr-27339","9":"pa_region-italien","10":"pa_sprache-de","12":"first","13":"instock","14":"taxable","15":"shipping-taxable","16":"purchasable","17":"product-type-simple"},"_links":{"self":[{"href":"https:\/\/pizbube.ch\/en\/wp-json\/wp\/v2\/product\/173356","targetHints":{"allow":["GET"]}}],"collection":[{"href":"https:\/\/pizbube.ch\/en\/wp-json\/wp\/v2\/product"}],"about":[{"href":"https:\/\/pizbube.ch\/en\/wp-json\/wp\/v2\/types\/product"}],"wp:featuredmedia":[{"embeddable":true,"href":"https:\/\/pizbube.ch\/en\/wp-json\/wp\/v2\/media\/173357"}],"wp:attachment":[{"href":"https:\/\/pizbube.ch\/en\/wp-json\/wp\/v2\/media?parent=173356"}],"wp:term":[{"taxonomy":"product_brand","embeddable":true,"href":"https:\/\/pizbube.ch\/en\/wp-json\/wp\/v2\/product_brand?post=173356"},{"taxonomy":"product_cat","embeddable":true,"href":"https:\/\/pizbube.ch\/en\/wp-json\/wp\/v2\/product_cat?post=173356"},{"taxonomy":"product_tag","embeddable":true,"href":"https:\/\/pizbube.ch\/en\/wp-json\/wp\/v2\/product_tag?post=173356"}],"curies":[{"name":"wp","href":"https:\/\/api.w.org\/{rel}","templated":true}]}}