{"id":173367,"date":"2024-06-11T15:56:26","date_gmt":"2024-06-11T13:56:26","guid":{"rendered":"https:\/\/pizbube.ch\/?post_type=product&#038;p=173367"},"modified":"2024-06-11T15:58:24","modified_gmt":"2024-06-11T13:58:24","slug":"grenz-erfahrungen","status":"publish","type":"product","link":"https:\/\/pizbube.ch\/en\/shop\/grenz-erfahrungen\/","title":{"rendered":"Grenz-Erfahrungen"},"content":{"rendered":"<p class=\"subtitle\">Schmuggel und Fl\u00fcchtlingsbewegungen im Fextal und Bergell 1930-1948<\/p>\n<p class=\"text\">Mit dem Verlust des Veltlins entstand im 19. Jahrhundert im Engadin und im Bergell eine neue Grenze zum S\u00fcden. Wege, die jahrhundertelang frei benutzt worden waren, wurden durchschnitten.<br \/>\nDas Buch fokussiert auf die 1930er- und 1940er-Jahre und untersucht den zu jener Zeit intensiven Warenschmuggel zwischen den Talschaften Fextal und Bergell und der italienischen Provinz Sondrio. Es folgt zudem den vielf\u00e4ltigen Spuren und Schicksalen von Fl\u00fcchtenden, die dem faschistisch-nazistischen Terror jener Jahre in Richtung Schweiz zu entkommen hofften und untersucht verschiedene Perspektiven auf den Topos der Grenze: Die Grenze ist das, was es zu kontrollieren und zu verteidigen gilt, sie ist \u00f6konomische Chance und st\u00e4ndige Herausforderung, sie ist Barriere, deren \u00dcberwindung \u00fcber Leben und Tod entscheiden kann. F\u00fcr Grenzw\u00e4chter, Schmuggler, lokale Grenzbev\u00f6lkerung und Fl\u00fcchtende stellte die Grenze einen je eigenen Bedeutungs- und Erfahrungsraum dar.<br \/>\nDas Buch entstand im Rahmen eines Forschungsprojekts am Institut f\u00fcr Kulturforschung Graub\u00fcnden.<\/p>\n<p class=\"bionotiz\">Mirella Carbone, Dr. phil., ist Kulturwissenschaftlerin und Kulturvermittlerin; Joachim Jung, Mag. phil., ist Kultur- und Literaturwissenschaftler. Gemeinsam leiten sie die Aussenstelle des Instituts f\u00fcr Kulturforschung Graub\u00fcnden in Sils\/Segl.<\/p>","protected":false},"excerpt":{"rendered":"<p>Schmuggel und Fl\u00fcchtlingsbewegungen im Fextal und Bergell 1930-1948 Mit dem Verlust des Veltlins entstand im 19. Jahrhundert im Engadin und im Bergell eine neue Grenze zum S\u00fcden. Wege, die jahrhundertelang frei benutzt worden waren, wurden durchschnitten. Das Buch fokussiert auf die 1930er- und 1940er-Jahre und untersucht den zu jener Zeit intensiven Warenschmuggel zwischen den Talschaften [&#8230;]\n","protected":false},"featured_media":173368,"template":"","meta":[],"product_brand":[],"product_cat":[21542],"product_tag":[27436],"class_list":{"0":"post-173367","1":"product","2":"type-product","3":"status-publish","4":"has-post-thumbnail","6":"product_cat-sachbuecher-dokumentationen","7":"product_tag-grenzerfahrungen","8":"pa_autor-carbone-jung","9":"pa_erscheinungsjahr-27339","10":"pa_region-schweiz","11":"pa_sprache-de","13":"first","14":"instock","15":"taxable","16":"shipping-taxable","17":"purchasable","18":"product-type-simple"},"_links":{"self":[{"href":"https:\/\/pizbube.ch\/en\/wp-json\/wp\/v2\/product\/173367","targetHints":{"allow":["GET"]}}],"collection":[{"href":"https:\/\/pizbube.ch\/en\/wp-json\/wp\/v2\/product"}],"about":[{"href":"https:\/\/pizbube.ch\/en\/wp-json\/wp\/v2\/types\/product"}],"wp:featuredmedia":[{"embeddable":true,"href":"https:\/\/pizbube.ch\/en\/wp-json\/wp\/v2\/media\/173368"}],"wp:attachment":[{"href":"https:\/\/pizbube.ch\/en\/wp-json\/wp\/v2\/media?parent=173367"}],"wp:term":[{"taxonomy":"product_brand","embeddable":true,"href":"https:\/\/pizbube.ch\/en\/wp-json\/wp\/v2\/product_brand?post=173367"},{"taxonomy":"product_cat","embeddable":true,"href":"https:\/\/pizbube.ch\/en\/wp-json\/wp\/v2\/product_cat?post=173367"},{"taxonomy":"product_tag","embeddable":true,"href":"https:\/\/pizbube.ch\/en\/wp-json\/wp\/v2\/product_tag?post=173367"}],"curies":[{"name":"wp","href":"https:\/\/api.w.org\/{rel}","templated":true}]}}