{"id":173376,"date":"2024-06-12T08:53:42","date_gmt":"2024-06-12T06:53:42","guid":{"rendered":"https:\/\/pizbube.ch\/?post_type=product&#038;p=173376"},"modified":"2024-06-27T12:40:45","modified_gmt":"2024-06-27T10:40:45","slug":"panixer-pass-pigniu","status":"publish","type":"product","link":"https:\/\/pizbube.ch\/en\/shop\/panixer-pass-pigniu\/","title":{"rendered":"Panixer Pass Pigniu"},"content":{"rendered":"<p><span class=\"value\">Ein Verkehrsweg als Angelpunkt in der Wirtschaftsund Kulturgeschichte zwischen Glarus und der Surselva<\/span><\/p>\n<p><span class=\"value\">Von lebensgef\u00e4hrlichen Viehtrieben und utopischen Ausbaupl\u00e4nen. Geschichte und Kulturgeschichte des Panixerpasses und der Regionen Glarus und Surselva.Was verbindet das glarnerische Sernftal mit der b\u00fcndnerischen Surselva? Geografi sch betrachtet ist es haupts\u00e4chlich der Panixerpass. Noch viel wichtiger sind die Beziehungen, die durch den Pass zwischen den beiden \u00e4hnlichen und doch verschiedenen Gebirgsregionen entstanden sind: Beziehungen durch Viehwirtschaft, Transportwesen, Fl\u00fcchtlinge, S\u00f6ldnertum, Glaubensdifferenzen und gemeinsame Ausbaupl\u00e4ne. <\/span><\/p>\n<p><span class=\"value\">Der oft unwirtliche Panixerpass dient der Publikation als Ausgangspunkt f\u00fcr zahlreiche, teils komplexe kulturhistorische Verkn\u00fcpfungen zwischen zwei Randregionen. Heute ist der Panixerpass das Ziel ambitionierter Wanderer. Fr\u00fcher aber nutzten ihn S\u00f6ldner ebenso wie Viehh\u00e4ndler, Pilger und Pilgerinnen, Handwerker, Studenten, Touristen oder Naturforscher. Dieses Buch fragt zum einen nach Einzelpersonen, ihren Gr\u00fcnden und Motiven f\u00fcr ihre Wahl dieses &#8211; je nach Witterung und Jahreszeit nicht ungef\u00e4hrlichen &#8211; \u00dcbergangs, zum anderen nach der Bedeutung dieser Verbindung f\u00fcr das Land Glarus und den Oberen oder Grauen Bund respektive das Glarnerland und die Surselva. Dies vor allem hinsichtlich der verschiedenen Strassenprojekte, welche zwischen dem 16. Jahrhundert und den 1970er-Jahren mehrmals angegangen, aber nie verwirklicht wurden. Anhand der Verbindung Panixerpass werden bislang wenig beachtete Aspekte der \u00fcberregionalen Wirtschafts- und Verkehrsgeschichte beleuchtet.<\/span><\/p>\n<p>250 Seiten;<br \/>\n1. Auflage 2024<\/p>","protected":false},"excerpt":{"rendered":"<p>Ein Verkehrsweg als Angelpunkt in der Wirtschaftsund Kulturgeschichte zwischen Glarus und der Surselva Von lebensgef\u00e4hrlichen Viehtrieben und utopischen Ausbaupl\u00e4nen. Geschichte und Kulturgeschichte des Panixerpasses und der Regionen Glarus und Surselva.Was verbindet das glarnerische Sernftal mit der b\u00fcndnerischen Surselva? Geografi sch betrachtet ist es haupts\u00e4chlich der Panixerpass. Noch viel wichtiger sind die Beziehungen, die durch den [&#8230;]\n","protected":false},"featured_media":173377,"template":"","meta":[],"product_brand":[],"product_cat":[21542],"product_tag":[],"class_list":{"0":"post-173376","1":"product","2":"type-product","3":"status-publish","4":"has-post-thumbnail","6":"product_cat-sachbuecher-dokumentationen","7":"pa_autor-peter-kubli","8":"pa_erscheinungsjahr-27339","9":"pa_region-schweiz","10":"pa_sprache-de","12":"first","13":"instock","14":"taxable","15":"shipping-taxable","16":"purchasable","17":"product-type-simple"},"_links":{"self":[{"href":"https:\/\/pizbube.ch\/en\/wp-json\/wp\/v2\/product\/173376","targetHints":{"allow":["GET"]}}],"collection":[{"href":"https:\/\/pizbube.ch\/en\/wp-json\/wp\/v2\/product"}],"about":[{"href":"https:\/\/pizbube.ch\/en\/wp-json\/wp\/v2\/types\/product"}],"wp:featuredmedia":[{"embeddable":true,"href":"https:\/\/pizbube.ch\/en\/wp-json\/wp\/v2\/media\/173377"}],"wp:attachment":[{"href":"https:\/\/pizbube.ch\/en\/wp-json\/wp\/v2\/media?parent=173376"}],"wp:term":[{"taxonomy":"product_brand","embeddable":true,"href":"https:\/\/pizbube.ch\/en\/wp-json\/wp\/v2\/product_brand?post=173376"},{"taxonomy":"product_cat","embeddable":true,"href":"https:\/\/pizbube.ch\/en\/wp-json\/wp\/v2\/product_cat?post=173376"},{"taxonomy":"product_tag","embeddable":true,"href":"https:\/\/pizbube.ch\/en\/wp-json\/wp\/v2\/product_tag?post=173376"}],"curies":[{"name":"wp","href":"https:\/\/api.w.org\/{rel}","templated":true}]}}