{"id":173379,"date":"2024-06-12T10:34:09","date_gmt":"2024-06-12T08:34:09","guid":{"rendered":"https:\/\/pizbube.ch\/?post_type=product&#038;p=173379"},"modified":"2025-06-16T13:10:42","modified_gmt":"2025-06-16T11:10:42","slug":"best-of-genuss-schweiz-alpine-genussklettereien","status":"publish","type":"product","link":"https:\/\/pizbube.ch\/en\/shop\/best-of-genuss-schweiz-alpine-genussklettereien\/","title":{"rendered":"Best of Genuss Schweiz &#8211; Alpine Genussklettereien"},"content":{"rendered":"<p class=\"page-title\"><span class=\"base\" data-ui-id=\"page-title-wrapper\">Auswahlkletterf\u00fchrer <\/span>f\u00fcr die ganze Schweiz im 3. &#8211; 7. Grad<\/p>\n<p>Und wieder legt die Topofee vom Panico Verlag Johanna ein F\u00fchrerwerk vor, das Ma\u00dfst\u00e4be setzt und Grenzen sprengt. Neu mit an Bord: Urs Odermatt, Eingeweihten bekannt als Inhaber und Gesch\u00e4ftsf\u00fchrer von Ruedi Bergsport, in Personalunion sowohl Bergf\u00fchrer, als auch Autor diverser Eiskletterf\u00fchrer. Johanna und Urs pr\u00e4sentieren mit ihrem (Lebens-) Werk das ultimative Schweizer F\u00fchrer-Taschenmesser.<\/p>\n<p>Unglaubliche 672 Seiten, die vom Feinen, was die Schweiz Genusskletternden im Schwierigkeitsniveau 4 bis 7- zu bieten hat, das Allerleckerste zusammenfassen. Wasserzerfressener Kalk im Jura, den Gastlosen, im Alpstein, dem R\u00e4tikon oder in den Berner Alpen \u2013 Eisenhartes Urgestein im Wallis, im Tessin, im Bergell oder in den Urner Alpen. Mit neuen Gebieten wie zB. Klettergebiete Gluristal im Toggenburg mit \u00fcber 100 Routen!<\/p>\n<p>Und das Meiste davon so prima abgesichert, wie es der moderne Genusskletterer mag und an den Schweizer Gebieten sch\u00e4tzt. Ein paar Routen, die das Plaisir-Siegel nicht bek\u00e4men, sind allerdings auch dabei \u2013 es lebe der Pluralismus. Auch beim Klettern.<\/p>\n<p>Die 3. Auflage des &#171;Best of \u2013 Schweiz&#187; bietet auf Jahre hinaus Kletterfutter. Selbstverst\u00e4ndlich sind die Leckerbissen nicht wahllos in den gro\u00dfen Napf gestopft, sondern gourmetm\u00e4\u00dfig auf dem Vorlegeteller pr\u00e4sentiert. \u00dcberlegter Inhalt, \u00fcbersichtlicher Aufbau und \u00fcberzeugendes Layout \u2013 und in der neuen Auflage im ad\u00e4quaten Gro\u00dfformat. Best of in jeder Hinsicht.<\/p>\n<p>3. Auflage 2024,<br \/>\n672 Seiten, 143 x 220 mm, Softcover, komplett 4 Farbig<\/p>","protected":false},"excerpt":{"rendered":"<p><strong><a href=\"https:\/\/pizbube.ch\/wp-content\/uploads\/2024\/06\/Best_Of_Schweiz_Leseprobe_Inhaltsverzeichnis.pdf\">Best_Of_Schweiz_Leseprobe_Inhaltsverzeichnis<\/a><\/strong><\/p>","protected":false},"featured_media":173292,"template":"","meta":[],"product_brand":[],"product_cat":[21539],"product_tag":[],"class_list":{"0":"post-173379","1":"product","2":"type-product","3":"status-publish","4":"has-post-thumbnail","6":"product_cat-fuehrerliteratur-sportklettern-bouldern","7":"pa_autor-odermatt","8":"pa_autor-widmaier","9":"pa_erscheinungsjahr-27339","10":"pa_region-schweiz","11":"pa_sprache-de","13":"first","14":"instock","15":"taxable","16":"shipping-taxable","17":"purchasable","18":"product-type-simple"},"_links":{"self":[{"href":"https:\/\/pizbube.ch\/en\/wp-json\/wp\/v2\/product\/173379","targetHints":{"allow":["GET"]}}],"collection":[{"href":"https:\/\/pizbube.ch\/en\/wp-json\/wp\/v2\/product"}],"about":[{"href":"https:\/\/pizbube.ch\/en\/wp-json\/wp\/v2\/types\/product"}],"wp:featuredmedia":[{"embeddable":true,"href":"https:\/\/pizbube.ch\/en\/wp-json\/wp\/v2\/media\/173292"}],"wp:attachment":[{"href":"https:\/\/pizbube.ch\/en\/wp-json\/wp\/v2\/media?parent=173379"}],"wp:term":[{"taxonomy":"product_brand","embeddable":true,"href":"https:\/\/pizbube.ch\/en\/wp-json\/wp\/v2\/product_brand?post=173379"},{"taxonomy":"product_cat","embeddable":true,"href":"https:\/\/pizbube.ch\/en\/wp-json\/wp\/v2\/product_cat?post=173379"},{"taxonomy":"product_tag","embeddable":true,"href":"https:\/\/pizbube.ch\/en\/wp-json\/wp\/v2\/product_tag?post=173379"}],"curies":[{"name":"wp","href":"https:\/\/api.w.org\/{rel}","templated":true}]}}