{"id":173506,"date":"2024-06-19T11:15:48","date_gmt":"2024-06-19T09:15:48","guid":{"rendered":"https:\/\/pizbube.ch\/?post_type=product&#038;p=173506"},"modified":"2024-12-11T10:28:18","modified_gmt":"2024-12-11T09:28:18","slug":"gischterwaeng","status":"publish","type":"product","link":"https:\/\/pizbube.ch\/en\/shop\/gischterwaeng\/","title":{"rendered":"Gischterw\u00e4ng Kletterf\u00fchrer"},"content":{"rendered":"<p>Kletterf\u00fchrer, aber OBACHT: Das Klettergebiet ist nicht real!<\/p>\n<p>Wir wollen euch mit dem Buch nicht um tolle Kletterrouten bringen, sondern finden:<br \/>\nUnbedinngt lesewert und sollte in keinem B\u00fccherregal von Kletter:innen fehlen!<br \/>\nHerzhaftes Lachen und schmutzeln garantiert!<br \/>\nMit spannenden Vordergrundinformationen zu z. B. Erschliessung oder Alpingeschichte des \u00c4ngistirntal.<\/p>\n<p>176 Seiten, 15 x 21 cm, 4-farbig, Softcover, Deutsch,<br \/>\nGedruckt auf RecyStar Polar, Fadenheftung<\/p>\n<p>Zizat D. Silbernagel: &#171;Man erahnt es gleich: Mit viel Herzblut, Fleiss und Fachwissen haben die beiden unbekannten Autoren ein Meisterwerk der skurrilen Phoesie erschaffen. Detailungenau und vielschichtig pr\u00e4sentieren sie in Buchformat ein unbekanntes Tal, welches zu entdecken gilt.<\/p>\n<p>Fachbeitr\u00e4ge und nicht zuletzt die motivierenden Topo lassen das Herz, und auch den Humor h\u00f6her schlagen. Wer sich auf dieses Abenteuer einl\u00e4sst, findet in unz\u00e4hligen Seiten viele Fragezeichen.&#187;<\/p>","protected":false},"excerpt":{"rendered":"<p>Kletterf\u00fchrer, aber OBACHT: Das Klettergebiet ist nicht real! Wir wollen euch mit dem Buch nicht um tolle Kletterrouten bringen, sondern finden: Unbedinngt lesewert und sollte in keinem B\u00fccherregal von Kletter:innen fehlen! Herzhaftes Lachen und schmutzeln garantiert! Mit spannenden Vordergrundinformationen zu z. B. Erschliessung oder Alpingeschichte des \u00c4ngistirntal. 176 Seiten, 15 x 21 cm, 4-farbig, Softcover, [&#8230;]\n","protected":false},"featured_media":173507,"template":"","meta":[],"product_brand":[],"product_cat":[21629,21881],"product_tag":[],"class_list":{"0":"post-173506","1":"product","2":"type-product","3":"status-publish","4":"has-post-thumbnail","6":"product_cat-belletristik","7":"product_cat-comics","8":"pa_autor-tinu-schwarz-roefe-maler","9":"pa_erscheinungsjahr-27339","10":"pa_region-schweiz","11":"pa_sprache-de","13":"first","14":"instock","15":"taxable","16":"shipping-taxable","17":"purchasable","18":"product-type-simple"},"_links":{"self":[{"href":"https:\/\/pizbube.ch\/en\/wp-json\/wp\/v2\/product\/173506","targetHints":{"allow":["GET"]}}],"collection":[{"href":"https:\/\/pizbube.ch\/en\/wp-json\/wp\/v2\/product"}],"about":[{"href":"https:\/\/pizbube.ch\/en\/wp-json\/wp\/v2\/types\/product"}],"wp:featuredmedia":[{"embeddable":true,"href":"https:\/\/pizbube.ch\/en\/wp-json\/wp\/v2\/media\/173507"}],"wp:attachment":[{"href":"https:\/\/pizbube.ch\/en\/wp-json\/wp\/v2\/media?parent=173506"}],"wp:term":[{"taxonomy":"product_brand","embeddable":true,"href":"https:\/\/pizbube.ch\/en\/wp-json\/wp\/v2\/product_brand?post=173506"},{"taxonomy":"product_cat","embeddable":true,"href":"https:\/\/pizbube.ch\/en\/wp-json\/wp\/v2\/product_cat?post=173506"},{"taxonomy":"product_tag","embeddable":true,"href":"https:\/\/pizbube.ch\/en\/wp-json\/wp\/v2\/product_tag?post=173506"}],"curies":[{"name":"wp","href":"https:\/\/api.w.org\/{rel}","templated":true}]}}