{"id":173555,"date":"2024-06-21T11:07:22","date_gmt":"2024-06-21T09:07:22","guid":{"rendered":"https:\/\/pizbube.ch\/?post_type=product&#038;p=173555"},"modified":"2024-07-18T08:35:21","modified_gmt":"2024-07-18T06:35:21","slug":"adam-the-climber","status":"publish","type":"product","link":"https:\/\/pizbube.ch\/en\/shop\/adam-the-climber\/","title":{"rendered":"ADAM the Climber"},"content":{"rendered":"<p>ADAM ONDRA\u00a0ist der beste Kletterer aller Zeiten. PIETRO DAL PRA, Mentor und Begleiter bei einigen seiner ersten l\u00e4ngeren Routen, verfolgt als Freund Adams sportliche Entwicklung und nimmt auch heute noch Anteil an seinen unvorstellbaren Erfolgen.<\/p>\n<p>Wie und warum eine solch tiefe Freundschaft entsteht, ist nicht einfach zu erkl\u00e4ren, aber zweifellos teilen die beiden Gro\u00dfmeister ein gemeinsames Merkmal: eine ausgepr\u00e4gte Empfindsamkeit und Aufmerksamkeit f\u00fcr menschliche Besonderheiten und f\u00fcr sich selbst, sei es in Verbindung mit dem Fels oder mit anderen Menschen.<\/p>\n<p>Pietro ist der Verfasser dieses Buches, das in enger Zusammenarbeit mit Adam geschrieben wurde: Er ist es, der uns durch die bemerkenswerten Begehungen und Meilensteine der sportlichen Karriere des Protagonisten dessen Kultur, Neigungen und Vorlieben n\u00e4herbringt und die Art und Weise, wie dieser das Klettern lebt und begreift.<\/p>\n<p>Dieses Werk entspringt einer tiefen Freundschaft, die die Zeit \u00fcberdauert hat, und genau darin liegt sein gro\u00dfer Wert: Das Leben eines Sportlers von Adams Format kann nicht blo\u00df der Bericht eines Journalisten sein.<\/p>\n<p><em>\u201cPietro hat ein Gesp\u00fcr f\u00fcr das Drehbuch. Er schreibt Szenen eines Films und erz\u00e4hlt so auf bestm\u00f6gliche Weise die Wirklichkeit:<\/em><br \/>\n<em>Die Reise mit ihren Etappen, ihren Misserfolgen,<\/em><br \/>\n<em>ihrer M\u00fchsal z\u00e4hlt mehr als die Ankunft, als das Erreichen des Ziels\u201d<\/em>.<\/p>\n<p><em>Erri De Luca, aus dem Vorwort<\/em><\/p>\n<p>337 Seiten<em><br \/>\n<\/em><\/p>","protected":false},"excerpt":{"rendered":"<p>ADAM ONDRA\u00a0ist der beste Kletterer aller Zeiten. PIETRO DAL PRA, Mentor und Begleiter bei einigen seiner ersten l\u00e4ngeren Routen, verfolgt als Freund Adams sportliche Entwicklung und nimmt auch heute noch Anteil an seinen unvorstellbaren Erfolgen. Wie und warum eine solch tiefe Freundschaft entsteht, ist nicht einfach zu erkl\u00e4ren, aber zweifellos teilen die beiden Gro\u00dfmeister ein [&#8230;]\n","protected":false},"featured_media":173556,"template":"","meta":[],"product_brand":[],"product_cat":[26762],"product_tag":[],"class_list":{"0":"post-173555","1":"product","2":"type-product","3":"status-publish","4":"has-post-thumbnail","6":"product_cat-unkategorisiert","7":"pa_autor-pietro-dal-pra-und-adam-ondra","8":"pa_erscheinungsjahr-27339","9":"pa_region-osteuropa","10":"pa_sprache-de","12":"first","13":"instock","14":"taxable","15":"shipping-taxable","16":"purchasable","17":"product-type-simple"},"_links":{"self":[{"href":"https:\/\/pizbube.ch\/en\/wp-json\/wp\/v2\/product\/173555","targetHints":{"allow":["GET"]}}],"collection":[{"href":"https:\/\/pizbube.ch\/en\/wp-json\/wp\/v2\/product"}],"about":[{"href":"https:\/\/pizbube.ch\/en\/wp-json\/wp\/v2\/types\/product"}],"wp:featuredmedia":[{"embeddable":true,"href":"https:\/\/pizbube.ch\/en\/wp-json\/wp\/v2\/media\/173556"}],"wp:attachment":[{"href":"https:\/\/pizbube.ch\/en\/wp-json\/wp\/v2\/media?parent=173555"}],"wp:term":[{"taxonomy":"product_brand","embeddable":true,"href":"https:\/\/pizbube.ch\/en\/wp-json\/wp\/v2\/product_brand?post=173555"},{"taxonomy":"product_cat","embeddable":true,"href":"https:\/\/pizbube.ch\/en\/wp-json\/wp\/v2\/product_cat?post=173555"},{"taxonomy":"product_tag","embeddable":true,"href":"https:\/\/pizbube.ch\/en\/wp-json\/wp\/v2\/product_tag?post=173555"}],"curies":[{"name":"wp","href":"https:\/\/api.w.org\/{rel}","templated":true}]}}