{"id":173601,"date":"2024-06-25T11:32:16","date_gmt":"2024-06-25T09:32:16","guid":{"rendered":"https:\/\/pizbube.ch\/?post_type=product&#038;p=173601"},"modified":"2024-06-25T11:56:05","modified_gmt":"2024-06-25T09:56:05","slug":"fiche-granite-12-aiguille-dargentiere-le-minaret","status":"publish","type":"product","link":"https:\/\/pizbube.ch\/en\/shop\/fiche-granite-12-aiguille-dargentiere-le-minaret\/","title":{"rendered":"Fiche Granite 12: Aiguille d&#8217;Argenti\u00e8re &#8211; Le Minaret"},"content":{"rendered":"<p>Le mythe du bassin d\u2019Argenti\u00e8re;<br \/>\nd\u00e9couvrez les merveilleuses fissures du Minaret!<\/p>\n<div class=\"xdj266r x11i5rnm xat24cr x1mh8g0r x1vvkbs x126k92a\">\n<div dir=\"auto\">Nous avons tous des envies de granite cet \u00e9t\u00e9&#8230;<\/div>\n<\/div>\n<div class=\"x11i5rnm xat24cr x1mh8g0r x1vvkbs xtlvy1s x126k92a\">\n<div dir=\"auto\">Cela tombe bien, le Minaret, dans le bassin d&#8217;Argenti\u00e8re, nous offre les plus belles fissures du massif du Mt Blanc.<\/div>\n<\/div>\n<div class=\"x11i5rnm xat24cr x1mh8g0r x1vvkbs xtlvy1s x126k92a\">\n<div dir=\"auto\">La &#171;FICHE GRANITE 12&#187; part en impression aujourd&#8217;hui =&gt; vous la trouverez dans les bacs dans les toutes prochaines semaines.<\/div>\n<\/div>\n<div class=\"x11i5rnm xat24cr x1mh8g0r x1vvkbs xtlvy1s x126k92a\">\n<div dir=\"auto\">Vous y trouverez la description exhaustive de toutes les itin\u00e9raires de ce secteur mythique, dont les anciennes voies (il n&#8217;y a pas moins de 3 &#171;R\u00e9buffat&#187; au Minaret !), les r\u00e9\u00e9quipements (&#171;Versant satanique&#187;), les sublimes petites derni\u00e8res (&#171;Buddha blues&#187; et &#171;Rise up for human rights&#187;).<\/div>\n<\/div>\n<div class=\"x11i5rnm xat24cr x1mh8g0r x1vvkbs xtlvy1s x126k92a\">\n<div dir=\"auto\">Avec croquis et trac\u00e9s sur photos format XXL, positionnement de tous les pitons, spits, broches.<\/div>\n<\/div>\n<div class=\"x11i5rnm xat24cr x1mh8g0r x1vvkbs xtlvy1s x126k92a\">\n<div dir=\"auto\">Pr\u00e9parez votre(vos) rack(s) de Camalots !!<\/div>\n<\/div>\n<p>&nbsp;<\/p>\n<p>A new form of topo:<br \/>\nleporello with the up-to-date climbing routes of Michel Piola!<br \/>\nPhoto topo with all the infos you need for climbing them&#8230;<\/p>","protected":false},"excerpt":{"rendered":"<p>Le mythe du bassin d\u2019Argenti\u00e8re; d\u00e9couvrez les merveilleuses fissures du Minaret! Nous avons tous des envies de granite cet \u00e9t\u00e9&#8230; Cela tombe bien, le Minaret, dans le bassin d&#8217;Argenti\u00e8re, nous offre les plus belles fissures du massif du Mt Blanc. La &#171;FICHE GRANITE 12&#187; part en impression aujourd&#8217;hui =&gt; vous la trouverez dans les bacs [&#8230;]\n","protected":false},"featured_media":173603,"template":"","meta":[],"product_brand":[],"product_cat":[21539],"product_tag":[],"class_list":{"0":"post-173601","1":"product","2":"type-product","3":"status-publish","4":"has-post-thumbnail","6":"product_cat-fuehrerliteratur-sportklettern-bouldern","7":"pa_autor-piola","8":"pa_erscheinungsjahr-27339","9":"pa_region-schweiz","10":"pa_sprache-fr-en","12":"first","13":"instock","14":"taxable","15":"shipping-taxable","16":"purchasable","17":"product-type-simple"},"_links":{"self":[{"href":"https:\/\/pizbube.ch\/en\/wp-json\/wp\/v2\/product\/173601","targetHints":{"allow":["GET"]}}],"collection":[{"href":"https:\/\/pizbube.ch\/en\/wp-json\/wp\/v2\/product"}],"about":[{"href":"https:\/\/pizbube.ch\/en\/wp-json\/wp\/v2\/types\/product"}],"wp:featuredmedia":[{"embeddable":true,"href":"https:\/\/pizbube.ch\/en\/wp-json\/wp\/v2\/media\/173603"}],"wp:attachment":[{"href":"https:\/\/pizbube.ch\/en\/wp-json\/wp\/v2\/media?parent=173601"}],"wp:term":[{"taxonomy":"product_brand","embeddable":true,"href":"https:\/\/pizbube.ch\/en\/wp-json\/wp\/v2\/product_brand?post=173601"},{"taxonomy":"product_cat","embeddable":true,"href":"https:\/\/pizbube.ch\/en\/wp-json\/wp\/v2\/product_cat?post=173601"},{"taxonomy":"product_tag","embeddable":true,"href":"https:\/\/pizbube.ch\/en\/wp-json\/wp\/v2\/product_tag?post=173601"}],"curies":[{"name":"wp","href":"https:\/\/api.w.org\/{rel}","templated":true}]}}