{"id":173606,"date":"2024-06-25T12:33:59","date_gmt":"2024-06-25T10:33:59","guid":{"rendered":"https:\/\/pizbube.ch\/?post_type=product&#038;p=173606"},"modified":"2024-06-25T12:43:15","modified_gmt":"2024-06-25T10:43:15","slug":"fiche-granite-14-envers-des-aiguilles-pointe-3038m-de-trelaporte","status":"publish","type":"product","link":"https:\/\/pizbube.ch\/en\/shop\/fiche-granite-14-envers-des-aiguilles-pointe-3038m-de-trelaporte\/","title":{"rendered":"Fiche Granite 14: Envers des Aiguilles &#8211; Pointe 3038m de Tr\u00e9laporte"},"content":{"rendered":"<div class=\"x11i5rnm xat24cr x1mh8g0r x1vvkbs xtlvy1s x126k92a\">\n<div dir=\"auto\">Du nouveau, du (tr\u00e8s) long et du (tr\u00e8s) beau \u00e0 l\u2019Envers des Aiguilles<\/div>\n<div dir=\"auto\">\n<div class=\"html-div xe8uvvx xdj266r x11i5rnm xat24cr x1mh8g0r xexx8yu x4uap5 x18d9i69 xkhd6sd\" dir=\"auto\">\n<div class=\"html-div xe8uvvx xdj266r x11i5rnm xat24cr x1mh8g0r xexx8yu x4uap5 x18d9i69 xkhd6sd\" dir=\"auto\">\n<div class=\"x1iorvi4 x1pi30zi x1l90r2v x1swvt13\" data-ad-comet-preview=\"message\" data-ad-preview=\"message\">\n<div class=\"x78zum5 xdt5ytf xz62fqu x16ldp7u\">\n<div class=\"xu06os2 x1ok221b\">\n<div class=\"xdj266r x11i5rnm xat24cr x1mh8g0r x1vvkbs x126k92a\">\n<div dir=\"auto\">\n<p>Quelle beaut\u00e9 cette face !<\/p>\n<\/div>\n<\/div>\n<div class=\"x11i5rnm xat24cr x1mh8g0r x1vvkbs xtlvy1s x126k92a\">\n<div dir=\"auto\">A c\u00f4t\u00e9 de la classique California dream, de l\u2019Ar\u00eate de la R\u00e9publique et des deux anciennes voies Ghilini-Ratheaux, 3 trac\u00e9s (quasi) neufs de 10-14 longueurs vont vous faire r\u00e2ler de bonheur.<\/div>\n<\/div>\n<div class=\"x11i5rnm xat24cr x1mh8g0r x1vvkbs xtlvy1s x126k92a\">\n<div dir=\"auto\">Des d\u00fclfers, des verrous, des dalles parfois bien s\u00fbr, des fissures au long cours surtout, un granite parfait, un refuge (L\u2019Envers des Aiguilles) \u00e0 l\u2019accueil incroyable et au charme surann\u00e9 style ann\u00e9es 1900\u2026<\/div>\n<\/div>\n<div class=\"x11i5rnm xat24cr x1mh8g0r x1vvkbs xtlvy1s x126k92a\">\n<div dir=\"auto\">Une pure extase !<\/div>\n<div dir=\"auto\"><\/div>\n<\/div>\n<div class=\"x11i5rnm xat24cr x1mh8g0r x1vvkbs xtlvy1s x126k92a\">\n<div dir=\"auto\">\n<p>NB: Les fiches granite sont les seuls topos du massif du Mt Blanc dont le produit de la vente sert \u00e0 soutenir les r\u00e9\u00e9quipeurs et \u00e0 acheter du mat\u00e9riel de r\u00e9\u00e9quipement ou d\u2019\u00e9quipement. Aucun autre topo du massif n\u2019est redistributif.<\/p>\n<\/div>\n<\/div>\n<div class=\"x11i5rnm xat24cr x1mh8g0r x1vvkbs xtlvy1s x126k92a\">\n<div dir=\"auto\">NB bis: Attention en d\u00e9but de saison au n\u00e9v\u00e9 situ\u00e9 sous l\u2019arche du R5 bis de Smile. Lorsqu\u2019il se rompt, le bas de la face (voies n\u00b0 4 \u00e0 n\u00b07) est cribl\u00e9 de blocs de glace.<\/div>\n<\/div>\n<\/div>\n<\/div>\n<\/div>\n<\/div>\n<\/div>\n<\/div>\n<\/div>\n<p>&nbsp;<\/p>\n<p>A new form of topo:<br \/>\nleporello with the up-to-date climbing routes of Michel Piola!<br \/>\nPhoto topo with all the infos you need for climbing them&#8230;<\/p>","protected":false},"excerpt":{"rendered":"<p>Du nouveau, du (tr\u00e8s) long et du (tr\u00e8s) beau \u00e0 l\u2019Envers des Aiguilles Quelle beaut\u00e9 cette face ! A c\u00f4t\u00e9 de la classique California dream, de l\u2019Ar\u00eate de la R\u00e9publique et des deux anciennes voies Ghilini-Ratheaux, 3 trac\u00e9s (quasi) neufs de 10-14 longueurs vont vous faire r\u00e2ler de bonheur. Des d\u00fclfers, des verrous, des dalles [&#8230;]\n","protected":false},"featured_media":173607,"template":"","meta":[],"product_brand":[],"product_cat":[21539],"product_tag":[],"class_list":{"0":"post-173606","1":"product","2":"type-product","3":"status-publish","4":"has-post-thumbnail","6":"product_cat-fuehrerliteratur-sportklettern-bouldern","7":"pa_autor-piola","8":"pa_erscheinungsjahr-27339","9":"pa_region-schweiz","10":"pa_sprache-fr-en","12":"first","13":"instock","14":"taxable","15":"shipping-taxable","16":"purchasable","17":"product-type-simple"},"_links":{"self":[{"href":"https:\/\/pizbube.ch\/en\/wp-json\/wp\/v2\/product\/173606","targetHints":{"allow":["GET"]}}],"collection":[{"href":"https:\/\/pizbube.ch\/en\/wp-json\/wp\/v2\/product"}],"about":[{"href":"https:\/\/pizbube.ch\/en\/wp-json\/wp\/v2\/types\/product"}],"wp:featuredmedia":[{"embeddable":true,"href":"https:\/\/pizbube.ch\/en\/wp-json\/wp\/v2\/media\/173607"}],"wp:attachment":[{"href":"https:\/\/pizbube.ch\/en\/wp-json\/wp\/v2\/media?parent=173606"}],"wp:term":[{"taxonomy":"product_brand","embeddable":true,"href":"https:\/\/pizbube.ch\/en\/wp-json\/wp\/v2\/product_brand?post=173606"},{"taxonomy":"product_cat","embeddable":true,"href":"https:\/\/pizbube.ch\/en\/wp-json\/wp\/v2\/product_cat?post=173606"},{"taxonomy":"product_tag","embeddable":true,"href":"https:\/\/pizbube.ch\/en\/wp-json\/wp\/v2\/product_tag?post=173606"}],"curies":[{"name":"wp","href":"https:\/\/api.w.org\/{rel}","templated":true}]}}