{"id":173612,"date":"2024-06-25T15:08:59","date_gmt":"2024-06-25T13:08:59","guid":{"rendered":"https:\/\/pizbube.ch\/?post_type=product&#038;p=173612"},"modified":"2025-07-02T14:18:18","modified_gmt":"2025-07-02T12:18:18","slug":"fiche-granite-15-promontoire-des-dorees","status":"publish","type":"product","link":"https:\/\/pizbube.ch\/en\/shop\/fiche-granite-15-promontoire-des-dorees\/","title":{"rendered":"Fiche Granite 15: Promontoire des Dor\u00e9es"},"content":{"rendered":"<p>Topo &#8211; Leporello des secteurs <span class=\"x193iq5w xeuugli x13faqbe x1vvkbs x1xmvt09 x1lliihq x1s928wv xhkezso x1gmr53x x1cpjm7i x1fgarty x1943h6x xudqn12 x3x7a5m x6prxxf xvq8zen xo1l8bm xzsf02u x1yc453h\" dir=\"auto\">Tajabone et Pilastro dorato<\/span><\/p>\n<p>La petite derni\u00e8re: partez \u00e0 la decouverte des toutes nouvelles (fantastiques) voies trad du secteur <span class=\"x193iq5w xeuugli x13faqbe x1vvkbs x1xmvt09 x1lliihq x1s928wv xhkezso x1gmr53x x1cpjm7i x1fgarty x1943h6x xudqn12 x3x7a5m x6prxxf xvq8zen xo1l8bm xzsf02u x1yc453h\" dir=\"auto\">Tajabone et Pilastro dorato<\/span>!<\/p>\n<p>Sommet rocheux sous l&#8217;ar\u00eate S de l&#8217;Aiguille Sans Nom (Aiguilles Dor\u00e9es), sa face SW offre des belles escalades en bon rocher.<br \/>\nDe hauteur modeste par rapport \u00e0 ses voisines, cette face est id\u00e9ale pour l&#8217;apr\u00e8s-midi.<\/p>","protected":false},"excerpt":{"rendered":"<p>Topo &#8211; Leporello des secteurs Tajabone et Pilastro dorato La petite derni\u00e8re: partez \u00e0 la decouverte des toutes nouvelles (fantastiques) voies trad du secteur Tajabone et Pilastro dorato! Sommet rocheux sous l&#8217;ar\u00eate S de l&#8217;Aiguille Sans Nom (Aiguilles Dor\u00e9es), sa face SW offre des belles escalades en bon rocher. De hauteur modeste par rapport \u00e0 [&#8230;]\n","protected":false},"featured_media":173613,"template":"","meta":[],"product_brand":[],"product_cat":[21544,21539],"product_tag":[27439],"class_list":{"0":"post-173612","1":"product","2":"type-product","3":"status-publish","4":"has-post-thumbnail","6":"product_cat-fuehrerliteratur-alpin-sommer","7":"product_cat-fuehrerliteratur-sportklettern-bouldern","8":"product_tag-fiches-granite","9":"pa_autor-piola","10":"pa_erscheinungsjahr-27339","11":"pa_region-schweiz","12":"pa_sprache-fr-en-2","14":"first","15":"instock","16":"taxable","17":"shipping-taxable","18":"purchasable","19":"product-type-simple"},"_links":{"self":[{"href":"https:\/\/pizbube.ch\/en\/wp-json\/wp\/v2\/product\/173612","targetHints":{"allow":["GET"]}}],"collection":[{"href":"https:\/\/pizbube.ch\/en\/wp-json\/wp\/v2\/product"}],"about":[{"href":"https:\/\/pizbube.ch\/en\/wp-json\/wp\/v2\/types\/product"}],"wp:featuredmedia":[{"embeddable":true,"href":"https:\/\/pizbube.ch\/en\/wp-json\/wp\/v2\/media\/173613"}],"wp:attachment":[{"href":"https:\/\/pizbube.ch\/en\/wp-json\/wp\/v2\/media?parent=173612"}],"wp:term":[{"taxonomy":"product_brand","embeddable":true,"href":"https:\/\/pizbube.ch\/en\/wp-json\/wp\/v2\/product_brand?post=173612"},{"taxonomy":"product_cat","embeddable":true,"href":"https:\/\/pizbube.ch\/en\/wp-json\/wp\/v2\/product_cat?post=173612"},{"taxonomy":"product_tag","embeddable":true,"href":"https:\/\/pizbube.ch\/en\/wp-json\/wp\/v2\/product_tag?post=173612"}],"curies":[{"name":"wp","href":"https:\/\/api.w.org\/{rel}","templated":true}]}}