{"id":173634,"date":"2024-06-27T08:48:17","date_gmt":"2024-06-27T06:48:17","guid":{"rendered":"https:\/\/pizbube.ch\/?post_type=product&#038;p=173634"},"modified":"2025-06-11T15:35:59","modified_gmt":"2025-06-11T13:35:59","slug":"alpen-en-bloc-bouldering-in-the-alps-band-1-deutschland-schweiz-italien","status":"publish","type":"product","link":"https:\/\/pizbube.ch\/en\/shop\/alpen-en-bloc-bouldering-in-the-alps-band-1-deutschland-schweiz-italien\/","title":{"rendered":"Alpen en bloc &#8211; bouldering in the Alps (Band 1): Deutschland &#8211; Schweiz &#8211; Italien"},"content":{"rendered":"<div class=\"product attribute overview\">\n<div class=\"value\">\n<p>Alpen en bloc Band 1 \u2013 Bouldern in Deutschland, Schweiz und Italien &#8211;\u00a0 inklusive Vertical Life App &#8211; Magic Wood, Murgtal, Gotthard, Val di Mello, Val Daone, Arco, Dolomiten u.v.m.<br \/>\nZweisprachig\/bilingual: Deutsch\/Englisch, German\/English<\/p>\n<\/div>\n<\/div>\n<p>Ob f\u00fcr Einheimische, Boulderer mit Vorliebe f\u00fcr alpine Umgebung oder Alpinisten, die zwischen zwei Bergtouren auch gerne mal gediegen Bouldern wollen: &#171;Alpen en bloc&#187; liefert Material genug f\u00fcr Bouldertage ohne Ende. Der zweib\u00e4ndige F\u00fchrer bringt sportliches Klettern, urw\u00fcchsige Natur und chilliges Miteinander gekonnt unter eine M\u00fctze und stellt die besten Spots zwischen Luzern und Bozen vor: Block f\u00fcr Block, Zug um Zug. Die Auswahl von &#171;Alpen en bloc &#8211; Band 1&#187; reicht vom Allg\u00e4u \u00fcber das Magic Wood, das Gotthardt- und Sustengebiet, das Murgtal bis hinunter nach Arco &#8211; um nur einige der eingeschlossenen Spots zu nennen. Crashpad zusammenklappen, Schuhe und Kalk einpacken, los geht&#8217;s!<\/p>\n<p>&nbsp;<\/p>\n<p>Wether you\u2019re a local, a boulderer loving alpine surroundings or an alpinist enjoying a perfect day\u2019s bouldering between big alpine routes: The new boulder guidebook \u201eAlpen en bloc\u201c will give you plenty of ideas and enough information to fill many days with intense bouldering. Topos and maps are of the utmost quality and accompanied by detailed descriptions and many tips for the different areas.<br \/>\nVolume 1 of \u201eAlpen en Bloc\u201c covers many famous areas, such as Magic Wood or the boulders of the Gotthard- and the Sustenpass, but also lesser known spots like the Allg\u00e4u in Bavaria, the Swiss Murgtal or boulders around the famous climbing area of Arco. Pack your chrashpad, shoes and chalk bag, get the book \u2013 and go for it!<\/p>\n<p><strong>Switzerland<\/strong><br \/>\nMagic Wood<br \/>\nMurgtal<br \/>\nSustenpass<br \/>\nGotthard<\/p>\n<p><strong>Germany<\/strong><br \/>\nAllg\u00e4u<br \/>\nKochel<br \/>\nSudelfeld<\/p>\n<p><strong>Germany<br \/>\n<\/strong>Vils<\/p>\n<p><strong>Italy<\/strong><br \/>\nVal di Mello<br \/>\nVal Daone<br \/>\nArco<br \/>\nDolomiten<\/p>\n<p>5. Auflage 2024, 576 Seiten, 148 x 185 mm, Softcover, komplett 4-farbig<\/p>","protected":false},"excerpt":{"rendered":"<p>Alpen en bloc Band 1 \u2013 Bouldern in Deutschland, Schweiz und Italien &#8211;\u00a0 inklusive Vertical Life App &#8211; Magic Wood, Murgtal, Gotthard, Val di Mello, Val Daone, Arco, Dolomiten u.v.m. Zweisprachig\/bilingual: Deutsch\/Englisch, German\/English Ob f\u00fcr Einheimische, Boulderer mit Vorliebe f\u00fcr alpine Umgebung oder Alpinisten, die zwischen zwei Bergtouren auch gerne mal gediegen Bouldern wollen: &#171;Alpen [&#8230;]\n","protected":false},"featured_media":173635,"template":"","meta":[],"product_brand":[],"product_cat":[21539],"product_tag":[26843,26844],"class_list":{"0":"post-173634","1":"product","2":"type-product","3":"status-publish","4":"has-post-thumbnail","6":"product_cat-fuehrerliteratur-sportklettern-bouldern","7":"product_tag-alpen-en-bloc-1","8":"product_tag-alpen-en-block-1","9":"pa_autor-wenter-delago","10":"pa_erscheinungsjahr-27339","11":"pa_region-schweiz","12":"pa_sprache-de-en","14":"first","15":"instock","16":"taxable","17":"shipping-taxable","18":"purchasable","19":"product-type-simple"},"_links":{"self":[{"href":"https:\/\/pizbube.ch\/en\/wp-json\/wp\/v2\/product\/173634","targetHints":{"allow":["GET"]}}],"collection":[{"href":"https:\/\/pizbube.ch\/en\/wp-json\/wp\/v2\/product"}],"about":[{"href":"https:\/\/pizbube.ch\/en\/wp-json\/wp\/v2\/types\/product"}],"wp:featuredmedia":[{"embeddable":true,"href":"https:\/\/pizbube.ch\/en\/wp-json\/wp\/v2\/media\/173635"}],"wp:attachment":[{"href":"https:\/\/pizbube.ch\/en\/wp-json\/wp\/v2\/media?parent=173634"}],"wp:term":[{"taxonomy":"product_brand","embeddable":true,"href":"https:\/\/pizbube.ch\/en\/wp-json\/wp\/v2\/product_brand?post=173634"},{"taxonomy":"product_cat","embeddable":true,"href":"https:\/\/pizbube.ch\/en\/wp-json\/wp\/v2\/product_cat?post=173634"},{"taxonomy":"product_tag","embeddable":true,"href":"https:\/\/pizbube.ch\/en\/wp-json\/wp\/v2\/product_tag?post=173634"}],"curies":[{"name":"wp","href":"https:\/\/api.w.org\/{rel}","templated":true}]}}