{"id":173639,"date":"2024-06-27T09:02:36","date_gmt":"2024-06-27T07:02:36","guid":{"rendered":"https:\/\/pizbube.ch\/?post_type=product&#038;p=173639"},"modified":"2025-09-24T11:38:39","modified_gmt":"2025-09-24T09:38:39","slug":"alpen-en-bloc-bouldering-in-the-alps-band-2-oesterreich-suedtirol","status":"publish","type":"product","link":"https:\/\/pizbube.ch\/en\/shop\/alpen-en-bloc-bouldering-in-the-alps-band-2-oesterreich-suedtirol\/","title":{"rendered":"Alpen en bloc \u2013 bouldering in the Alps (Band 2): \u00d6sterreich &#8211; S\u00fcdtirol"},"content":{"rendered":"<p>Alpen en bloc Band 2 \u2013 Bouldern in \u00d6sterreich und Italien &#8211;\u00a0 inklusive Vertical Life App &#8211; Silvapark, Kaunertal, Pitztal, Zillertal, Algund, Maltatal u.v.m.<br \/>\nZweisprachig\/bilingual: Deutsch\/Englisch, German\/English<\/p>\n<p>Ob f\u00fcr Einheimische, Boulderer mit Vorliebe f\u00fcr alpine Umgebung oder Alpinisten, die zwischen zwei Bergtouren auch gerne mal gediegen Bouldern wollen: &#171;Alpen en bloc&#187; liefert Material genug f\u00fcr Bouldertage ohne Ende. Der zweib\u00e4ndige F\u00fchrer bringt sportliches Klettern, urw\u00fcchsige Natur und chilliges Miteinander gekonnt unter eine M\u00fctze und stellt die besten Spots zwischen Innsbruck und Wien vor: Block f\u00fcr Block, Zug um Zug. Die Auswahl von &#171;Alpen en bloc &#8211; Band 2&#187; reicht vom Silvapark \u00fcber das Kauner- und Pitztal, Algund und die wichtigsten Gebiete S\u00fcdtirols zum Zillertal, und den Attersee bis vor die Tore Wiens. Crashpad zusammenklappen, Schuhe und Kalk einpacken, los geht&#8217;s!<\/p>\n<p>Wether you\u2019re a local, a boulderer loving alpine surroundings or an alpinist enjoying a perfect day\u2019s bouldering between big alpine routes: The new boulder guidebook \u201eAlpen en bloc\u201c will give you plenty of ideas and enough information to fill many days with intense bouldering. Topos and maps are of the utmost quality and accompanied by detailed descriptions and many tips for the different areas.<br \/>\nVolume 2 of \u201eAlpen en Bloc\u201c covers many famous areas, such as Silvapark or the boulders of the Zillertal and South Tirol , but also lesser known spots like the Italian Schwarzbachalm or boulders nearby the doors of Vienna. Pack your chrashpad, shoes and chalk bag, get the book \u2013 and go for it!<\/p>\n<div id=\"product_destinations_tab\" class=\"data item content\" role=\"tabpanel\" data-role=\"content\" aria-labelledby=\"tab-label-product_destinations_tab\" aria-hidden=\"false\">\n<p><strong>\u00d6STERREICH<\/strong><br \/>\n<em>Silvapark<\/em><\/p>\n<p><em>Kaunertal<\/em><\/p>\n<p><em>Pitztal<\/em><\/p>\n<p>Zillertal<br \/>\n1 Breitlaner\/Klausen Alm<br \/>\n2 Kaserler Alm<br \/>\n3 Ginzling<br \/>\n4 Zemmschlucht<br \/>\n5 Sitcom Area<br \/>\n6 Sundergrund<br \/>\n7 Zillergrund<br \/>\n8 Magic Place<br \/>\n9 Igent<\/p>\n<p><em>Felbertauern<\/em><\/p>\n<p><em>Maltatal<\/em><\/p>\n<p><em>Saalachtal<\/em><\/p>\n<p><em>Nieder\u00f6sterreich<\/em><br \/>\n1 Attersee<br \/>\n2 Arsch der Welt<br \/>\n3 Hirschw\u00e4nde<br \/>\n4 Merkenstein<\/p>\n<p><strong>S\u00dcDTIROL<\/strong><br \/>\n1 Aufhofen<br \/>\n2 Gais<br \/>\n3 Pojen<br \/>\n4 Tobl<br \/>\n5 Schwarzbachalm<br \/>\n6 Algund<\/p>\n<\/div>\n<p>4. Auflage 2024, 608 Seiten, 148 x 185 mm, Softcover, komplett 4 Farbig<\/p>","protected":false},"excerpt":{"rendered":"<p>Alpen en bloc Band 2 \u2013 Bouldern in \u00d6sterreich und Italien &#8211;\u00a0 inklusive Vertical Life App &#8211; Silvapark, Kaunertal, Pitztal, Zillertal, Algund, Maltatal u.v.m. Zweisprachig\/bilingual: Deutsch\/Englisch, German\/English Ob f\u00fcr Einheimische, Boulderer mit Vorliebe f\u00fcr alpine Umgebung oder Alpinisten, die zwischen zwei Bergtouren auch gerne mal gediegen Bouldern wollen: &#171;Alpen en bloc&#187; liefert Material genug f\u00fcr [&#8230;]\n","protected":false},"featured_media":173640,"template":"","meta":[],"product_brand":[],"product_cat":[21539],"product_tag":[26842],"class_list":{"0":"post-173639","1":"product","2":"type-product","3":"status-publish","4":"has-post-thumbnail","6":"product_cat-fuehrerliteratur-sportklettern-bouldern","7":"product_tag-alpen-en-bloc-2-alpen-en-block-2","8":"pa_autor-wenter","9":"pa_erscheinungsjahr-27339","10":"pa_region-italien","11":"pa_region-oesterreich","12":"pa_region-uebrigers-europa","13":"pa_sprache-de-en","15":"first","16":"instock","17":"taxable","18":"shipping-taxable","19":"purchasable","20":"product-type-simple"},"_links":{"self":[{"href":"https:\/\/pizbube.ch\/en\/wp-json\/wp\/v2\/product\/173639","targetHints":{"allow":["GET"]}}],"collection":[{"href":"https:\/\/pizbube.ch\/en\/wp-json\/wp\/v2\/product"}],"about":[{"href":"https:\/\/pizbube.ch\/en\/wp-json\/wp\/v2\/types\/product"}],"wp:featuredmedia":[{"embeddable":true,"href":"https:\/\/pizbube.ch\/en\/wp-json\/wp\/v2\/media\/173640"}],"wp:attachment":[{"href":"https:\/\/pizbube.ch\/en\/wp-json\/wp\/v2\/media?parent=173639"}],"wp:term":[{"taxonomy":"product_brand","embeddable":true,"href":"https:\/\/pizbube.ch\/en\/wp-json\/wp\/v2\/product_brand?post=173639"},{"taxonomy":"product_cat","embeddable":true,"href":"https:\/\/pizbube.ch\/en\/wp-json\/wp\/v2\/product_cat?post=173639"},{"taxonomy":"product_tag","embeddable":true,"href":"https:\/\/pizbube.ch\/en\/wp-json\/wp\/v2\/product_tag?post=173639"}],"curies":[{"name":"wp","href":"https:\/\/api.w.org\/{rel}","templated":true}]}}